{"id":6862,"date":"2023-11-21T09:54:12","date_gmt":"2023-11-21T08:54:12","guid":{"rendered":"https:\/\/www.kajometal.eu\/zasady-ochrany-osobnych-udajov\/"},"modified":"2025-11-24T13:59:22","modified_gmt":"2025-11-24T12:59:22","slug":"zasady-ochrany-osobnych-udajov","status":"publish","type":"page","link":"https:\/\/www.kajometal.eu\/en\/zasady-ochrany-osobnych-udajov\/","title":{"rendered":"Z\u00c1SADY OCHRANY OSOBN\u00ddCH \u00daDAJOV"},"content":{"rendered":"<section class=\"wpb-content-wrapper\"><p>[vc_row][vc_column][vc_column_text]<\/p>\n<p>\nPre na\u0161u spolo\u010dnos\u0165 je prioritou chr\u00e1ni\u0165 osobn\u00e9 \u00fadaje z\u00e1kazn\u00edkov v\u00a0zmysle platnej legislat\u00edvy, najm\u00e4 v\u00a0zmysle Nariadenia Eur\u00f3pskeho parlamentu a Rady (E\u00da) 2016\/679 z 27. apr\u00edla 2016 o ochrane fyzick\u00fdch os\u00f4b pri sprac\u00favan\u00ed osobn\u00fdch \u00fadajov a o vo\u013enom pohybe tak\u00fdchto \u00fadajov a\u00a0pod\u013ea ustanoven\u00ed z\u00e1kona \u010d. 18\/2018 Z. z. o ochrane osobn\u00fdch \u00fadajov a o zmene a doplnen\u00ed niektor\u00fdch z\u00e1konov.\n<p>\n<br\/><strong>Identifika\u010dn\u00e9 \u00fadaje prev\u00e1dzkovate\u013ea:<\/strong><br\/>KAJO metal, s.r.o., M. R. \u0160tef\u00e1nika 2270, 02601 Doln\u00fd Kub\u00edn, I\u010cO: 36\u00a0403 067, zap\u00edsan\u00e1 v\u00a0Obchodnom registri Okresn\u00e9ho s\u00fadu \u017dilina, oddiel Sro, vlo\u017eka \u010d. 13327\/L\n<p>\n<strong>Typy sprac\u00favan\u00fdch osobn\u00fdch \u00fadajov<\/strong>\n<p>\nPrev\u00e1dzkovate\u013e sprac\u00fava len tak\u00e9 osobn\u00e9 \u00fadaje, ktor\u00e9 s\u00fa nevyhnutn\u00e9 na to, aby mohol poskytova\u0165 svoje slu\u017eby, pon\u00faka\u0165 svoje produkty a\u00a0zabezpe\u010dova\u0165 z\u00e1kazn\u00edcku podporu a\u00a0v\u017edy v\u00a0takom rozsahu, ktor\u00fd je potrebn\u00fd na naplnenie konkr\u00e9tneho \u00fa\u010delu sprac\u00favania osobn\u00fdch \u00fadajov.<br\/>V\u00a0z\u00e1vislosti od \u00fa\u010delu, Prev\u00e1dzkovate\u013e sprac\u00fava najm\u00e4 tieto \u00fadaje:\n\n<ul class=\"wp-block-list\">\n<li style=\"list-style-type: none;\">\n<ul class=\"wp-block-list\">\n<li>basic identification data &#8211; title, name, surname, billing and delivery address, customer identification number, contract number<\/li>\n\n\n<li>contact details &#8211; e-mail, telephone number, billing and delivery address<\/li>\n\n\n<li>payment data and data relating to payments made<\/li>\n\n\n<li>customer history data &#8211; customer satisfaction rate, cooperation history<\/li>\n\n\n\n\n<p>\n<strong>\u00da\u010del sprac\u00favania osobn\u00fdch \u00fadajov<\/strong>\n<p>\n\u00da\u010delom sprac\u00favania osobn\u00fdch \u00fadajov je najm\u00e4:\n\n<ul class=\"wp-block-list\">\n<li style=\"list-style-type: none;\">\n<ul class=\"wp-block-list\">\n<li>processing of contractual obligations in connection with the provision of the Operator&#8217;s services<\/li>\n\n\n<li>the legitimate interest of the Operator<\/li>\n\n\n<li>compliance with the legal obligations of the Operator<\/li>\n\n\n<li>processing of the accounting agenda<\/li>\n\n\n<li>customer records<\/li>\n\n\n<li>marketing services and informing about news concerning the Operator&#8217;s services, special campaigns and promotional offers<\/li>\n\n\n<li>market research and customer satisfaction survey<\/li>\n\n\n<li>providing a financial benefit to the customer<\/li>\n\n\n<li>processing requests and suggestions<\/li>\n\n\n<li>processing of the personnel and payroll agenda<\/li>\n\n\n\n\n<p>\n<strong>Pr\u00e1vny z\u00e1klad sprac\u00favania osobn\u00fdch \u00fadajov<\/strong>\n<p>\nPr\u00e1vnym z\u00e1kladom sprac\u00favania osobn\u00fdch \u00fadajov je predov\u0161etk\u00fdm sprac\u00favanie:\n\n<ul class=\"wp-block-list\">\n<li style=\"list-style-type: none;\">\n<ul class=\"wp-block-list\">\n<li>on the basis of the contract, without the need to obtain the consent of the data subject contractual relationships<br\/> orders, purchase and sale agreements, etc. In such cases, personal data is processed only to the extent necessary for the conclusion and performance of the relevant contract. For this purpose, the provision of personal data by the Data Subject is entirely voluntary. At the same time, however, it is necessary for the conclusion of the contract and its subsequent administration. Without this information, it will not be possible to conclude the contract.<\/li>\n\n\n<li>on the basis of legitimate interests, without the need for the consent of the Data Subject<\/li>\n\n\n<li>on the basis of a legal regulation, without the need for the consent of the Data Subject (e.g. Act No. 431\/2002 Coll. on Accounting)<\/li>\n\n\n<li>on the basis of the Data Subject&#8217;s consent<br\/>Consent is required when there is no other legal basis for processing personal data and when processing special categories of personal data.<\/li>\n\n\n\n\n<p>\n<strong>Opr\u00e1vnen\u00e9 z\u00e1ujmy prev\u00e1dzkovate\u013ea<\/strong>\n<p>\nPrev\u00e1dzkovate\u013e m\u00f4\u017ee sprac\u00fava\u0165 osobn\u00e9 \u00fadaje na \u00fa\u010del jeho opr\u00e1vnen\u00fdch z\u00e1ujmov alebo opr\u00e1vnen\u00fdch z\u00e1ujmov tretej strany. Tento opr\u00e1vnen\u00fd z\u00e1ujem mus\u00ed preva\u017eova\u0165 nad z\u00e1ujmami Dotknutej osoby.<br\/>Opr\u00e1vnen\u00fdmi z\u00e1ujmami Prev\u00e1dzkovate\u013ea s\u00fa napr\u00edklad:\n\n<ul class=\"wp-block-list\">\n<li style=\"list-style-type: none;\">\n<ul class=\"wp-block-list\">\n<li>providing information on contract management<\/li>\n\n\n<li>direct marketing, unless consent is required by law<\/li>\n\n\n<li>enforcement of legal claims<\/li>\n\n\n<li>further processing in accordance with the purpose for which the personal data was originally collected, provided that all the conditions for lawful processing have been met.<\/li>\n\n\n\n\n<p>\n<strong>Kto m\u00e1 pr\u00edstup k\u00a0va\u0161im \u00fadajom<\/strong>\n<p>\n<strong><br\/><\/strong>Prev\u00e1dzkovate\u013e m\u00f4\u017ee zdie\u013ea\u0165 va\u0161e \u00fadaje s tret\u00edmi stranami za nasledovn\u00fdch okolnost\u00ed:\n\n<ul class=\"wp-block-list\">\n<li style=\"list-style-type: none;\">\n<ul class=\"wp-block-list\">\n<li>We may share your personal data with other third parties acting on our behalf, such as a service provider. In such cases, these third parties may only use your personal information for the purposes described above and only in accordance with our instructions. We have contractually obligated them to comply with the security guidelines governing them in law.<\/li>\n\n\n<li>Personal data will be accessed by our employees. Access is only granted to those who need it in their work for the purposes mentioned above and only if the employee is bound by a duty of confidentiality.<\/li>\n\n\n<li>If required to do so by law or court order, we may share your personal information with, for example, our suppliers or clients, tax authorities, social security offices, law enforcement or other government authorities.<\/li>\n\n\n\n\n<p>\n<strong>Zdroj, z\u00a0ktor\u00e9ho poch\u00e1dzaj\u00fa osobn\u00e9 \u00fadaje<\/strong>\n<p>\nPrev\u00e1dzkovate\u013e z\u00edskava osobn\u00e9 \u00fadaje priamo od Dotknutej osoby alebo od inej ako Dotknutej osoby, napr. od bl\u00edzkej osoby Dotknutej osoby, od zamestn\u00e1vate\u013ea Dotknutej osoby, od spolupracuj\u00faceho subjektu a\u00a0pod.\n<p>\n<strong>Umiestnenie va\u0161ich osobn\u00fdch \u00fadajov<br\/><\/strong><br\/>Va\u0161e osobn\u00e9 \u00fadaje bud\u00fa umiestnen\u00e9 v\u00fdlu\u010dne v\u00a0r\u00e1mci Eur\u00f3pskeho hospod\u00e1rskeho priestoru. Va\u0161e \u00fadaje v\u00a0na\u0161ich syst\u00e9moch chr\u00e1nime v\u00a0najvy\u0161\u0161ej mo\u017enej miere.\n<p>\n<strong>Uchov\u00e1vanie osobn\u00fdch \u00fadajov<\/strong>\n<p>\nVa\u0161e osobn\u00e9 \u00fadaje uchov\u00e1vame na obmedzen\u00fd \u010das a tieto \u00fadaje bud\u00fa vymazan\u00e9, ke\u010f u\u017e nebud\u00fa potrebn\u00e9 na \u00fa\u010dely spracovania. Vo v\u00e4\u010d\u0161ine pr\u00edpadov to znamen\u00e1, \u017ee uchov\u00e1me va\u0161e \u00fadaje po\u010das trvania V\u00e1\u0161ho vz\u0165ahu s nami. Pokia\u013e je to mo\u017en\u00e9, \u00fadaje vyma\u017eeme e\u0161te po\u010das V\u00e1\u0161ho vz\u0165ahu s nami, ako n\u00e1hle u\u017e nebud\u00fa potrebn\u00e9. V ka\u017edom pr\u00edpade, va\u0161e osobn\u00e9 z\u00e1znamy vyma\u017eeme najnesk\u00f4r do uplynutia z\u00e1konn\u00fdch leh\u00f4t po skon\u010den\u00ed zmluvn\u00e9ho vz\u0165ahu, pokia\u013e\u00a0legislat\u00edva nevy\u017eaduje ich uchov\u00e1vanie.<br\/>Va\u0161e osobn\u00e9 \u00fadaje m\u00f4\u017eeme spracov\u00e1va\u0165 po dlh\u0161iu dobu po ukon\u010den\u00ed vz\u0165ahu v pr\u00edpade pretrv\u00e1vaj\u00faceho pr\u00e1vneho sporu alebo ak ste n\u00e1m udelili povolenie na dlhodob\u00e9 uchov\u00e1vanie va\u0161ich osobn\u00fdch \u00fadajov.\n<p>\n<strong>Pr\u00e1va dotknutej osoby<\/strong>\n<p>\nDotknut\u00e1 osoba m\u00e1 v s\u00favislosti so sprac\u00favan\u00edm jej osobn\u00fdch \u00fadajov ni\u017e\u0161ie uveden\u00e9 pr\u00e1va.\n<p>\n<strong>Pr\u00e1vo na pr\u00edstup k osobn\u00fdm \u00fadajom<\/strong><br\/>Dotknut\u00e1 osoba m\u00e1 pr\u00e1vo z\u00edska\u0165 potvrdenie o tom, \u010di sa sprac\u00favaj\u00fa osobn\u00e9 \u00fadaje, ktor\u00e9 sa jej t\u00fdkaj\u00fa. Ak sa osobn\u00e9 \u00fadaje sprac\u00favaj\u00fa m\u00e1 pr\u00e1vo z\u00edska\u0165 pr\u00edstup k t\u00fdmto osobn\u00fdm \u00fadajom spolu s inform\u00e1ciami o \u00fa\u010dele sprac\u00favania, kateg\u00f3ri\u00e1ch sprac\u00favan\u00fdch osobn\u00fdch \u00fadajov, pr\u00edjemcoch alebo kateg\u00f3ri\u00e1ch pr\u00edjemcov, dobe uchov\u00e1vania osobn\u00fdch \u00fadajov, o pr\u00e1ve na opravu osobn\u00fdch \u00fadajov, ich vymazanie, obmedzenie alebo namietanie ich sprac\u00favania, \u010falej o pr\u00e1ve poda\u0165 s\u0165a\u017enos\u0165 \u00daradu pre ochranu osobn\u00fdch \u00fadajov. Dotknut\u00e1 osoba m\u00e1 pr\u00e1vo na poskytnutie k\u00f3pi\u00ed sprac\u00favan\u00fdch osobn\u00fdch \u00fadajov.\n<p>\n<strong>Pr\u00e1vo na opravu osobn\u00fdch \u00fadajov<\/strong><br\/>Dotknut\u00e1 osoba m\u00e1 pr\u00e1vo na to, aby Prev\u00e1dzkovate\u013e opravil nespr\u00e1vne osobn\u00e9 \u00fadaje alebo doplnil ne\u00fapln\u00e9 osobn\u00e9 \u00fadaje.\n<p>\n<strong>Pr\u00e1vo na vymazanie osobn\u00fdch \u00fadajov<\/strong><br\/>Dotknut\u00e1 osoba m\u00e1 pr\u00e1vo na to, aby Prev\u00e1dzkovate\u013e vymazal jej osobn\u00e9 \u00fadaje, ak s\u00fa splnen\u00e9 z\u00e1konn\u00e9 predpoklady na v\u00fdmaz. Pr\u00e1vo na v\u00fdmaz osobn\u00fdch \u00fadajov Dotknut\u00e1 osoba nem\u00e1 napr. ak je sprac\u00favanie osobn\u00fdch \u00fadajov potrebn\u00e9 na uplatnenie pr\u00e1va na slobodu prejavu alebo pr\u00e1va na inform\u00e1cie, za \u00fa\u010del archiv\u00e1cie, na splnenie si z\u00e1konnej povinnosti a\u00a0pod.\n<p>\n<strong>Pr\u00e1vo na obmedzenie sprac\u00favania osobn\u00fdch \u00fadajov<\/strong><br\/>Dotknut\u00e1 osoba m\u00e1 pr\u00e1vo na to, aby Prev\u00e1dzkovate\u013e obmedzil sprac\u00favanie osobn\u00fdch \u00fadajov na najnevyhnutnej\u0161ie z\u00e1konn\u00e9 d\u00f4vody.\n<p>\n<strong>Pr\u00e1vo na prenosnos\u0165 osobn\u00fdch \u00fadajov<\/strong><br\/>Dotknut\u00e1 osoba m\u00e1 pr\u00e1vo z\u00edska\u0165 osobn\u00e9 \u00fadaje, ktor\u00e9 sa jej t\u00fdkaj\u00fa a ktor\u00e9 poskytla Prev\u00e1dzkovate\u013eovi, v \u0161trukt\u00farovanom, be\u017ene pou\u017e\u00edvanom a strojovo \u010ditate\u013enom form\u00e1te a m\u00e1 pr\u00e1vo prenies\u0165 tieto osobn\u00e9 \u00fadaje \u010fal\u0161iemu prev\u00e1dzkovate\u013eovi, ak je to technicky mo\u017en\u00e9 a\u00a0ak s\u00fa splnen\u00e9 \u010fal\u0161ie z\u00e1konn\u00e9 po\u017eiadavky. Uplatnen\u00edm tohto pr\u00e1va nie je dotknut\u00e9 pr\u00e1vo na v\u00fdmaz osobn\u00fdch \u00fadajov.\n<p>\n<strong>Pr\u00e1vo namieta\u0165 sprac\u00favanie osobn\u00fdch \u00fadajov<\/strong><br\/>Dotknut\u00e1 osoba m\u00e1 pr\u00e1vo namieta\u0165 sprac\u00favanie jej osobn\u00fdch \u00fadajov z d\u00f4vodu t\u00fdkaj\u00faceho sa jej konkr\u00e9tnej situ\u00e1cie vykon\u00e1van\u00e9 na \u00fa\u010del opr\u00e1vnen\u00fdch z\u00e1ujmov Prev\u00e1dzkovate\u013ea alebo tretej strany, pokia\u013e Prev\u00e1dzkovate\u013e nepreuk\u00e1\u017ee nevyhnutn\u00e9 opr\u00e1vnen\u00e9 z\u00e1ujmy na sprac\u00favanie osobn\u00fdch \u00fadajov, ktor\u00e9 preva\u017euj\u00fa nad pr\u00e1vami alebo z\u00e1ujmami Dotknutej osoby alebo d\u00f4vody na uplatnenie pr\u00e1vneho n\u00e1roku. Dotknut\u00e1 osoba m\u00e1 pr\u00e1vo namieta\u0165 sprac\u00favanie osobn\u00fdch \u00fadajov na \u00fa\u010del priameho marketingu vr\u00e1tane profilovania.\n<p>\n<strong>Pr\u00e1vo odvola\u0165\u00a0s\u00fahlas\u00a0<\/strong><br\/>Dotknut\u00e1 osoba m\u00e1 pr\u00e1vo kedyko\u013evek odvola\u0165 s\u00fahlas so spracovan\u00edm osobn\u00fdch \u00fadajov, ktor\u00e9 sa jej t\u00fdkaj\u00fa. Odvolanie s\u00fahlasu nem\u00e1 vplyv na z\u00e1konnos\u0165 sprac\u00favania osobn\u00fdch \u00fadajov zalo\u017een\u00e9ho na s\u00fahlase pred jeho odvolan\u00edm.\n<p>\n<strong>Ako sa m\u00f4\u017eem s\u0165a\u017eova\u0165 oh\u013eadom pou\u017e\u00edvania mojich \u00fadajov alebo ako si uplatn\u00edm svoje pr\u00e1va\u00a0<\/strong><br\/>Ak chcete poda\u0165 s\u0165a\u017enos\u0165 na to, ako spracov\u00e1vame va\u0161e osobn\u00e9 \u00fadaje, a to aj vo vz\u0165ahu k vy\u0161\u0161ie uveden\u00fdm pr\u00e1vam, m\u00f4\u017eete sa obr\u00e1ti\u0165 na n\u00e1s na mailovej adrese\u00a0kajometal@kajometal.sk\u00a0a va\u0161e podnety a \u017eiadosti bud\u00fa preveren\u00e9.<br\/>Ak s na\u0161ou odpove\u010fou nebudete spokojn\u00ed, alebo sa domnievate, \u017ee spracov\u00e1vame va\u0161e \u00fadaje nespravodlivo alebo nez\u00e1konne, m\u00f4\u017eete sa s\u0165a\u017eova\u0165 na pr\u00edslu\u0161nom dozornom org\u00e1ne, ktor\u00fdm je \u00darad na ochranu osobn\u00fdch \u00fadajov, napr\u00edklad prostredn\u00edctvom www.dataprotection.gov.sk\n<p>\n<strong>Dobrovo\u013enos\u0165 poskytnutia osobn\u00fdch \u00fadajov<\/strong>\n<p>\nD\u00f4vodom poskytovania osobn\u00fdch \u00fadajov zo strany Dotknutej osoby je predov\u0161etk\u00fdm plnenie zmluvy, alebo plnenie povinnost\u00ed ustanoven\u00fdch z\u00e1konom, pr\u00edpadne poskytovanie inform\u00e1ci\u00ed s\u00favisiacich so slu\u017ebami Prev\u00e1dzkovate\u013ea.<br\/>Poskytnutie osobn\u00fdch \u00fadajov zo strany Dotknutej osoby je v\u00fdlu\u010dne\u00a0dobrovo\u013en\u00e9.<br\/>V\u00a0pr\u00edpade, \u017ee Dotknut\u00e1 osoba (z\u00e1kazn\u00edk \/ potenci\u00e1lny z\u00e1kazn\u00edk) neposkytne osobn\u00e9 \u00fadaje nevyhnutn\u00e9 pre uzatvorenie objedn\u00e1vky alebo zmluvy, pr\u00edpadne za in\u00fdm \u00fa\u010delom, uveden\u00e9 bude pova\u017eovan\u00e9 za nez\u00e1ujem Z\u00e1kazn\u00edka vyu\u017ei\u0165 \u0148ou pon\u00fakan\u00e9 slu\u017eby.\n<p><\/p><p>[\/vc_column_text][\/vc_column][\/vc_row][vc_row][vc_column][vc_raw_html]PHA+S0FKT21ldGFsIHMuci5vLiB1c2VzIHByb2R1Y3RzIGFuZCBzZXJ2aWNlcyBmb3IgYW5hbHlzaXMgYW5kIG1hcmtldGluZyBwdXJwb3NlcyB0aGF0IGFyZSBwcm92aWRlZCBieSBWaXNhYmxlIEdtYkggKHd3dy52aXNhYmxlLmNvbSkgaW4gY29vcGVyYXRpb24gd2l0aCB1cy4gRm9yIHRoaXMgcHVycG9zZSwgcGl4ZWwgY29kZSB0ZWNobm9sb2d5IGlzIHVzZWQsIHdoaWNoIGFsbG93cyBkYXRhIHRvIGJlIGNvbGxlY3RlZCwgcHJvY2Vzc2VkIGFuZCBzdG9yZWQgaW4gb3JkZXIgdG8gY3JlYXRlIGF0IGxlYXN0IHBzZXVkb255bWlzZWQgYW5kLCB3aGVyZSBwb3NzaWJsZSBhbmQgYXBwcm9wcmlhdGUsIGNvbXBsZXRlbHkgYW5vbnltb3VzIHVzZXIgcHJvZmlsZXMuCgpUaGUgZGF0YSBjb2xsZWN0ZWQsIHdoaWNoIG1heSBpbml0aWFsbHkgYWxzbyBjb250YWluIHBlcnNvbmFsIGRhdGEsIGlzIHNlbnQgdG8gVmlzYWJsZSBvciBpcyBkaXJlY3RseSBjb2xsZWN0ZWQgYnkgVmlzYWJsZSBhbmQgdXNlZCB0byBjcmVhdGUgdGhlIHVzZXIgcHJvZmlsZXMgZGVzY3JpYmVkIGFib3ZlLiBWaXNpdG9ycyB0byB0aGlzIHdlYnNpdGUgYXJlIG5vdCBwZXJzb25hbGx5IGlkZW50aWZpZWQgYW5kIG5vIG90aGVyIHBlcnNvbmFsIGluZm9ybWF0aW9uIGlzIGFzc29jaWF0ZWQgd2l0aCB1c2VyIHByb2ZpbGVzLiBJZiB0aGUgSVAgYWRkcmVzcyBpcyBpZGVudGlmaWVkIGFzIHBlcnNvbmFsLCBpdCBpcyBkZWxldGVkIGltbWVkaWF0ZWx5LjwvcD4KCjxwPllvdSBtYXkgb2JqZWN0IHRvIHRoZSBkYXRhIHByb2Nlc3NpbmcgZGVzY3JpYmVkIGFib3ZlIGF0IGFueSB0aW1lIGluIHRoZSBmdXR1cmUgYnkgY2xpY2tpbmcgb24gdGhlIGZvbGxvd2luZyBsaW5rOjwvcD4KPGEgb25jbGljaz0iYWxlcnQoJ1ZhxaFlIG7DoXbFoXRldnkgdcW+IG5lYnVkw7ogemF6bmFtZW7DoXZhbsOpLicpOyIgaHJlZj0iamF2YXNjcmlwdDp2aXNhYmxlTGVhZHMub3B0T3V0KCkiPkV4Y2x1ZGUgbG9nZ2luZyBvZiB2aXNpdHM8L2E+Cg==[\/vc_raw_html][\/vc_column][\/vc_row][vc_row][vc_column][vc_column_text]<\/p>\n<p><strong>Contact details<\/strong><\/p>\n<p><!-- \/wp:post-content --><\/p>\n<p><!-- wp:paragraph -->If you have any further questions about the processing of your personal data, you can contact us via our correspondence address listed on our website <a href=\"http:\/\/www.kajometal.eu\">www.kajometal.eu<\/a> or by email at <a href=\"mailto:kajometal@kajometal.sk\">kajometal@kajometal.sk<\/a><\/p>\n<p><!-- \/wp:paragraph --><\/p>\n<p>&nbsp;<\/p>\n<p>[\/vc_column_text][\/vc_column][\/vc_row]<\/p>\n<\/section>","protected":false},"excerpt":{"rendered":"<p>[vc_row][vc_column][vc_column_text] Pre na\u0161u spolo\u010dnos\u0165 je prioritou chr\u00e1ni\u0165 osobn\u00e9 \u00fadaje z\u00e1kazn\u00edkov v\u00a0zmysle platnej legislat\u00edvy, najm\u00e4 v\u00a0zmysle Nariadenia Eur\u00f3pskeho parlamentu a Rady (E\u00da) 2016\/679 z 27. apr\u00edla 2016 o ochrane fyzick\u00fdch os\u00f4b&#8230;<\/p>\n","protected":false},"author":1,"featured_media":0,"parent":0,"menu_order":0,"comment_status":"closed","ping_status":"open","template":"","meta":{"footnotes":""},"class_list":["post-6862","page","type-page","status-publish","hentry"],"yoast_head":"<!-- This site is optimized with the Yoast SEO plugin v22.4 - https:\/\/yoast.com\/wordpress\/plugins\/seo\/ -->\n<title>Z\u00c1SADY OCHRANY OSOBN\u00ddCH \u00daDAJOV - KAJOmetal s.r.o.<\/title>\n<meta name=\"robots\" content=\"index, follow, max-snippet:-1, max-image-preview:large, max-video-preview:-1\" \/>\n<link rel=\"canonical\" href=\"https:\/\/www.kajometal.eu\/en\/zasady-ochrany-osobnych-udajov\/\" \/>\n<meta property=\"og:locale\" content=\"en_US\" \/>\n<meta property=\"og:type\" content=\"article\" \/>\n<meta property=\"og:title\" content=\"Z\u00c1SADY OCHRANY OSOBN\u00ddCH \u00daDAJOV - KAJOmetal s.r.o.\" \/>\n<meta property=\"og:description\" content=\"[vc_row][vc_column][vc_column_text] Pre na\u0161u spolo\u010dnos\u0165 je prioritou chr\u00e1ni\u0165 osobn\u00e9 \u00fadaje z\u00e1kazn\u00edkov v\u00a0zmysle platnej legislat\u00edvy, najm\u00e4 v\u00a0zmysle Nariadenia Eur\u00f3pskeho parlamentu a Rady (E\u00da) 2016\/679 z 27. apr\u00edla 2016 o ochrane fyzick\u00fdch os\u00f4b...\" \/>\n<meta property=\"og:url\" content=\"https:\/\/www.kajometal.eu\/en\/zasady-ochrany-osobnych-udajov\/\" \/>\n<meta property=\"og:site_name\" content=\"KAJOmetal s.r.o.\" \/>\n<meta property=\"article:modified_time\" content=\"2025-11-24T12:59:22+00:00\" \/>\n<meta name=\"twitter:card\" content=\"summary_large_image\" \/>\n<meta name=\"twitter:label1\" content=\"Est. reading time\" \/>\n\t<meta name=\"twitter:data1\" content=\"10 minutes\" \/>\n<script type=\"application\/ld+json\" class=\"yoast-schema-graph\">{\"@context\":\"https:\/\/schema.org\",\"@graph\":[{\"@type\":\"WebPage\",\"@id\":\"https:\/\/www.kajometal.eu\/en\/zasady-ochrany-osobnych-udajov\/\",\"url\":\"https:\/\/www.kajometal.eu\/en\/zasady-ochrany-osobnych-udajov\/\",\"name\":\"Z\u00c1SADY OCHRANY OSOBN\u00ddCH \u00daDAJOV - KAJOmetal s.r.o.\",\"isPartOf\":{\"@id\":\"https:\/\/www.kajometal.eu\/en\/#website\"},\"datePublished\":\"2023-11-21T08:54:12+00:00\",\"dateModified\":\"2025-11-24T12:59:22+00:00\",\"breadcrumb\":{\"@id\":\"https:\/\/www.kajometal.eu\/en\/zasady-ochrany-osobnych-udajov\/#breadcrumb\"},\"inLanguage\":\"en-US\",\"potentialAction\":[{\"@type\":\"ReadAction\",\"target\":[\"https:\/\/www.kajometal.eu\/en\/zasady-ochrany-osobnych-udajov\/\"]}]},{\"@type\":\"BreadcrumbList\",\"@id\":\"https:\/\/www.kajometal.eu\/en\/zasady-ochrany-osobnych-udajov\/#breadcrumb\",\"itemListElement\":[{\"@type\":\"ListItem\",\"position\":1,\"name\":\"Domovsk\u00e1 str\u00e1nka\",\"item\":\"https:\/\/www.kajometal.eu\/en\/\"},{\"@type\":\"ListItem\",\"position\":2,\"name\":\"Z\u00c1SADY OCHRANY OSOBN\u00ddCH \u00daDAJOV\"}]},{\"@type\":\"WebSite\",\"@id\":\"https:\/\/www.kajometal.eu\/en\/#website\",\"url\":\"https:\/\/www.kajometal.eu\/en\/\",\"name\":\"KAJOmetal s.r.o.\",\"description\":\"V\u00fdroba klzn\u00fdch lo\u017e\u00edsk\",\"potentialAction\":[{\"@type\":\"SearchAction\",\"target\":{\"@type\":\"EntryPoint\",\"urlTemplate\":\"https:\/\/www.kajometal.eu\/en\/?s={search_term_string}\"},\"query-input\":\"required name=search_term_string\"}],\"inLanguage\":\"en-US\"}]}<\/script>\n<!-- \/ Yoast SEO plugin. -->","yoast_head_json":{"title":"Z\u00c1SADY OCHRANY OSOBN\u00ddCH \u00daDAJOV - KAJOmetal s.r.o.","robots":{"index":"index","follow":"follow","max-snippet":"max-snippet:-1","max-image-preview":"max-image-preview:large","max-video-preview":"max-video-preview:-1"},"canonical":"https:\/\/www.kajometal.eu\/en\/zasady-ochrany-osobnych-udajov\/","og_locale":"en_US","og_type":"article","og_title":"Z\u00c1SADY OCHRANY OSOBN\u00ddCH \u00daDAJOV - KAJOmetal s.r.o.","og_description":"[vc_row][vc_column][vc_column_text] Pre na\u0161u spolo\u010dnos\u0165 je prioritou chr\u00e1ni\u0165 osobn\u00e9 \u00fadaje z\u00e1kazn\u00edkov v\u00a0zmysle platnej legislat\u00edvy, najm\u00e4 v\u00a0zmysle Nariadenia Eur\u00f3pskeho parlamentu a Rady (E\u00da) 2016\/679 z 27. apr\u00edla 2016 o ochrane fyzick\u00fdch os\u00f4b...","og_url":"https:\/\/www.kajometal.eu\/en\/zasady-ochrany-osobnych-udajov\/","og_site_name":"KAJOmetal s.r.o.","article_modified_time":"2025-11-24T12:59:22+00:00","twitter_card":"summary_large_image","twitter_misc":{"Est. reading time":"10 minutes"},"schema":{"@context":"https:\/\/schema.org","@graph":[{"@type":"WebPage","@id":"https:\/\/www.kajometal.eu\/en\/zasady-ochrany-osobnych-udajov\/","url":"https:\/\/www.kajometal.eu\/en\/zasady-ochrany-osobnych-udajov\/","name":"Z\u00c1SADY OCHRANY OSOBN\u00ddCH \u00daDAJOV - KAJOmetal s.r.o.","isPartOf":{"@id":"https:\/\/www.kajometal.eu\/en\/#website"},"datePublished":"2023-11-21T08:54:12+00:00","dateModified":"2025-11-24T12:59:22+00:00","breadcrumb":{"@id":"https:\/\/www.kajometal.eu\/en\/zasady-ochrany-osobnych-udajov\/#breadcrumb"},"inLanguage":"en-US","potentialAction":[{"@type":"ReadAction","target":["https:\/\/www.kajometal.eu\/en\/zasady-ochrany-osobnych-udajov\/"]}]},{"@type":"BreadcrumbList","@id":"https:\/\/www.kajometal.eu\/en\/zasady-ochrany-osobnych-udajov\/#breadcrumb","itemListElement":[{"@type":"ListItem","position":1,"name":"Domovsk\u00e1 str\u00e1nka","item":"https:\/\/www.kajometal.eu\/en\/"},{"@type":"ListItem","position":2,"name":"Z\u00c1SADY OCHRANY OSOBN\u00ddCH \u00daDAJOV"}]},{"@type":"WebSite","@id":"https:\/\/www.kajometal.eu\/en\/#website","url":"https:\/\/www.kajometal.eu\/en\/","name":"KAJOmetal s.r.o.","description":"V\u00fdroba klzn\u00fdch lo\u017e\u00edsk","potentialAction":[{"@type":"SearchAction","target":{"@type":"EntryPoint","urlTemplate":"https:\/\/www.kajometal.eu\/en\/?s={search_term_string}"},"query-input":"required name=search_term_string"}],"inLanguage":"en-US"}]}},"_links":{"self":[{"href":"https:\/\/www.kajometal.eu\/en\/wp-json\/wp\/v2\/pages\/6862","targetHints":{"allow":["GET"]}}],"collection":[{"href":"https:\/\/www.kajometal.eu\/en\/wp-json\/wp\/v2\/pages"}],"about":[{"href":"https:\/\/www.kajometal.eu\/en\/wp-json\/wp\/v2\/types\/page"}],"author":[{"embeddable":true,"href":"https:\/\/www.kajometal.eu\/en\/wp-json\/wp\/v2\/users\/1"}],"replies":[{"embeddable":true,"href":"https:\/\/www.kajometal.eu\/en\/wp-json\/wp\/v2\/comments?post=6862"}],"version-history":[{"count":2,"href":"https:\/\/www.kajometal.eu\/en\/wp-json\/wp\/v2\/pages\/6862\/revisions"}],"predecessor-version":[{"id":6870,"href":"https:\/\/www.kajometal.eu\/en\/wp-json\/wp\/v2\/pages\/6862\/revisions\/6870"}],"wp:attachment":[{"href":"https:\/\/www.kajometal.eu\/en\/wp-json\/wp\/v2\/media?parent=6862"}],"curies":[{"name":"wp","href":"https:\/\/api.w.org\/{rel}","templated":true}]}}