{"id":5662,"date":"2024-01-22T09:48:28","date_gmt":"2024-01-22T08:48:28","guid":{"rendered":"https:\/\/www.kajometal.eu\/b50-rozmery-nazov\/"},"modified":"2026-03-09T10:46:46","modified_gmt":"2026-03-09T09:46:46","slug":"b50-metric-sliding-plate","status":"publish","type":"page","link":"https:\/\/www.kajometal.eu\/en\/b50-metric-sliding-plate\/","title":{"rendered":"B50 Metric Sliding Plate"},"content":{"rendered":"<section class=\"wpb-content-wrapper\"><p>[vc_row][vc_column]<div class=\"mgt-header-block clearfix text-center text-white wpb_content_element  mgt-header-block-style-1 mgt-header-texttransform-header  vc_custom_1708941375962\"><h2 class=\"mgt-header-block-title\">B50 Metric Sliding Plate<\/h2><\/div>[vc_empty_space height=&#8221;50px&#8221;][\/vc_column][\/vc_row][vc_row][vc_column width=&#8221;1\/4&#8243;][vc_single_image image=&#8221;4791&#8243; img_size=&#8221;full&#8221; alignment=&#8221;right&#8221; css=&#8221;.vc_custom_1708942798051{padding-top: 50px !important;}&#8221;][vc_empty_space height=&#8221;50px&#8221;][\/vc_column][vc_column width=&#8221;3\/4&#8243;][vc_single_image image=&#8221;5703&#8243; img_size=&#8221;full&#8221; alignment=&#8221;center&#8221;][\/vc_column][\/vc_row][vc_row css=&#8221;.vc_custom_1702544229520{background-color: #ffffff !important;}&#8221;][vc_column width=&#8221;1\/2&#8243;]<div class=\"mgt-header-block clearfix text-left text-black wpb_content_element  mgt-header-block-style-1 mgt-header-texttransform-header \"><h2 class=\"mgt-header-block-title\">SEND INQUIRY<\/h2><p class=\"mgt-header-block-subtitle\">Select a product in the configurator, request a quote, or place an order.<\/p><\/div>[vc_empty_space][\/vc_column][vc_column width=&#8221;1\/2&#8243;][vc_empty_space height=&#8221;50px&#8221;][vc_btn title=&#8221;Product Configurator&#8221; style=&#8221;custom&#8221; custom_background=&#8221;#06847e&#8221; custom_text=&#8221;#ffffff&#8221; size=&#8221;lg&#8221; align=&#8221;center&#8221; link=&#8221;url:https%3A%2F%2Fwww.kajometal-products.com%2Fb50-sliding-plate|target:_blank&#8221;][\/vc_column][\/vc_row][vc_row css=&#8221;.vc_custom_1702544229520{background-color: #ffffff !important;}&#8221;][vc_column][vc_separator color=&#8221;custom&#8221; border_width=&#8221;2&#8243; accent_color=&#8221;#06847e&#8221;]<div class=\"mgt-header-block clearfix text-left text-black wpb_content_element  mgt-header-block-style-1 mgt-header-texttransform-header \"><h2 class=\"mgt-header-block-title\">Dimensions Table<\/h2><p class=\"mgt-header-block-subtitle\">Product dimensions for download.<\/p><\/div>[\/vc_column][\/vc_row][vc_row][vc_column][vc_empty_space][vc_single_image image=&#8221;4820&#8243; img_size=&#8221;large&#8221; alignment=&#8221;center&#8221; onclick=&#8221;custom_link&#8221; img_link_target=&#8221;_blank&#8221; link=&#8221;https:\/\/www.kajometal.eu\/wp-content\/uploads\/2024\/01\/TAB-B50_5-KAJOmetal.pdf&#8221;][vc_column_text]<\/p>\n<p style=\"text-align: center;\"><a href=\"https:\/\/www.kajometal.eu\/wp-content\/uploads\/2024\/01\/TAB-B50_5-KAJOmetal.pdf\" target=\"_blank\" rel=\"noopener\">Download<\/a><\/p>\n<p>[\/vc_column_text][vc_empty_space height=&#8221;50px&#8221;][\/vc_column][\/vc_row]<\/p>\n<\/section>","protected":false},"excerpt":{"rendered":"<p>[vc_row][vc_column][vc_empty_space height=&#8221;50px&#8221;][\/vc_column][\/vc_row][vc_row][vc_column width=&#8221;1\/4&#8243;][vc_single_image image=&#8221;4791&#8243; img_size=&#8221;full&#8221; alignment=&#8221;right&#8221; css=&#8221;.vc_custom_1708942798051{padding-top: 50px !important;}&#8221;][vc_empty_space height=&#8221;50px&#8221;][\/vc_column][vc_column width=&#8221;3\/4&#8243;][vc_single_image image=&#8221;5703&#8243; img_size=&#8221;full&#8221; alignment=&#8221;center&#8221;][\/vc_column][\/vc_row][vc_row css=&#8221;.vc_custom_1702544229520{background-color: #ffffff !important;}&#8221;][vc_column width=&#8221;1\/2&#8243;][vc_empty_space][\/vc_column][vc_column width=&#8221;1\/2&#8243;][vc_empty_space height=&#8221;50px&#8221;][vc_btn title=&#8221;Product Configurator&#8221; style=&#8221;custom&#8221; custom_background=&#8221;#06847e&#8221; custom_text=&#8221;#ffffff&#8221; size=&#8221;lg&#8221; align=&#8221;center&#8221; link=&#8221;url:https%3A%2F%2Fwww.kajometal-products.com%2Fb50-sliding-plate|target:_blank&#8221;][\/vc_column][\/vc_row][vc_row css=&#8221;.vc_custom_1702544229520{background-color: #ffffff&#8230;<\/p>\n","protected":false},"author":1,"featured_media":0,"parent":0,"menu_order":0,"comment_status":"closed","ping_status":"closed","template":"","meta":{"footnotes":""},"class_list":["post-5662","page","type-page","status-publish","hentry"],"yoast_head":"<!-- This site is optimized with the Yoast SEO plugin v22.4 - https:\/\/yoast.com\/wordpress\/plugins\/seo\/ -->\n<title>B50 Metric Sliding Plate - KAJOmetal s.r.o.<\/title>\n<meta name=\"description\" content=\"B50 Cast bronze with graphite inserts\" \/>\n<meta name=\"robots\" content=\"index, follow, max-snippet:-1, max-image-preview:large, max-video-preview:-1\" \/>\n<link rel=\"canonical\" href=\"https:\/\/www.kajometal.eu\/en\/b50-metric-sliding-plate\/\" \/>\n<meta property=\"og:locale\" content=\"en_US\" \/>\n<meta property=\"og:type\" content=\"article\" \/>\n<meta property=\"og:title\" content=\"B50 Metric Sliding Plate - KAJOmetal s.r.o.\" \/>\n<meta property=\"og:description\" content=\"B50 Cast bronze with graphite inserts\" \/>\n<meta property=\"og:url\" content=\"https:\/\/www.kajometal.eu\/en\/b50-metric-sliding-plate\/\" \/>\n<meta property=\"og:site_name\" content=\"KAJOmetal s.r.o.\" \/>\n<meta property=\"article:modified_time\" content=\"2026-03-09T09:46:46+00:00\" \/>\n<meta name=\"twitter:card\" content=\"summary_large_image\" \/>\n<meta name=\"twitter:label1\" content=\"Est. reading time\" \/>\n\t<meta name=\"twitter:data1\" content=\"2 minutes\" \/>\n<script type=\"application\/ld+json\" class=\"yoast-schema-graph\">{\"@context\":\"https:\/\/schema.org\",\"@graph\":[{\"@type\":\"WebPage\",\"@id\":\"https:\/\/www.kajometal.eu\/en\/b50-metric-sliding-plate\/\",\"url\":\"https:\/\/www.kajometal.eu\/en\/b50-metric-sliding-plate\/\",\"name\":\"B50 Metric Sliding Plate - KAJOmetal s.r.o.\",\"isPartOf\":{\"@id\":\"https:\/\/www.kajometal.eu\/en\/#website\"},\"datePublished\":\"2024-01-22T08:48:28+00:00\",\"dateModified\":\"2026-03-09T09:46:46+00:00\",\"description\":\"B50 Cast bronze with graphite inserts\",\"breadcrumb\":{\"@id\":\"https:\/\/www.kajometal.eu\/en\/b50-metric-sliding-plate\/#breadcrumb\"},\"inLanguage\":\"en-US\",\"potentialAction\":[{\"@type\":\"ReadAction\",\"target\":[\"https:\/\/www.kajometal.eu\/en\/b50-metric-sliding-plate\/\"]}]},{\"@type\":\"BreadcrumbList\",\"@id\":\"https:\/\/www.kajometal.eu\/en\/b50-metric-sliding-plate\/#breadcrumb\",\"itemListElement\":[{\"@type\":\"ListItem\",\"position\":1,\"name\":\"Domovsk\u00e1 str\u00e1nka\",\"item\":\"https:\/\/www.kajometal.eu\/en\/\"},{\"@type\":\"ListItem\",\"position\":2,\"name\":\"B50 Metric Sliding Plate\"}]},{\"@type\":\"WebSite\",\"@id\":\"https:\/\/www.kajometal.eu\/en\/#website\",\"url\":\"https:\/\/www.kajometal.eu\/en\/\",\"name\":\"KAJOmetal s.r.o.\",\"description\":\"V\u00fdroba klzn\u00fdch lo\u017e\u00edsk\",\"potentialAction\":[{\"@type\":\"SearchAction\",\"target\":{\"@type\":\"EntryPoint\",\"urlTemplate\":\"https:\/\/www.kajometal.eu\/en\/?s={search_term_string}\"},\"query-input\":\"required name=search_term_string\"}],\"inLanguage\":\"en-US\"}]}<\/script>\n<!-- \/ Yoast SEO plugin. -->","yoast_head_json":{"title":"B50 Metric Sliding Plate - KAJOmetal s.r.o.","description":"B50 Cast bronze with graphite inserts","robots":{"index":"index","follow":"follow","max-snippet":"max-snippet:-1","max-image-preview":"max-image-preview:large","max-video-preview":"max-video-preview:-1"},"canonical":"https:\/\/www.kajometal.eu\/en\/b50-metric-sliding-plate\/","og_locale":"en_US","og_type":"article","og_title":"B50 Metric Sliding Plate - KAJOmetal s.r.o.","og_description":"B50 Cast bronze with graphite inserts","og_url":"https:\/\/www.kajometal.eu\/en\/b50-metric-sliding-plate\/","og_site_name":"KAJOmetal s.r.o.","article_modified_time":"2026-03-09T09:46:46+00:00","twitter_card":"summary_large_image","twitter_misc":{"Est. reading time":"2 minutes"},"schema":{"@context":"https:\/\/schema.org","@graph":[{"@type":"WebPage","@id":"https:\/\/www.kajometal.eu\/en\/b50-metric-sliding-plate\/","url":"https:\/\/www.kajometal.eu\/en\/b50-metric-sliding-plate\/","name":"B50 Metric Sliding Plate - KAJOmetal s.r.o.","isPartOf":{"@id":"https:\/\/www.kajometal.eu\/en\/#website"},"datePublished":"2024-01-22T08:48:28+00:00","dateModified":"2026-03-09T09:46:46+00:00","description":"B50 Cast bronze with graphite inserts","breadcrumb":{"@id":"https:\/\/www.kajometal.eu\/en\/b50-metric-sliding-plate\/#breadcrumb"},"inLanguage":"en-US","potentialAction":[{"@type":"ReadAction","target":["https:\/\/www.kajometal.eu\/en\/b50-metric-sliding-plate\/"]}]},{"@type":"BreadcrumbList","@id":"https:\/\/www.kajometal.eu\/en\/b50-metric-sliding-plate\/#breadcrumb","itemListElement":[{"@type":"ListItem","position":1,"name":"Domovsk\u00e1 str\u00e1nka","item":"https:\/\/www.kajometal.eu\/en\/"},{"@type":"ListItem","position":2,"name":"B50 Metric Sliding Plate"}]},{"@type":"WebSite","@id":"https:\/\/www.kajometal.eu\/en\/#website","url":"https:\/\/www.kajometal.eu\/en\/","name":"KAJOmetal s.r.o.","description":"V\u00fdroba klzn\u00fdch lo\u017e\u00edsk","potentialAction":[{"@type":"SearchAction","target":{"@type":"EntryPoint","urlTemplate":"https:\/\/www.kajometal.eu\/en\/?s={search_term_string}"},"query-input":"required name=search_term_string"}],"inLanguage":"en-US"}]}},"_links":{"self":[{"href":"https:\/\/www.kajometal.eu\/en\/wp-json\/wp\/v2\/pages\/5662","targetHints":{"allow":["GET"]}}],"collection":[{"href":"https:\/\/www.kajometal.eu\/en\/wp-json\/wp\/v2\/pages"}],"about":[{"href":"https:\/\/www.kajometal.eu\/en\/wp-json\/wp\/v2\/types\/page"}],"author":[{"embeddable":true,"href":"https:\/\/www.kajometal.eu\/en\/wp-json\/wp\/v2\/users\/1"}],"replies":[{"embeddable":true,"href":"https:\/\/www.kajometal.eu\/en\/wp-json\/wp\/v2\/comments?post=5662"}],"version-history":[{"count":7,"href":"https:\/\/www.kajometal.eu\/en\/wp-json\/wp\/v2\/pages\/5662\/revisions"}],"predecessor-version":[{"id":7261,"href":"https:\/\/www.kajometal.eu\/en\/wp-json\/wp\/v2\/pages\/5662\/revisions\/7261"}],"wp:attachment":[{"href":"https:\/\/www.kajometal.eu\/en\/wp-json\/wp\/v2\/media?parent=5662"}],"curies":[{"name":"wp","href":"https:\/\/api.w.org\/{rel}","templated":true}]}}