{"id":5656,"date":"2024-01-16T11:26:20","date_gmt":"2024-01-16T10:26:20","guid":{"rendered":"https:\/\/www.kajometal.eu\/b50-bezudrzbove-puzdra-z-liateho-bronzu\/"},"modified":"2026-02-15T11:08:32","modified_gmt":"2026-02-15T10:08:32","slug":"b50-bushes-of-cast-bronze-maintenance-free","status":"publish","type":"page","link":"https:\/\/www.kajometal.eu\/en\/b50-bushes-of-cast-bronze-maintenance-free\/","title":{"rendered":"B50 Bushes of cast bronze, maintenance free"},"content":{"rendered":"<section class=\"wpb-content-wrapper\"><p>[vc_row][vc_column]<div class=\"mgt-header-block clearfix text-center text-white wpb_content_element  mgt-header-block-style-1 mgt-header-texttransform-header  vc_custom_1708940468489\"><h2 class=\"mgt-header-block-title\">B50 Bushes of cast bronze, maintenance free<\/h2><\/div>[vc_empty_space][vc_column_text]<\/p>\n<h3 style=\"text-align: left;\"><strong>TECHNICAL DATA<\/strong><\/h3>\n<p>[\/vc_column_text][vc_column_text]<\/p>\n<table width=\"605\">\n<tbody>\n<tr>\n<td width=\"160\"><\/td>\n<td width=\"89\"><strong>50 M1<\/strong><\/td>\n<td width=\"89\"><strong>50 M2<\/strong><\/td>\n<td width=\"89\"><strong>50 M3<\/strong><\/td>\n<td width=\"89\"><strong>50 M4<\/strong><\/td>\n<td width=\"89\"><strong>50 M6<\/strong><\/td>\n<\/tr>\n<tr>\n<td><\/td>\n<td><\/td>\n<td><\/td>\n<td><\/td>\n<td><\/td>\n<td><\/td>\n<\/tr>\n<tr>\n<td><strong><b>Structure<\/b> Cu %<\/strong><\/td>\n<td>65<\/td>\n<td>85<\/td>\n<td>80<\/td>\n<td>88<\/td>\n<td>65<\/td>\n<\/tr>\n<tr>\n<td><strong><b>Structure<\/b> Sn %<\/strong><\/td>\n<td><\/td>\n<td>5<\/td>\n<td><\/td>\n<td>12<\/td>\n<td><\/td>\n<\/tr>\n<tr>\n<td><strong><b>Structure<\/b> Pb %<\/strong><\/td>\n<td><\/td>\n<td>5<\/td>\n<td><\/td>\n<td><\/td>\n<td><\/td>\n<\/tr>\n<tr>\n<td><strong><b>Structure<\/b> Zn %<\/strong><\/td>\n<td>25<\/td>\n<td>5<\/td>\n<td><\/td>\n<td><\/td>\n<td>25<\/td>\n<\/tr>\n<tr>\n<td><strong><b>Structure<\/b> Ni %<\/strong><\/td>\n<td><\/td>\n<td><\/td>\n<td>5<\/td>\n<td><\/td>\n<td><\/td>\n<\/tr>\n<tr>\n<td><strong><b>Structure<\/b> Al %<\/strong><\/td>\n<td>6<\/td>\n<td><\/td>\n<td>10<\/td>\n<td><\/td>\n<td>6<\/td>\n<\/tr>\n<tr>\n<td><strong><b>Structure<\/b> Fe %<\/strong><\/td>\n<td><\/td>\n<td><\/td>\n<td>5<\/td>\n<td><\/td>\n<td><\/td>\n<\/tr>\n<tr>\n<td><strong><b>Structure<\/b> Mn %<\/strong><\/td>\n<td>4<\/td>\n<td><\/td>\n<td><\/td>\n<td><\/td>\n<td>4<\/td>\n<\/tr>\n<tr>\n<td><b>Static load<\/b><\/td>\n<td>100 N\/mm<sup>2<\/sup><\/td>\n<td>60 N\/mm<sup>2<\/sup><\/td>\n<td>50 N\/mm<sup>2<\/sup><\/td>\n<td>70 N\/mm<sup>2<\/sup><\/td>\n<td>150 N\/mm<sup>2<\/sup><\/td>\n<\/tr>\n<tr>\n<td><b>Operating temperature<\/b><\/td>\n<td>-100\u00b0C\u00a0 +300\u00b0C<\/td>\n<td>-100\u00b0C\u00a0 +400\u00b0C<\/td>\n<td>-100\u00b0C\u00a0 +400\u00b0C<\/td>\n<td>-100\u00b0C\u00a0 +400\u00b0C<\/td>\n<td>-100\u00b0C\u00a0 +300\u00b0C<\/td>\n<\/tr>\n<tr>\n<td><b>Thermal conductivity<\/b><\/td>\n<td width=\"89\">60 W\/(mK)<sup>-1<\/sup><\/td>\n<td width=\"89\">60 W\/(mK)<sup>-1<\/sup><\/td>\n<td width=\"89\">60 W\/(mK)<sup>-1<\/sup><\/td>\n<td width=\"89\">60 W\/(mK)<sup>-1<\/sup><\/td>\n<td width=\"89\">60 W\/(mK)<sup>-1<\/sup><\/td>\n<\/tr>\n<tr>\n<td><b>Friction coefficient<\/b><\/td>\n<td width=\"89\">0.03 &#8211; 0.020<\/td>\n<td width=\"89\">0.03 &#8211; 0.018<\/td>\n<td width=\"89\">0.03 &#8211; 0.020<\/td>\n<td width=\"89\">0.03 &#8211; 0.018<\/td>\n<td width=\"89\">0.03 &#8211; 0.020<\/td>\n<\/tr>\n<tr>\n<td><b>Coefficient of thermal expansion<\/b><\/td>\n<td width=\"89\">1,9*10<sup>-5<\/sup>\/\u00b0C<\/td>\n<td width=\"89\">1,8*10<sup>-5<\/sup>\/\u00b0C<\/td>\n<td width=\"89\">1,6*10<sup>-5<\/sup>\/\u00b0C<\/td>\n<td width=\"89\">1,8*10<sup>-5<\/sup>\/\u00b0C<\/td>\n<td width=\"89\">1,9*10<sup>-5<\/sup>\/\u00b0C<\/td>\n<\/tr>\n<tr>\n<td><b>Max. speed<\/b><\/td>\n<td>15 m\/min<\/td>\n<td>10 m\/min<\/td>\n<td>20 m\/min<\/td>\n<td>10 m\/min<\/td>\n<td>10 m\/min<\/td>\n<\/tr>\n<tr>\n<td><b>Density<\/b><\/td>\n<td>8,0<\/td>\n<td>8,8<\/td>\n<td>7,6<\/td>\n<td>8,8<\/td>\n<td>8,0<\/td>\n<\/tr>\n<tr>\n<td><b>Hardness HB<\/b><\/td>\n<td>&gt; 210<\/td>\n<td>&gt; 70<\/td>\n<td>&gt; 150<\/td>\n<td>&gt; 80<\/td>\n<td>&gt; 250<\/td>\n<\/tr>\n<tr>\n<td><b>Tensile strength<\/b><\/td>\n<td>&gt; 750 N\/mm<sup>2<\/sup><\/td>\n<td>&gt; 250 N\/mm<sup>2<\/sup><\/td>\n<td>&gt; 500 N\/mm<sup>2<\/sup><\/td>\n<td>&gt; 360 N\/mm<sup>2<\/sup><\/td>\n<td>&gt; 800 N\/mm<sup>2<\/sup><\/td>\n<\/tr>\n<tr>\n<td><strong><b>Elongation<\/b> %<\/strong><\/td>\n<td>&gt; 12<\/td>\n<td>&gt; 15<\/td>\n<td>&gt; 10<\/td>\n<td>&gt; 8<\/td>\n<td>&gt; 4<\/td>\n<\/tr>\n<\/tbody>\n<\/table>\n<p>[\/vc_column_text][\/vc_column][\/vc_row][vc_row][vc_column][vc_tta_accordion color=&#8221;white&#8221; active_section=&#8221;1&#8243;][vc_tta_section title=&#8221;Description&#8221; tab_id=&#8221;1707219042696-59a9ae7b-6662&#8243;][vc_column_text]B50 bearings with or without flange are made of casted bronze material with special solid lubricant embedded . The base metal is aimed for high loads and the solid lubricant makes it possible to use B50 bearings without additional lubrication. B50 bearings show excellent performance without lubrication under conditions of low speeds and extreme high or low temperatures. The lubrication reservoirs are dispersed in a special way over the bearing surface, therefore the whole bearing surface is lubricated when the movement occurs. These lubrication reservoirs cover about 25-30% of the sliding surface. Both the base material and the solid lubricant can be fitted to special needs to achieve the most suitable solution for the application in question.[\/vc_column_text][\/vc_tta_section][vc_tta_section title=&#8221;Benefits&#8221; tab_id=&#8221;1707219042709-07cd6681-9743&#8243;][vc_column_text]- Extremely high load capacity<br \/>\n&#8211; May be used without additional lubrication<br \/>\n&#8211; Excellent for constructions with low speeds and high loads<br \/>\n&#8211; Suitable for reciprocating, oscillating or intermittent movement<br \/>\n&#8211; Wide range of temperature<br \/>\n&#8211; Good chemical resistance<br \/>\n&#8211; Excellent corrosion resistance[\/vc_column_text][\/vc_tta_section][vc_tta_section title=&#8221;Special&#8221; tab_id=&#8221;1707219210772-64859bd6-3ca7&#8243;][vc_column_text]- Thrust washers, plates, bars<br \/>\n&#8211; Drawing details<br \/>\n&#8211; Several alternative lubricant materials<br \/>\n&#8211; Several alternative base materials[\/vc_column_text][\/vc_tta_section][vc_tta_section title=&#8221;Applications&#8221; tab_id=&#8221;1707219291871-87b3f851-a761&#8243;][vc_column_text]- Casting machines<br \/>\n&#8211; Steel rollers<br \/>\n&#8211; Metallurgic industry<br \/>\n&#8211; Ships<br \/>\n&#8211; Turbines<br \/>\n&#8211; Ship cranes[\/vc_column_text][\/vc_tta_section][\/vc_tta_accordion][vc_empty_space height=&#8221;60px&#8221;][\/vc_column][\/vc_row][vc_row css=&#8221;.vc_custom_1460536155154{margin-right: -25px !important;margin-left: -15px !important;}&#8221;][vc_column width=&#8221;1\/3&#8243;][vc_single_image image=&#8221;4475&#8243; img_size=&#8221;full&#8221; alignment=&#8221;center&#8221;][vc_column_text]<\/p>\n<h3 style=\"text-align: center;\">Metric Cylindrical Bushes<\/h3>\n<p>[\/vc_column_text][vc_btn title=&#8221;READ MORE&#8221; style=&#8221;custom&#8221; custom_background=&#8221;#06847e&#8221; custom_text=&#8221;#ffffff&#8221; align=&#8221;center&#8221; link=&#8221;url:https%3A%2F%2Fwww.kajometal.eu%2Fen%2Fb50-metric-cylindrical-bushes%2F|title:B50%20Metric%20Cylindrical%20Bushes&#8221;][vc_empty_space][vc_single_image image=&#8221;4796&#8243; img_size=&#8221;full&#8221; alignment=&#8221;center&#8221;][vc_column_text]<\/p>\n<h3 style=\"text-align: center;\">Metric Standard Strip<\/h3>\n<p>[\/vc_column_text][vc_btn title=&#8221;READ MORE&#8221; style=&#8221;custom&#8221; custom_background=&#8221;#06847e&#8221; custom_text=&#8221;#ffffff&#8221; align=&#8221;center&#8221; link=&#8221;url:https%3A%2F%2Fwww.kajometal.eu%2Fen%2Fb50-metric-standard-strip%2F|title:B50%20Metric%20Standard%20Strip&#8221;][vc_empty_space][\/vc_column][vc_column width=&#8221;1\/3&#8243;][vc_single_image image=&#8221;4478&#8243; img_size=&#8221;full&#8221; alignment=&#8221;center&#8221;][vc_column_text]<\/p>\n<h3 style=\"text-align: center;\">Metric Flange Bushes<\/h3>\n<p>[\/vc_column_text][vc_btn title=&#8221;READ MORE&#8221; style=&#8221;custom&#8221; custom_background=&#8221;#06847e&#8221; custom_text=&#8221;#ffffff&#8221; align=&#8221;center&#8221; link=&#8221;url:https%3A%2F%2Fwww.kajometal.eu%2Fen%2Fb50-metric-flange-bushes%2F|title:B50%20Metric%20Flange%20Bushes&#8221;][vc_empty_space][vc_single_image image=&#8221;4804&#8243; img_size=&#8221;full&#8221; alignment=&#8221;center&#8221;][vc_column_text]<\/p>\n<h3 style=\"text-align: center;\">Metric Sliding Plate<\/h3>\n<p>[\/vc_column_text][vc_btn title=&#8221;READ MORE&#8221; style=&#8221;custom&#8221; custom_background=&#8221;#06847e&#8221; custom_text=&#8221;#ffffff&#8221; align=&#8221;center&#8221; link=&#8221;url:https%3A%2F%2Fwww.kajometal.eu%2Fen%2Fb50-metric-sliding-plate%2F|title:B50%20Metric%20Sliding%20Plate&#8221;][vc_empty_space][\/vc_column][vc_column width=&#8221;1\/3&#8243;][vc_single_image image=&#8221;7185&#8243; img_size=&#8221;100&#215;100&#8243; alignment=&#8221;center&#8221;][vc_column_text]<\/p>\n<h3 style=\"text-align: center;\">Metric Thrust Washer<\/h3>\n<p>[\/vc_column_text][vc_btn title=&#8221;READ MORE&#8221; style=&#8221;custom&#8221; custom_background=&#8221;#06847e&#8221; custom_text=&#8221;#ffffff&#8221; align=&#8221;center&#8221; link=&#8221;url:https%3A%2F%2Fwww.kajometal.eu%2Fen%2Fb50-metric-thrust-washer%2F|title:B50%20Metric%20Thrust%20Washer&#8221;][vc_empty_space][\/vc_column][\/vc_row]<\/p>\n<\/section>","protected":false},"excerpt":{"rendered":"<p>[vc_row][vc_column][vc_empty_space][vc_column_text] TECHNICAL DATA [\/vc_column_text][vc_column_text] 50 M1 50 M2 50 M3 50 M4 50 M6 Structure Cu % 65 85 80 88 65 Structure Sn % 5 12 Structure Pb %&#8230;<\/p>\n","protected":false},"author":1,"featured_media":0,"parent":0,"menu_order":0,"comment_status":"closed","ping_status":"closed","template":"","meta":{"footnotes":""},"class_list":["post-5656","page","type-page","status-publish","hentry"],"yoast_head":"<!-- This site is optimized with the Yoast SEO plugin v22.4 - https:\/\/yoast.com\/wordpress\/plugins\/seo\/ -->\n<title>B50 Bushes of cast bronze, maintenance free - KAJOmetal s.r.o.<\/title>\n<meta name=\"description\" content=\"B50 Cast bronze with graphite inserts\" \/>\n<meta name=\"robots\" content=\"index, follow, max-snippet:-1, max-image-preview:large, max-video-preview:-1\" \/>\n<link rel=\"canonical\" href=\"https:\/\/www.kajometal.eu\/en\/b50-bushes-of-cast-bronze-maintenance-free\/\" \/>\n<meta property=\"og:locale\" content=\"en_US\" \/>\n<meta property=\"og:type\" content=\"article\" \/>\n<meta property=\"og:title\" content=\"B50 Bushes of cast bronze, maintenance free - KAJOmetal s.r.o.\" \/>\n<meta property=\"og:description\" content=\"B50 Cast bronze with graphite inserts\" \/>\n<meta property=\"og:url\" content=\"https:\/\/www.kajometal.eu\/en\/b50-bushes-of-cast-bronze-maintenance-free\/\" \/>\n<meta property=\"og:site_name\" content=\"KAJOmetal s.r.o.\" \/>\n<meta property=\"article:modified_time\" content=\"2026-02-15T10:08:32+00:00\" \/>\n<meta name=\"twitter:card\" content=\"summary_large_image\" \/>\n<meta name=\"twitter:label1\" content=\"Est. reading time\" \/>\n\t<meta name=\"twitter:data1\" content=\"4 minutes\" \/>\n<script type=\"application\/ld+json\" class=\"yoast-schema-graph\">{\"@context\":\"https:\/\/schema.org\",\"@graph\":[{\"@type\":\"WebPage\",\"@id\":\"https:\/\/www.kajometal.eu\/en\/b50-bushes-of-cast-bronze-maintenance-free\/\",\"url\":\"https:\/\/www.kajometal.eu\/en\/b50-bushes-of-cast-bronze-maintenance-free\/\",\"name\":\"B50 Bushes of cast bronze, maintenance free - KAJOmetal s.r.o.\",\"isPartOf\":{\"@id\":\"https:\/\/www.kajometal.eu\/en\/#website\"},\"datePublished\":\"2024-01-16T10:26:20+00:00\",\"dateModified\":\"2026-02-15T10:08:32+00:00\",\"description\":\"B50 Cast bronze with graphite inserts\",\"breadcrumb\":{\"@id\":\"https:\/\/www.kajometal.eu\/en\/b50-bushes-of-cast-bronze-maintenance-free\/#breadcrumb\"},\"inLanguage\":\"en-US\",\"potentialAction\":[{\"@type\":\"ReadAction\",\"target\":[\"https:\/\/www.kajometal.eu\/en\/b50-bushes-of-cast-bronze-maintenance-free\/\"]}]},{\"@type\":\"BreadcrumbList\",\"@id\":\"https:\/\/www.kajometal.eu\/en\/b50-bushes-of-cast-bronze-maintenance-free\/#breadcrumb\",\"itemListElement\":[{\"@type\":\"ListItem\",\"position\":1,\"name\":\"Domovsk\u00e1 str\u00e1nka\",\"item\":\"https:\/\/www.kajometal.eu\/en\/\"},{\"@type\":\"ListItem\",\"position\":2,\"name\":\"B50 Bushes of cast bronze, maintenance free\"}]},{\"@type\":\"WebSite\",\"@id\":\"https:\/\/www.kajometal.eu\/en\/#website\",\"url\":\"https:\/\/www.kajometal.eu\/en\/\",\"name\":\"KAJOmetal s.r.o.\",\"description\":\"V\u00fdroba klzn\u00fdch lo\u017e\u00edsk\",\"potentialAction\":[{\"@type\":\"SearchAction\",\"target\":{\"@type\":\"EntryPoint\",\"urlTemplate\":\"https:\/\/www.kajometal.eu\/en\/?s={search_term_string}\"},\"query-input\":\"required name=search_term_string\"}],\"inLanguage\":\"en-US\"}]}<\/script>\n<!-- \/ Yoast SEO plugin. -->","yoast_head_json":{"title":"B50 Bushes of cast bronze, maintenance free - KAJOmetal s.r.o.","description":"B50 Cast bronze with graphite inserts","robots":{"index":"index","follow":"follow","max-snippet":"max-snippet:-1","max-image-preview":"max-image-preview:large","max-video-preview":"max-video-preview:-1"},"canonical":"https:\/\/www.kajometal.eu\/en\/b50-bushes-of-cast-bronze-maintenance-free\/","og_locale":"en_US","og_type":"article","og_title":"B50 Bushes of cast bronze, maintenance free - KAJOmetal s.r.o.","og_description":"B50 Cast bronze with graphite inserts","og_url":"https:\/\/www.kajometal.eu\/en\/b50-bushes-of-cast-bronze-maintenance-free\/","og_site_name":"KAJOmetal s.r.o.","article_modified_time":"2026-02-15T10:08:32+00:00","twitter_card":"summary_large_image","twitter_misc":{"Est. reading time":"4 minutes"},"schema":{"@context":"https:\/\/schema.org","@graph":[{"@type":"WebPage","@id":"https:\/\/www.kajometal.eu\/en\/b50-bushes-of-cast-bronze-maintenance-free\/","url":"https:\/\/www.kajometal.eu\/en\/b50-bushes-of-cast-bronze-maintenance-free\/","name":"B50 Bushes of cast bronze, maintenance free - KAJOmetal s.r.o.","isPartOf":{"@id":"https:\/\/www.kajometal.eu\/en\/#website"},"datePublished":"2024-01-16T10:26:20+00:00","dateModified":"2026-02-15T10:08:32+00:00","description":"B50 Cast bronze with graphite inserts","breadcrumb":{"@id":"https:\/\/www.kajometal.eu\/en\/b50-bushes-of-cast-bronze-maintenance-free\/#breadcrumb"},"inLanguage":"en-US","potentialAction":[{"@type":"ReadAction","target":["https:\/\/www.kajometal.eu\/en\/b50-bushes-of-cast-bronze-maintenance-free\/"]}]},{"@type":"BreadcrumbList","@id":"https:\/\/www.kajometal.eu\/en\/b50-bushes-of-cast-bronze-maintenance-free\/#breadcrumb","itemListElement":[{"@type":"ListItem","position":1,"name":"Domovsk\u00e1 str\u00e1nka","item":"https:\/\/www.kajometal.eu\/en\/"},{"@type":"ListItem","position":2,"name":"B50 Bushes of cast bronze, maintenance free"}]},{"@type":"WebSite","@id":"https:\/\/www.kajometal.eu\/en\/#website","url":"https:\/\/www.kajometal.eu\/en\/","name":"KAJOmetal s.r.o.","description":"V\u00fdroba klzn\u00fdch lo\u017e\u00edsk","potentialAction":[{"@type":"SearchAction","target":{"@type":"EntryPoint","urlTemplate":"https:\/\/www.kajometal.eu\/en\/?s={search_term_string}"},"query-input":"required name=search_term_string"}],"inLanguage":"en-US"}]}},"_links":{"self":[{"href":"https:\/\/www.kajometal.eu\/en\/wp-json\/wp\/v2\/pages\/5656","targetHints":{"allow":["GET"]}}],"collection":[{"href":"https:\/\/www.kajometal.eu\/en\/wp-json\/wp\/v2\/pages"}],"about":[{"href":"https:\/\/www.kajometal.eu\/en\/wp-json\/wp\/v2\/types\/page"}],"author":[{"embeddable":true,"href":"https:\/\/www.kajometal.eu\/en\/wp-json\/wp\/v2\/users\/1"}],"replies":[{"embeddable":true,"href":"https:\/\/www.kajometal.eu\/en\/wp-json\/wp\/v2\/comments?post=5656"}],"version-history":[{"count":16,"href":"https:\/\/www.kajometal.eu\/en\/wp-json\/wp\/v2\/pages\/5656\/revisions"}],"predecessor-version":[{"id":7194,"href":"https:\/\/www.kajometal.eu\/en\/wp-json\/wp\/v2\/pages\/5656\/revisions\/7194"}],"wp:attachment":[{"href":"https:\/\/www.kajometal.eu\/en\/wp-json\/wp\/v2\/media?parent=5656"}],"curies":[{"name":"wp","href":"https:\/\/api.w.org\/{rel}","templated":true}]}}