{"id":5641,"date":"2024-01-10T10:57:08","date_gmt":"2024-01-10T09:57:08","guid":{"rendered":"https:\/\/www.kajometal.eu\/b20-rozmery-klznej-listy\/"},"modified":"2024-03-01T09:44:10","modified_gmt":"2024-03-01T08:44:10","slug":"b20-metric-standard-strip","status":"publish","type":"page","link":"https:\/\/www.kajometal.eu\/en\/b20-metric-standard-strip\/","title":{"rendered":"B20 Metric Standard Strip"},"content":{"rendered":"<section class=\"wpb-content-wrapper\"><p>[vc_row][vc_column]<div class=\"mgt-header-block clearfix text-center text-white wpb_content_element  mgt-header-block-style-1 mgt-header-texttransform-header  vc_custom_1708938980701\"><h2 class=\"mgt-header-block-title\">B20 Metric Standard Strip<\/h2><\/div>[vc_empty_space height=&#8221;50px&#8221;][\/vc_column][\/vc_row][vc_row][vc_column width=&#8221;1\/4&#8243;][vc_single_image image=&#8221;4264&#8243; img_size=&#8221;150&#215;150&#8243; alignment=&#8221;center&#8221; css=&#8221;.vc_custom_1704880469147{padding-top: 45px !important;}&#8221;][vc_empty_space height=&#8221;50px&#8221;][\/vc_column][vc_column width=&#8221;3\/4&#8243;][vc_single_image image=&#8221;4273&#8243; img_size=&#8221;1400&#215;400&#8243; alignment=&#8221;center&#8221;][vc_empty_space height=&#8221;50px&#8221;][\/vc_column][\/vc_row][vc_row][vc_column][vc_empty_space height=&#8221;80px&#8221;][vc_single_image image=&#8221;4329&#8243; img_size=&#8221;full&#8221; alignment=&#8221;center&#8221; onclick=&#8221;custom_link&#8221; img_link_target=&#8221;_blank&#8221; link=&#8221;https:\/\/www.kajometal.eu\/wp-content\/uploads\/2024\/01\/TAB-B20_3-KAJOmetal.pdf&#8221;][vc_column_text]<\/p>\n<p style=\"text-align: center;\"><a href=\"https:\/\/www.kajometal.eu\/wp-content\/uploads\/2024\/01\/TAB-B20_3-KAJOmetal.pdf\" target=\"_blank\" rel=\"noopener\">Download<\/a><\/p>\n<p>[\/vc_column_text][vc_empty_space height=&#8221;50px&#8221;][\/vc_column][\/vc_row][vc_row][vc_column]<div class=\"mgt-header-block clearfix text-left text-black wpb_content_element  mgt-header-block-style-1 mgt-header-texttransform-header \"><h2 class=\"mgt-header-block-title\">SEND INQUIRY<\/h2><p class=\"mgt-header-block-subtitle\">Our customer service will contact you.<\/p><\/div>[vc_separator color=&#8221;custom&#8221; border_width=&#8221;2&#8243; accent_color=&#8221;#06847e&#8221;][vc_empty_space][\/vc_column][\/vc_row][vc_row][vc_column]\n<div class=\"wpcf7 no-js\" id=\"wpcf7-f5584-o1\" lang=\"en-US\" dir=\"ltr\">\n<div class=\"screen-reader-response\"><p role=\"status\" aria-live=\"polite\" aria-atomic=\"true\"><\/p> <ul><\/ul><\/div>\n<form action=\"\/en\/wp-json\/wp\/v2\/pages\/5641#wpcf7-f5584-o1\" method=\"post\" class=\"wpcf7-form init\" aria-label=\"Contact form\" novalidate=\"novalidate\" data-status=\"init\">\n<div style=\"display: none;\">\n<input type=\"hidden\" name=\"_wpcf7\" value=\"5584\" \/>\n<input type=\"hidden\" name=\"_wpcf7_version\" value=\"5.9.3\" \/>\n<input type=\"hidden\" name=\"_wpcf7_locale\" value=\"en_US\" \/>\n<input type=\"hidden\" name=\"_wpcf7_unit_tag\" value=\"wpcf7-f5584-o1\" \/>\n<input type=\"hidden\" name=\"_wpcf7_container_post\" value=\"0\" \/>\n<input type=\"hidden\" name=\"_wpcf7_posted_data_hash\" value=\"\" \/>\n<input type=\"hidden\" name=\"_wpcf7_recaptcha_response\" value=\"\" \/>\n<\/div>\n<div class=\"row\">\n\t<div class=\"col-md-6\">\n\t\t<p><span style=\"color: #000000;\">Product designation<\/span>\n\t\t<\/p>\n\t\t<p><span class=\"wpcf7-form-control-wrap\" data-name=\"your-subject\"><input size=\"40\" class=\"wpcf7-form-control wpcf7-text\" aria-invalid=\"false\" value=\"\" type=\"text\" name=\"your-subject\" \/><\/span>\n\t\t<\/p>\n\t\t<p><span style=\"color: #000000;\">E-mail<\/span>\n\t\t<\/p>\n\t\t<p><span class=\"wpcf7-form-control-wrap\" data-name=\"your-email\"><input size=\"40\" class=\"wpcf7-form-control wpcf7-email wpcf7-validates-as-required wpcf7-text wpcf7-validates-as-email\" aria-required=\"true\" aria-invalid=\"false\" value=\"\" type=\"email\" name=\"your-email\" \/><\/span>\n\t\t<\/p>\n\t<\/div>\n\t<div class=\"col-md-6\">\n\t\t<p><span style=\"color: #000000;\">Your name \/ Company name<\/span>\n\t\t<\/p>\n\t\t<p><span class=\"wpcf7-form-control-wrap\" data-name=\"your-name\"><input size=\"40\" class=\"wpcf7-form-control wpcf7-text wpcf7-validates-as-required\" aria-required=\"true\" aria-invalid=\"false\" value=\"\" type=\"text\" name=\"your-name\" \/><\/span>\n\t\t<\/p>\n\t\t<p><span style=\"color: #000000;\">Phone<\/span>\n\t\t<\/p>\n\t\t<p><span class=\"wpcf7-form-control-wrap\" data-name=\"ContactPhone\"><input size=\"40\" class=\"wpcf7-form-control wpcf7-tel wpcf7-validates-as-required wpcf7-text wpcf7-validates-as-tel\" aria-required=\"true\" aria-invalid=\"false\" placeholder=\"\" value=\"\" type=\"tel\" name=\"ContactPhone\" \/><\/span>\n\t\t<\/p>\n\t<\/div>\n\t<div class=\"col-md-12\">\n\t\t<p><span style=\"color: #000000;\">Message<\/span>\n\t\t<\/p>\n\t\t<p><span class=\"wpcf7-form-control-wrap\" data-name=\"your-description\"><textarea cols=\"40\" rows=\"10\" class=\"wpcf7-form-control wpcf7-textarea\" aria-invalid=\"false\" name=\"your-description\"><\/textarea><\/span>\n\t\t<\/p>\n\t\t<p><span style=\"color: #000000;\">By submitting the form, you agree to the <a href=\"https:\/\/www.kajometal.eu\/ochrana-osobnych-udajov\/\">Privacy Policy<\/a><\/span>\n\t\t<\/p>\n\t<\/div>\n\t<div class=\"col-md-12 col-sm-12\">\n\t\t<p><input class=\"wpcf7-form-control wpcf7-submit has-spinner\" type=\"submit\" value=\"SEND\" \/>\n\t\t<\/p>\n\t<\/div>\n<\/div><div class=\"wpcf7-response-output\" aria-hidden=\"true\"><\/div>\n<\/form>\n<\/div>\n[\/vc_column][\/vc_row]<\/p>\n<\/section>","protected":false},"excerpt":{"rendered":"<p>[vc_row][vc_column][vc_empty_space height=&#8221;50px&#8221;][\/vc_column][\/vc_row][vc_row][vc_column width=&#8221;1\/4&#8243;][vc_single_image image=&#8221;4264&#8243; img_size=&#8221;150&#215;150&#8243; alignment=&#8221;center&#8221; css=&#8221;.vc_custom_1704880469147{padding-top: 45px !important;}&#8221;][vc_empty_space height=&#8221;50px&#8221;][\/vc_column][vc_column width=&#8221;3\/4&#8243;][vc_single_image image=&#8221;4273&#8243; img_size=&#8221;1400&#215;400&#8243; alignment=&#8221;center&#8221;][vc_empty_space height=&#8221;50px&#8221;][\/vc_column][\/vc_row][vc_row][vc_column][vc_empty_space height=&#8221;80px&#8221;][vc_single_image image=&#8221;4329&#8243; img_size=&#8221;full&#8221; alignment=&#8221;center&#8221; onclick=&#8221;custom_link&#8221; img_link_target=&#8221;_blank&#8221; link=&#8221;https:\/\/www.kajometal.eu\/wp-content\/uploads\/2024\/01\/TAB-B20_3-KAJOmetal.pdf&#8221;][vc_column_text] Download [\/vc_column_text][vc_empty_space height=&#8221;50px&#8221;][\/vc_column][\/vc_row][vc_row][vc_column][vc_separator color=&#8221;custom&#8221; border_width=&#8221;2&#8243; accent_color=&#8221;#06847e&#8221;][vc_empty_space][\/vc_column][\/vc_row][vc_row][vc_column][\/vc_column][\/vc_row]<\/p>\n","protected":false},"author":1,"featured_media":0,"parent":0,"menu_order":0,"comment_status":"closed","ping_status":"closed","template":"","meta":{"footnotes":""},"class_list":["post-5641","page","type-page","status-publish","hentry"],"yoast_head":"<!-- This site is optimized with the Yoast SEO plugin v22.4 - https:\/\/yoast.com\/wordpress\/plugins\/seo\/ -->\n<title>B20 Metric Standard Strip - KAJOmetal s.r.o.<\/title>\n<meta name=\"description\" content=\"Wrapped bushes KX. Composite self lubricating bearings\" \/>\n<meta name=\"robots\" content=\"index, follow, max-snippet:-1, max-image-preview:large, max-video-preview:-1\" \/>\n<link rel=\"canonical\" href=\"https:\/\/www.kajometal.eu\/en\/b20-metric-standard-strip\/\" \/>\n<meta property=\"og:locale\" content=\"en_US\" \/>\n<meta property=\"og:type\" content=\"article\" \/>\n<meta property=\"og:title\" content=\"B20 Metric Standard Strip - KAJOmetal s.r.o.\" \/>\n<meta property=\"og:description\" content=\"Wrapped bushes KX. Composite self lubricating bearings\" \/>\n<meta property=\"og:url\" content=\"https:\/\/www.kajometal.eu\/en\/b20-metric-standard-strip\/\" \/>\n<meta property=\"og:site_name\" content=\"KAJOmetal s.r.o.\" \/>\n<meta property=\"article:modified_time\" content=\"2024-03-01T08:44:10+00:00\" \/>\n<meta name=\"twitter:card\" content=\"summary_large_image\" \/>\n<meta name=\"twitter:label1\" content=\"Est. reading time\" \/>\n\t<meta name=\"twitter:data1\" content=\"1 minute\" \/>\n<script type=\"application\/ld+json\" class=\"yoast-schema-graph\">{\"@context\":\"https:\/\/schema.org\",\"@graph\":[{\"@type\":\"WebPage\",\"@id\":\"https:\/\/www.kajometal.eu\/en\/b20-metric-standard-strip\/\",\"url\":\"https:\/\/www.kajometal.eu\/en\/b20-metric-standard-strip\/\",\"name\":\"B20 Metric Standard Strip - KAJOmetal s.r.o.\",\"isPartOf\":{\"@id\":\"https:\/\/www.kajometal.eu\/en\/#website\"},\"datePublished\":\"2024-01-10T09:57:08+00:00\",\"dateModified\":\"2024-03-01T08:44:10+00:00\",\"description\":\"Wrapped bushes KX. Composite self lubricating bearings\",\"breadcrumb\":{\"@id\":\"https:\/\/www.kajometal.eu\/en\/b20-metric-standard-strip\/#breadcrumb\"},\"inLanguage\":\"en-US\",\"potentialAction\":[{\"@type\":\"ReadAction\",\"target\":[\"https:\/\/www.kajometal.eu\/en\/b20-metric-standard-strip\/\"]}]},{\"@type\":\"BreadcrumbList\",\"@id\":\"https:\/\/www.kajometal.eu\/en\/b20-metric-standard-strip\/#breadcrumb\",\"itemListElement\":[{\"@type\":\"ListItem\",\"position\":1,\"name\":\"Domovsk\u00e1 str\u00e1nka\",\"item\":\"https:\/\/www.kajometal.eu\/en\/\"},{\"@type\":\"ListItem\",\"position\":2,\"name\":\"B20 Metric Standard Strip\"}]},{\"@type\":\"WebSite\",\"@id\":\"https:\/\/www.kajometal.eu\/en\/#website\",\"url\":\"https:\/\/www.kajometal.eu\/en\/\",\"name\":\"KAJOmetal s.r.o.\",\"description\":\"V\u00fdroba klzn\u00fdch lo\u017e\u00edsk\",\"potentialAction\":[{\"@type\":\"SearchAction\",\"target\":{\"@type\":\"EntryPoint\",\"urlTemplate\":\"https:\/\/www.kajometal.eu\/en\/?s={search_term_string}\"},\"query-input\":\"required name=search_term_string\"}],\"inLanguage\":\"en-US\"}]}<\/script>\n<!-- \/ Yoast SEO plugin. -->","yoast_head_json":{"title":"B20 Metric Standard Strip - KAJOmetal s.r.o.","description":"Wrapped bushes KX. Composite self lubricating bearings","robots":{"index":"index","follow":"follow","max-snippet":"max-snippet:-1","max-image-preview":"max-image-preview:large","max-video-preview":"max-video-preview:-1"},"canonical":"https:\/\/www.kajometal.eu\/en\/b20-metric-standard-strip\/","og_locale":"en_US","og_type":"article","og_title":"B20 Metric Standard Strip - KAJOmetal s.r.o.","og_description":"Wrapped bushes KX. Composite self lubricating bearings","og_url":"https:\/\/www.kajometal.eu\/en\/b20-metric-standard-strip\/","og_site_name":"KAJOmetal s.r.o.","article_modified_time":"2024-03-01T08:44:10+00:00","twitter_card":"summary_large_image","twitter_misc":{"Est. reading time":"1 minute"},"schema":{"@context":"https:\/\/schema.org","@graph":[{"@type":"WebPage","@id":"https:\/\/www.kajometal.eu\/en\/b20-metric-standard-strip\/","url":"https:\/\/www.kajometal.eu\/en\/b20-metric-standard-strip\/","name":"B20 Metric Standard Strip - KAJOmetal s.r.o.","isPartOf":{"@id":"https:\/\/www.kajometal.eu\/en\/#website"},"datePublished":"2024-01-10T09:57:08+00:00","dateModified":"2024-03-01T08:44:10+00:00","description":"Wrapped bushes KX. Composite self lubricating bearings","breadcrumb":{"@id":"https:\/\/www.kajometal.eu\/en\/b20-metric-standard-strip\/#breadcrumb"},"inLanguage":"en-US","potentialAction":[{"@type":"ReadAction","target":["https:\/\/www.kajometal.eu\/en\/b20-metric-standard-strip\/"]}]},{"@type":"BreadcrumbList","@id":"https:\/\/www.kajometal.eu\/en\/b20-metric-standard-strip\/#breadcrumb","itemListElement":[{"@type":"ListItem","position":1,"name":"Domovsk\u00e1 str\u00e1nka","item":"https:\/\/www.kajometal.eu\/en\/"},{"@type":"ListItem","position":2,"name":"B20 Metric Standard Strip"}]},{"@type":"WebSite","@id":"https:\/\/www.kajometal.eu\/en\/#website","url":"https:\/\/www.kajometal.eu\/en\/","name":"KAJOmetal s.r.o.","description":"V\u00fdroba klzn\u00fdch lo\u017e\u00edsk","potentialAction":[{"@type":"SearchAction","target":{"@type":"EntryPoint","urlTemplate":"https:\/\/www.kajometal.eu\/en\/?s={search_term_string}"},"query-input":"required name=search_term_string"}],"inLanguage":"en-US"}]}},"_links":{"self":[{"href":"https:\/\/www.kajometal.eu\/en\/wp-json\/wp\/v2\/pages\/5641","targetHints":{"allow":["GET"]}}],"collection":[{"href":"https:\/\/www.kajometal.eu\/en\/wp-json\/wp\/v2\/pages"}],"about":[{"href":"https:\/\/www.kajometal.eu\/en\/wp-json\/wp\/v2\/types\/page"}],"author":[{"embeddable":true,"href":"https:\/\/www.kajometal.eu\/en\/wp-json\/wp\/v2\/users\/1"}],"replies":[{"embeddable":true,"href":"https:\/\/www.kajometal.eu\/en\/wp-json\/wp\/v2\/comments?post=5641"}],"version-history":[{"count":2,"href":"https:\/\/www.kajometal.eu\/en\/wp-json\/wp\/v2\/pages\/5641\/revisions"}],"predecessor-version":[{"id":5649,"href":"https:\/\/www.kajometal.eu\/en\/wp-json\/wp\/v2\/pages\/5641\/revisions\/5649"}],"wp:attachment":[{"href":"https:\/\/www.kajometal.eu\/en\/wp-json\/wp\/v2\/media?parent=5641"}],"curies":[{"name":"wp","href":"https:\/\/api.w.org\/{rel}","templated":true}]}}