{"id":5595,"date":"2024-01-25T10:27:16","date_gmt":"2024-01-25T09:27:16","guid":{"rendered":"https:\/\/www.kajometal.eu\/b102-motorove-loziska-tenkostenne\/"},"modified":"2024-03-01T09:42:18","modified_gmt":"2024-03-01T08:42:18","slug":"b102-thin-walled-motor-bearings","status":"publish","type":"page","link":"https:\/\/www.kajometal.eu\/en\/b102-thin-walled-motor-bearings\/","title":{"rendered":"B102 Thin-walled motor bearings"},"content":{"rendered":"<section class=\"wpb-content-wrapper\"><p>[vc_row][vc_column]<div class=\"mgt-header-block clearfix text-center text-white wpb_content_element  mgt-header-block-style-1 mgt-header-texttransform-header  vc_custom_1708931962082\"><h2 class=\"mgt-header-block-title\">B102 Thin-walled motor bearings<\/h2><\/div>[vc_empty_space][\/vc_column][\/vc_row][vc_row][vc_column width=&#8221;1\/4&#8243;][vc_single_image image=&#8221;5529&#8243; img_size=&#8221;full&#8221;][vc_empty_space][\/vc_column][vc_column width=&#8221;3\/4&#8243;][vc_column_text]Bimetallic thin-walled bearing shells with CuPb slide layer are designed for hydrodynamic lubrication conditions and are suitable for static and dynamic load.<br \/>\nA bimetallic strip with B22 and B30 lining is used for their production. The steel base is surfaced with the lining via powder metallurgy process and then compacted by rolling.<br \/>\nThe uniform structure is a guarantee of the high efficiency and good slide behaviour in the boundary friction, too. These bearings have on the functional surface the thin layer of PbSn9 or PbSn9Cu2 with thickness ranging in size from 0,01 mm to 0,03 mm which layer provides a protection against damage and improves the corrosion resistance.<br \/>\nNo surface hardening of the pin is applied. The slide material CuPb22Sn4 having the higher dynamic efficiency is used in high load conditions.<br \/>\nThey are designed as a finished assembly unit with defined bearing play and are ready to assemble.[\/vc_column_text][vc_empty_space][\/vc_column][\/vc_row][vc_row][vc_column width=&#8221;1\/4&#8243;][\/vc_column][vc_column width=&#8221;3\/4&#8243;][vc_column_text]<\/p>\n<h3><strong>TECHNICAL DATA<\/strong><\/h3>\n<p>[\/vc_column_text][vc_column_text]<\/p>\n<table width=\"427\">\n<tbody>\n<tr>\n<td rowspan=\"1\" width=\"160\"><strong>Designation of sliding material<\/strong><\/td>\n<td rowspan=\"1\" width=\"89\"><strong>SX<\/strong><\/td>\n<td rowspan=\"1\" width=\"89\"><strong>SL<\/strong><\/td>\n<td rowspan=\"1\" width=\"89\"><strong>SY<\/strong><\/td>\n<\/tr>\n<tr>\n<td rowspan=\"1\"><strong>Chemical composition<\/strong><\/td>\n<td rowspan=\"1\">CuPb<sub>22<\/sub>Sn<sub>4<\/sub><\/td>\n<td rowspan=\"1\">CuPb<sub>30<\/sub><\/td>\n<td rowspan=\"1\" width=\"89\">SnPb<sub>10<\/sub>Sn<sub>10<\/sub><\/td>\n<\/tr>\n<tr>\n<td rowspan=\"1\"><strong>Hardness of sliding layer<\/strong><\/td>\n<td rowspan=\"1\">65-85HV5<\/td>\n<td rowspan=\"1\">45-65HV5<\/td>\n<td rowspan=\"1\">80-130HV5<\/td>\n<\/tr>\n<tr>\n<td rowspan=\"1\" width=\"160\"><strong>Hardness of the base steel<\/strong><\/td>\n<td rowspan=\"1\" width=\"89\">90-150 Hv5<\/td>\n<td rowspan=\"1\" width=\"89\">90-150 Hv5<\/td>\n<td rowspan=\"1\" width=\"89\">90-150 Hv5<\/td>\n<\/tr>\n<\/tbody>\n<\/table>\n<p>[\/vc_column_text][vc_empty_space][\/vc_column][\/vc_row][vc_row][vc_column width=&#8221;1\/4&#8243;][\/vc_column][vc_column width=&#8221;3\/4&#8243;]<div class=\"mgt-header-block clearfix text-left text-black wpb_content_element  mgt-header-block-style-1 mgt-header-texttransform-header \"><h2 class=\"mgt-header-block-title\">SEND INQUIRY<\/h2><p class=\"mgt-header-block-subtitle\">Our customer service will contact you.<\/p><\/div>[vc_separator color=&#8221;custom&#8221; border_width=&#8221;2&#8243; accent_color=&#8221;#06847e&#8221;][vc_empty_space][\/vc_column][\/vc_row][vc_row][vc_column width=&#8221;1\/4&#8243;][\/vc_column][vc_column width=&#8221;3\/4&#8243;]\n<div class=\"wpcf7 no-js\" id=\"wpcf7-f5584-o1\" lang=\"en-US\" dir=\"ltr\">\n<div class=\"screen-reader-response\"><p role=\"status\" aria-live=\"polite\" aria-atomic=\"true\"><\/p> <ul><\/ul><\/div>\n<form action=\"\/en\/wp-json\/wp\/v2\/pages\/5595#wpcf7-f5584-o1\" method=\"post\" class=\"wpcf7-form init\" aria-label=\"Contact form\" novalidate=\"novalidate\" data-status=\"init\">\n<div style=\"display: none;\">\n<input type=\"hidden\" name=\"_wpcf7\" value=\"5584\" \/>\n<input type=\"hidden\" name=\"_wpcf7_version\" value=\"5.9.3\" \/>\n<input type=\"hidden\" name=\"_wpcf7_locale\" value=\"en_US\" \/>\n<input type=\"hidden\" name=\"_wpcf7_unit_tag\" value=\"wpcf7-f5584-o1\" \/>\n<input type=\"hidden\" name=\"_wpcf7_container_post\" value=\"0\" \/>\n<input type=\"hidden\" name=\"_wpcf7_posted_data_hash\" value=\"\" \/>\n<input type=\"hidden\" name=\"_wpcf7_recaptcha_response\" value=\"\" \/>\n<\/div>\n<div class=\"row\">\n\t<div class=\"col-md-6\">\n\t\t<p><span style=\"color: #000000;\">Product designation<\/span>\n\t\t<\/p>\n\t\t<p><span class=\"wpcf7-form-control-wrap\" data-name=\"your-subject\"><input size=\"40\" class=\"wpcf7-form-control wpcf7-text\" aria-invalid=\"false\" value=\"\" type=\"text\" name=\"your-subject\" \/><\/span>\n\t\t<\/p>\n\t\t<p><span style=\"color: #000000;\">E-mail<\/span>\n\t\t<\/p>\n\t\t<p><span class=\"wpcf7-form-control-wrap\" data-name=\"your-email\"><input size=\"40\" class=\"wpcf7-form-control wpcf7-email wpcf7-validates-as-required wpcf7-text wpcf7-validates-as-email\" aria-required=\"true\" aria-invalid=\"false\" value=\"\" type=\"email\" name=\"your-email\" \/><\/span>\n\t\t<\/p>\n\t<\/div>\n\t<div class=\"col-md-6\">\n\t\t<p><span style=\"color: #000000;\">Your name \/ Company name<\/span>\n\t\t<\/p>\n\t\t<p><span class=\"wpcf7-form-control-wrap\" data-name=\"your-name\"><input size=\"40\" class=\"wpcf7-form-control wpcf7-text wpcf7-validates-as-required\" aria-required=\"true\" aria-invalid=\"false\" value=\"\" type=\"text\" name=\"your-name\" \/><\/span>\n\t\t<\/p>\n\t\t<p><span style=\"color: #000000;\">Phone<\/span>\n\t\t<\/p>\n\t\t<p><span class=\"wpcf7-form-control-wrap\" data-name=\"ContactPhone\"><input size=\"40\" class=\"wpcf7-form-control wpcf7-tel wpcf7-validates-as-required wpcf7-text wpcf7-validates-as-tel\" aria-required=\"true\" aria-invalid=\"false\" placeholder=\"\" value=\"\" type=\"tel\" name=\"ContactPhone\" \/><\/span>\n\t\t<\/p>\n\t<\/div>\n\t<div class=\"col-md-12\">\n\t\t<p><span style=\"color: #000000;\">Message<\/span>\n\t\t<\/p>\n\t\t<p><span class=\"wpcf7-form-control-wrap\" data-name=\"your-description\"><textarea cols=\"40\" rows=\"10\" class=\"wpcf7-form-control wpcf7-textarea\" aria-invalid=\"false\" name=\"your-description\"><\/textarea><\/span>\n\t\t<\/p>\n\t\t<p><span style=\"color: #000000;\">By submitting the form, you agree to the <a href=\"https:\/\/www.kajometal.eu\/ochrana-osobnych-udajov\/\">Privacy Policy<\/a><\/span>\n\t\t<\/p>\n\t<\/div>\n\t<div class=\"col-md-12 col-sm-12\">\n\t\t<p><input class=\"wpcf7-form-control wpcf7-submit has-spinner\" type=\"submit\" value=\"SEND\" \/>\n\t\t<\/p>\n\t<\/div>\n<\/div><div class=\"wpcf7-response-output\" aria-hidden=\"true\"><\/div>\n<\/form>\n<\/div>\n[vc_empty_space][\/vc_column][\/vc_row][vc_row][vc_column][vc_empty_space height=&#8221;80px&#8221;][\/vc_column][\/vc_row][vc_row][vc_column width=&#8221;1\/5&#8243;][\/vc_column][vc_column width=&#8221;1\/5&#8243;][\/vc_column][vc_column width=&#8221;1\/5&#8243;][vc_single_image image=&#8221;5525&#8243; img_size=&#8221;full&#8221;][vc_column_text]<\/p>\n<h3 style=\"text-align: center;\"><strong>Thick-walled motor bearings<br \/>\n<\/strong><strong>B100<\/strong><\/h3>\n<p>[\/vc_column_text][vc_btn title=&#8221;READ MORE&#8221; style=&#8221;custom&#8221; custom_background=&#8221;#06847e&#8221; custom_text=&#8221;#ffffff&#8221; align=&#8221;center&#8221; link=&#8221;url:https%3A%2F%2Fwww.kajometal.eu%2Fen%2Fb100-thick-walled-motor-bearings%2F|title:B100%20Thick-walled%20motor%20bearings&#8221;][vc_empty_space][\/vc_column][vc_column width=&#8221;1\/5&#8243;][vc_single_image image=&#8221;5527&#8243; img_size=&#8221;full&#8221;][vc_column_text]<\/p>\n<h3 style=\"text-align: center;\"><strong>Thin-walled motor bearings<br \/>\n<\/strong><strong>B101<\/strong><\/h3>\n<p>[\/vc_column_text][vc_btn title=&#8221;READ MORE&#8221; style=&#8221;custom&#8221; custom_background=&#8221;#06847e&#8221; custom_text=&#8221;#ffffff&#8221; align=&#8221;center&#8221; link=&#8221;url:https%3A%2F%2Fwww.kajometal.eu%2Fen%2Fb101-thin-walled-motor-bearings%2F|title:B101%20Thin-walled%20motor%20bearings&#8221;][vc_empty_space][\/vc_column][vc_column width=&#8221;1\/5&#8243;][\/vc_column][\/vc_row]<\/p>\n<\/section>","protected":false},"excerpt":{"rendered":"<p>[vc_row][vc_column][vc_empty_space][\/vc_column][\/vc_row][vc_row][vc_column width=&#8221;1\/4&#8243;][vc_single_image image=&#8221;5529&#8243; img_size=&#8221;full&#8221;][vc_empty_space][\/vc_column][vc_column width=&#8221;3\/4&#8243;][vc_column_text]Bimetallic thin-walled bearing shells with CuPb slide layer are designed for hydrodynamic lubrication conditions and are suitable for static and dynamic load. A bimetallic strip with&#8230;<\/p>\n","protected":false},"author":1,"featured_media":0,"parent":0,"menu_order":0,"comment_status":"closed","ping_status":"closed","template":"","meta":{"footnotes":""},"class_list":["post-5595","page","type-page","status-publish","hentry"],"yoast_head":"<!-- This site is optimized with the Yoast SEO plugin v22.4 - https:\/\/yoast.com\/wordpress\/plugins\/seo\/ -->\n<title>B102 Thin-walled motor bearings - KAJOmetal s.r.o.<\/title>\n<meta name=\"description\" content=\"B102 Bimetallic thin-walled shells with cupb slide layer\" \/>\n<meta name=\"robots\" content=\"index, follow, max-snippet:-1, max-image-preview:large, max-video-preview:-1\" \/>\n<link rel=\"canonical\" href=\"https:\/\/www.kajometal.eu\/en\/b102-thin-walled-motor-bearings\/\" \/>\n<meta property=\"og:locale\" content=\"en_US\" \/>\n<meta property=\"og:type\" content=\"article\" \/>\n<meta property=\"og:title\" content=\"B102 Thin-walled motor bearings - KAJOmetal s.r.o.\" \/>\n<meta property=\"og:description\" content=\"B102 Bimetallic thin-walled shells with cupb slide layer\" \/>\n<meta property=\"og:url\" content=\"https:\/\/www.kajometal.eu\/en\/b102-thin-walled-motor-bearings\/\" \/>\n<meta property=\"og:site_name\" content=\"KAJOmetal s.r.o.\" \/>\n<meta property=\"article:modified_time\" content=\"2024-03-01T08:42:18+00:00\" \/>\n<meta name=\"twitter:card\" content=\"summary_large_image\" \/>\n<meta name=\"twitter:label1\" content=\"Est. reading time\" \/>\n\t<meta name=\"twitter:data1\" content=\"3 minutes\" \/>\n<script type=\"application\/ld+json\" class=\"yoast-schema-graph\">{\"@context\":\"https:\/\/schema.org\",\"@graph\":[{\"@type\":\"WebPage\",\"@id\":\"https:\/\/www.kajometal.eu\/en\/b102-thin-walled-motor-bearings\/\",\"url\":\"https:\/\/www.kajometal.eu\/en\/b102-thin-walled-motor-bearings\/\",\"name\":\"B102 Thin-walled motor bearings - KAJOmetal s.r.o.\",\"isPartOf\":{\"@id\":\"https:\/\/www.kajometal.eu\/en\/#website\"},\"datePublished\":\"2024-01-25T09:27:16+00:00\",\"dateModified\":\"2024-03-01T08:42:18+00:00\",\"description\":\"B102 Bimetallic thin-walled shells with cupb slide layer\",\"breadcrumb\":{\"@id\":\"https:\/\/www.kajometal.eu\/en\/b102-thin-walled-motor-bearings\/#breadcrumb\"},\"inLanguage\":\"en-US\",\"potentialAction\":[{\"@type\":\"ReadAction\",\"target\":[\"https:\/\/www.kajometal.eu\/en\/b102-thin-walled-motor-bearings\/\"]}]},{\"@type\":\"BreadcrumbList\",\"@id\":\"https:\/\/www.kajometal.eu\/en\/b102-thin-walled-motor-bearings\/#breadcrumb\",\"itemListElement\":[{\"@type\":\"ListItem\",\"position\":1,\"name\":\"Domovsk\u00e1 str\u00e1nka\",\"item\":\"https:\/\/www.kajometal.eu\/en\/\"},{\"@type\":\"ListItem\",\"position\":2,\"name\":\"B102 Thin-walled motor bearings\"}]},{\"@type\":\"WebSite\",\"@id\":\"https:\/\/www.kajometal.eu\/en\/#website\",\"url\":\"https:\/\/www.kajometal.eu\/en\/\",\"name\":\"KAJOmetal s.r.o.\",\"description\":\"V\u00fdroba klzn\u00fdch lo\u017e\u00edsk\",\"potentialAction\":[{\"@type\":\"SearchAction\",\"target\":{\"@type\":\"EntryPoint\",\"urlTemplate\":\"https:\/\/www.kajometal.eu\/en\/?s={search_term_string}\"},\"query-input\":\"required name=search_term_string\"}],\"inLanguage\":\"en-US\"}]}<\/script>\n<!-- \/ Yoast SEO plugin. -->","yoast_head_json":{"title":"B102 Thin-walled motor bearings - KAJOmetal s.r.o.","description":"B102 Bimetallic thin-walled shells with cupb slide layer","robots":{"index":"index","follow":"follow","max-snippet":"max-snippet:-1","max-image-preview":"max-image-preview:large","max-video-preview":"max-video-preview:-1"},"canonical":"https:\/\/www.kajometal.eu\/en\/b102-thin-walled-motor-bearings\/","og_locale":"en_US","og_type":"article","og_title":"B102 Thin-walled motor bearings - KAJOmetal s.r.o.","og_description":"B102 Bimetallic thin-walled shells with cupb slide layer","og_url":"https:\/\/www.kajometal.eu\/en\/b102-thin-walled-motor-bearings\/","og_site_name":"KAJOmetal s.r.o.","article_modified_time":"2024-03-01T08:42:18+00:00","twitter_card":"summary_large_image","twitter_misc":{"Est. reading time":"3 minutes"},"schema":{"@context":"https:\/\/schema.org","@graph":[{"@type":"WebPage","@id":"https:\/\/www.kajometal.eu\/en\/b102-thin-walled-motor-bearings\/","url":"https:\/\/www.kajometal.eu\/en\/b102-thin-walled-motor-bearings\/","name":"B102 Thin-walled motor bearings - KAJOmetal s.r.o.","isPartOf":{"@id":"https:\/\/www.kajometal.eu\/en\/#website"},"datePublished":"2024-01-25T09:27:16+00:00","dateModified":"2024-03-01T08:42:18+00:00","description":"B102 Bimetallic thin-walled shells with cupb slide layer","breadcrumb":{"@id":"https:\/\/www.kajometal.eu\/en\/b102-thin-walled-motor-bearings\/#breadcrumb"},"inLanguage":"en-US","potentialAction":[{"@type":"ReadAction","target":["https:\/\/www.kajometal.eu\/en\/b102-thin-walled-motor-bearings\/"]}]},{"@type":"BreadcrumbList","@id":"https:\/\/www.kajometal.eu\/en\/b102-thin-walled-motor-bearings\/#breadcrumb","itemListElement":[{"@type":"ListItem","position":1,"name":"Domovsk\u00e1 str\u00e1nka","item":"https:\/\/www.kajometal.eu\/en\/"},{"@type":"ListItem","position":2,"name":"B102 Thin-walled motor bearings"}]},{"@type":"WebSite","@id":"https:\/\/www.kajometal.eu\/en\/#website","url":"https:\/\/www.kajometal.eu\/en\/","name":"KAJOmetal s.r.o.","description":"V\u00fdroba klzn\u00fdch lo\u017e\u00edsk","potentialAction":[{"@type":"SearchAction","target":{"@type":"EntryPoint","urlTemplate":"https:\/\/www.kajometal.eu\/en\/?s={search_term_string}"},"query-input":"required name=search_term_string"}],"inLanguage":"en-US"}]}},"_links":{"self":[{"href":"https:\/\/www.kajometal.eu\/en\/wp-json\/wp\/v2\/pages\/5595","targetHints":{"allow":["GET"]}}],"collection":[{"href":"https:\/\/www.kajometal.eu\/en\/wp-json\/wp\/v2\/pages"}],"about":[{"href":"https:\/\/www.kajometal.eu\/en\/wp-json\/wp\/v2\/types\/page"}],"author":[{"embeddable":true,"href":"https:\/\/www.kajometal.eu\/en\/wp-json\/wp\/v2\/users\/1"}],"replies":[{"embeddable":true,"href":"https:\/\/www.kajometal.eu\/en\/wp-json\/wp\/v2\/comments?post=5595"}],"version-history":[{"count":4,"href":"https:\/\/www.kajometal.eu\/en\/wp-json\/wp\/v2\/pages\/5595\/revisions"}],"predecessor-version":[{"id":5610,"href":"https:\/\/www.kajometal.eu\/en\/wp-json\/wp\/v2\/pages\/5595\/revisions\/5610"}],"wp:attachment":[{"href":"https:\/\/www.kajometal.eu\/en\/wp-json\/wp\/v2\/media?parent=5595"}],"curies":[{"name":"wp","href":"https:\/\/api.w.org\/{rel}","templated":true}]}}