{"id":5386,"date":"2023-12-04T11:34:48","date_gmt":"2023-12-04T10:34:48","guid":{"rendered":"https:\/\/www.kajometal.eu\/b20-zakruzovane-puzdra\/"},"modified":"2024-03-01T09:45:27","modified_gmt":"2024-03-01T08:45:27","slug":"b20-wrapped-bushes-kx","status":"publish","type":"page","link":"https:\/\/www.kajometal.eu\/en\/b20-wrapped-bushes-kx\/","title":{"rendered":"B20 Wrapped bushes KX"},"content":{"rendered":"<section class=\"wpb-content-wrapper\"><p>[vc_row][vc_column]<div class=\"mgt-header-block clearfix text-center text-white wpb_content_element  mgt-header-block-style-1 mgt-header-texttransform-header  vc_custom_1708938231730\"><h2 class=\"mgt-header-block-title\">B20 Wrapped bushes KX<\/h2><\/div>[vc_empty_space][vc_column_text]<\/p>\n<h3><strong><span style=\"color: #333333;\">TECHNICAL DATA<\/span><\/strong><\/h3>\n<p><span style=\"color: #333333;\"><strong>\u2022 <b>Structure<\/b>:<\/strong> B20(KX) bearing is a 3-layer wrapped of steel-sheets with a layer of POM<\/span><br \/>\n<span style=\"color: #333333;\"><strong>\u2022 <b>Static load<\/b>:<\/strong> 250 N\/mm<sup>2<\/sup><\/span><br \/>\n<span style=\"color: #333333;\"><strong>\u2022 <b>Dynamic load<\/b>:<\/strong> 140 N\/mm<sup>2<br \/>\n<\/sup><\/span><span style=\"color: #333333;\"><strong>\u2022 <b>Rotating oscillating<\/b>: <\/strong>70 N\/mm<sup>2<\/sup><strong><br \/>\n<\/strong><\/span><span style=\"color: #333333;\"><strong>\u2022 <b>Operating temperature<\/b>: <\/strong>-40\u00b0C &#8211; +110\u00b0C<strong><br \/>\n\u2022 <b>Thermal conductivity<\/b>: <\/strong>4 W\/mK<strong><br \/>\n\u2022 <b>Friction coefficient<\/b>: <\/strong>0.05 &#8211; 0.020<strong><br \/>\n\u2022 <b>Coefficient of thermal expansion<\/b><b>: <\/b><\/strong>11*10<sup>-6<\/sup>*K<sup>-1<\/sup><strong><br \/>\n\u2022 <b>Max. speed &#8211; Dry running<\/b><b>: <\/b><\/strong>2m\/s<strong><br \/>\n\u2022 <b>Max. speed &#8211; Hydrodynamic coperation<\/b><b>: <\/b><\/strong>&gt;2m\/s<strong><br \/>\n<\/strong><\/span>[\/vc_column_text][\/vc_column][\/vc_row][vc_row][vc_column][vc_tta_accordion color=&#8221;white&#8221; active_section=&#8221;1&#8243;][vc_tta_section title=&#8221;Description&#8221; tab_id=&#8221;1707217744886-aeaf5582-46d1&#8243;][vc_column_text]KX is a 3-layer bearing, wrapped of steel-sheets with a layer of POM. The standard bearing is fitted with lubrication indents on the running surface. These lubrication indents serve as lubrication reservoirs and are aimed to be filled with grease before mounting the shaft. KX-bearing is a boundary lubricated bearing which is especially suitable for constructions, where medium loads and relatively slow rotating or oscillating movements are occurring. The thin layer POM (0,3 &#8211; 0,5 mm), which constitute the running surface of the bearing, ought to be well protected to avoid mounting damages and also for heating from e.g. welding. Additional lubrication ought to be done through the shafts or radial through the housings. All custom greases can be used, but greases with additives of graphite or molybdenum-disulphide must be avoided. KX-bearings need in most of cases very little additional lubrication.[\/vc_column_text][\/vc_tta_section][vc_tta_section title=&#8221;Benefits&#8221; tab_id=&#8221;1707217744901-9ff3e54d-0b74&#8243;][vc_column_text]- Suitable for rotating and oscillating movements<br \/>\n&#8211; Can be used where effective lubrication does not exist<br \/>\n&#8211; Low friction even without lubrication<br \/>\n&#8211; Good resistance to most common mediums<br \/>\n&#8211; Wide range of stock hold standard dimensions<br \/>\n&#8211; Many possible applications[\/vc_column_text][\/vc_tta_section][vc_tta_section title=&#8221;Special&#8221; tab_id=&#8221;1707218076373-60bb72d9-7faf&#8221;][vc_column_text]- Stainless steel backing<br \/>\n&#8211; Bronze backing<br \/>\n&#8211; Without lubrication indents<br \/>\n&#8211; Flat or spherical thrust washers<br \/>\n&#8211; Other positions of tolerance<br \/>\n&#8211; Drawing details[\/vc_column_text][\/vc_tta_section][vc_tta_section title=&#8221;Applications&#8221; tab_id=&#8221;1707218142744-14f92af5-f601&#8243;][vc_column_text]- Hydraulic cranes<br \/>\n&#8211; Tail lifts<br \/>\n&#8211; Textile machines<br \/>\n&#8211; Hydraulic cylinders<br \/>\n&#8211; Pneumatic cylinders<br \/>\n&#8211; Agricultural machines[\/vc_column_text][\/vc_tta_section][\/vc_tta_accordion][vc_empty_space height=&#8221;60px&#8221;][\/vc_column][\/vc_row][vc_row css=&#8221;.vc_custom_1460536155154{margin-right: -25px !important;margin-left: -15px !important;}&#8221;][vc_column width=&#8221;1\/3&#8243;][vc_single_image image=&#8221;4213&#8243; alignment=&#8221;center&#8221;][vc_column_text]<\/p>\n<h3 style=\"text-align: center;\">Metric Cylindrical Bushes<\/h3>\n<p>[\/vc_column_text][vc_btn title=&#8221;READ MORE&#8221; style=&#8221;custom&#8221; custom_background=&#8221;#06847e&#8221; custom_text=&#8221;#ffffff&#8221; align=&#8221;center&#8221; link=&#8221;url:https%3A%2F%2Fwww.kajometal.eu%2Fen%2Fb20-metric-cylindrical-bushes%2F|title:B20%20Metric%20Cylindrical%20Bushes&#8221;][vc_empty_space][\/vc_column][vc_column width=&#8221;1\/3&#8243;][vc_single_image image=&#8221;4216&#8243; alignment=&#8221;center&#8221;][vc_column_text]<\/p>\n<h3 style=\"text-align: center;\">Metric Thrust Washer<\/h3>\n<p>[\/vc_column_text][vc_btn title=&#8221;READ MORE&#8221; style=&#8221;custom&#8221; custom_background=&#8221;#06847e&#8221; custom_text=&#8221;#ffffff&#8221; align=&#8221;center&#8221; link=&#8221;url:https%3A%2F%2Fwww.kajometal.eu%2Fen%2Fb20-metric-thrust-washer%2F|title:B20%20Metric%20Thrust%20Washer&#8221;][vc_empty_space][\/vc_column][vc_column width=&#8221;1\/3&#8243;][vc_single_image image=&#8221;4218&#8243; alignment=&#8221;center&#8221;][vc_column_text]<\/p>\n<h3 style=\"text-align: center;\">Metric Standard Strip<\/h3>\n<p>[\/vc_column_text][vc_btn title=&#8221;READ MORE&#8221; style=&#8221;custom&#8221; custom_background=&#8221;#06847e&#8221; custom_text=&#8221;#ffffff&#8221; align=&#8221;center&#8221; link=&#8221;url:https%3A%2F%2Fwww.kajometal.eu%2Fen%2Fb20-metric-standard-strip%2F|title:B20%20Metric%20Standard%20Strip&#8221;][vc_empty_space][\/vc_column][\/vc_row]<\/p>\n<\/section>","protected":false},"excerpt":{"rendered":"<p>[vc_row][vc_column][vc_empty_space][vc_column_text] TECHNICAL DATA \u2022 Structure: B20(KX) bearing is a 3-layer wrapped of steel-sheets with a layer of POM \u2022 Static load: 250 N\/mm2 \u2022 Dynamic load: 140 N\/mm2 \u2022 Rotating&#8230;<\/p>\n","protected":false},"author":1,"featured_media":0,"parent":0,"menu_order":0,"comment_status":"closed","ping_status":"closed","template":"","meta":{"footnotes":""},"class_list":["post-5386","page","type-page","status-publish","hentry"],"yoast_head":"<!-- This site is optimized with the Yoast SEO plugin v22.4 - https:\/\/yoast.com\/wordpress\/plugins\/seo\/ -->\n<title>B20 Wrapped bushes KX - KAJOmetal s.r.o.<\/title>\n<meta name=\"description\" content=\"Wrapped bushes KX. Composite self lubricating bearings\" \/>\n<meta name=\"robots\" content=\"index, follow, max-snippet:-1, max-image-preview:large, max-video-preview:-1\" \/>\n<link rel=\"canonical\" href=\"https:\/\/www.kajometal.eu\/en\/b20-wrapped-bushes-kx\/\" \/>\n<meta property=\"og:locale\" content=\"en_US\" \/>\n<meta property=\"og:type\" content=\"article\" \/>\n<meta property=\"og:title\" content=\"B20 Wrapped bushes KX - KAJOmetal s.r.o.\" \/>\n<meta property=\"og:description\" content=\"Wrapped bushes KX. Composite self lubricating bearings\" \/>\n<meta property=\"og:url\" content=\"https:\/\/www.kajometal.eu\/en\/b20-wrapped-bushes-kx\/\" \/>\n<meta property=\"og:site_name\" content=\"KAJOmetal s.r.o.\" \/>\n<meta property=\"article:modified_time\" content=\"2024-03-01T08:45:27+00:00\" \/>\n<meta name=\"twitter:card\" content=\"summary_large_image\" \/>\n<meta name=\"twitter:label1\" content=\"Est. reading time\" \/>\n\t<meta name=\"twitter:data1\" content=\"3 minutes\" \/>\n<script type=\"application\/ld+json\" class=\"yoast-schema-graph\">{\"@context\":\"https:\/\/schema.org\",\"@graph\":[{\"@type\":\"WebPage\",\"@id\":\"https:\/\/www.kajometal.eu\/en\/b20-wrapped-bushes-kx\/\",\"url\":\"https:\/\/www.kajometal.eu\/en\/b20-wrapped-bushes-kx\/\",\"name\":\"B20 Wrapped bushes KX - KAJOmetal s.r.o.\",\"isPartOf\":{\"@id\":\"https:\/\/www.kajometal.eu\/en\/#website\"},\"datePublished\":\"2023-12-04T10:34:48+00:00\",\"dateModified\":\"2024-03-01T08:45:27+00:00\",\"description\":\"Wrapped bushes KX. Composite self lubricating bearings\",\"breadcrumb\":{\"@id\":\"https:\/\/www.kajometal.eu\/en\/b20-wrapped-bushes-kx\/#breadcrumb\"},\"inLanguage\":\"en-US\",\"potentialAction\":[{\"@type\":\"ReadAction\",\"target\":[\"https:\/\/www.kajometal.eu\/en\/b20-wrapped-bushes-kx\/\"]}]},{\"@type\":\"BreadcrumbList\",\"@id\":\"https:\/\/www.kajometal.eu\/en\/b20-wrapped-bushes-kx\/#breadcrumb\",\"itemListElement\":[{\"@type\":\"ListItem\",\"position\":1,\"name\":\"Domovsk\u00e1 str\u00e1nka\",\"item\":\"https:\/\/www.kajometal.eu\/en\/\"},{\"@type\":\"ListItem\",\"position\":2,\"name\":\"B20 Wrapped bushes KX\"}]},{\"@type\":\"WebSite\",\"@id\":\"https:\/\/www.kajometal.eu\/en\/#website\",\"url\":\"https:\/\/www.kajometal.eu\/en\/\",\"name\":\"KAJOmetal s.r.o.\",\"description\":\"V\u00fdroba klzn\u00fdch lo\u017e\u00edsk\",\"potentialAction\":[{\"@type\":\"SearchAction\",\"target\":{\"@type\":\"EntryPoint\",\"urlTemplate\":\"https:\/\/www.kajometal.eu\/en\/?s={search_term_string}\"},\"query-input\":\"required name=search_term_string\"}],\"inLanguage\":\"en-US\"}]}<\/script>\n<!-- \/ Yoast SEO plugin. -->","yoast_head_json":{"title":"B20 Wrapped bushes KX - KAJOmetal s.r.o.","description":"Wrapped bushes KX. Composite self lubricating bearings","robots":{"index":"index","follow":"follow","max-snippet":"max-snippet:-1","max-image-preview":"max-image-preview:large","max-video-preview":"max-video-preview:-1"},"canonical":"https:\/\/www.kajometal.eu\/en\/b20-wrapped-bushes-kx\/","og_locale":"en_US","og_type":"article","og_title":"B20 Wrapped bushes KX - KAJOmetal s.r.o.","og_description":"Wrapped bushes KX. Composite self lubricating bearings","og_url":"https:\/\/www.kajometal.eu\/en\/b20-wrapped-bushes-kx\/","og_site_name":"KAJOmetal s.r.o.","article_modified_time":"2024-03-01T08:45:27+00:00","twitter_card":"summary_large_image","twitter_misc":{"Est. reading time":"3 minutes"},"schema":{"@context":"https:\/\/schema.org","@graph":[{"@type":"WebPage","@id":"https:\/\/www.kajometal.eu\/en\/b20-wrapped-bushes-kx\/","url":"https:\/\/www.kajometal.eu\/en\/b20-wrapped-bushes-kx\/","name":"B20 Wrapped bushes KX - KAJOmetal s.r.o.","isPartOf":{"@id":"https:\/\/www.kajometal.eu\/en\/#website"},"datePublished":"2023-12-04T10:34:48+00:00","dateModified":"2024-03-01T08:45:27+00:00","description":"Wrapped bushes KX. Composite self lubricating bearings","breadcrumb":{"@id":"https:\/\/www.kajometal.eu\/en\/b20-wrapped-bushes-kx\/#breadcrumb"},"inLanguage":"en-US","potentialAction":[{"@type":"ReadAction","target":["https:\/\/www.kajometal.eu\/en\/b20-wrapped-bushes-kx\/"]}]},{"@type":"BreadcrumbList","@id":"https:\/\/www.kajometal.eu\/en\/b20-wrapped-bushes-kx\/#breadcrumb","itemListElement":[{"@type":"ListItem","position":1,"name":"Domovsk\u00e1 str\u00e1nka","item":"https:\/\/www.kajometal.eu\/en\/"},{"@type":"ListItem","position":2,"name":"B20 Wrapped bushes KX"}]},{"@type":"WebSite","@id":"https:\/\/www.kajometal.eu\/en\/#website","url":"https:\/\/www.kajometal.eu\/en\/","name":"KAJOmetal s.r.o.","description":"V\u00fdroba klzn\u00fdch lo\u017e\u00edsk","potentialAction":[{"@type":"SearchAction","target":{"@type":"EntryPoint","urlTemplate":"https:\/\/www.kajometal.eu\/en\/?s={search_term_string}"},"query-input":"required name=search_term_string"}],"inLanguage":"en-US"}]}},"_links":{"self":[{"href":"https:\/\/www.kajometal.eu\/en\/wp-json\/wp\/v2\/pages\/5386","targetHints":{"allow":["GET"]}}],"collection":[{"href":"https:\/\/www.kajometal.eu\/en\/wp-json\/wp\/v2\/pages"}],"about":[{"href":"https:\/\/www.kajometal.eu\/en\/wp-json\/wp\/v2\/types\/page"}],"author":[{"embeddable":true,"href":"https:\/\/www.kajometal.eu\/en\/wp-json\/wp\/v2\/users\/1"}],"replies":[{"embeddable":true,"href":"https:\/\/www.kajometal.eu\/en\/wp-json\/wp\/v2\/comments?post=5386"}],"version-history":[{"count":6,"href":"https:\/\/www.kajometal.eu\/en\/wp-json\/wp\/v2\/pages\/5386\/revisions"}],"predecessor-version":[{"id":5650,"href":"https:\/\/www.kajometal.eu\/en\/wp-json\/wp\/v2\/pages\/5386\/revisions\/5650"}],"wp:attachment":[{"href":"https:\/\/www.kajometal.eu\/en\/wp-json\/wp\/v2\/media?parent=5386"}],"curies":[{"name":"wp","href":"https:\/\/api.w.org\/{rel}","templated":true}]}}