{"id":5384,"date":"2023-12-01T12:06:52","date_gmt":"2023-12-01T11:06:52","guid":{"rendered":"https:\/\/www.kajometal.eu\/b10-zakruzovane-puzdra\/"},"modified":"2026-03-09T17:19:50","modified_gmt":"2026-03-09T16:19:50","slug":"b10-wrapped-bushes-ku","status":"publish","type":"page","link":"https:\/\/www.kajometal.eu\/en\/b10-wrapped-bushes-ku\/","title":{"rendered":"B10 Rounded bushings KU"},"content":{"rendered":"<section class=\"wpb-content-wrapper\"><p>[vc_row][vc_column]<div class=\"mgt-header-block clearfix text-center text-white wpb_content_element  mgt-header-block-style-1 mgt-header-texttransform-header  vc_custom_1764063897218\"><h2 class=\"mgt-header-block-title\">B10 Rounded bushings KU<\/h2><\/div>[vc_empty_space][vc_column_text]<\/p>\n<h3><strong><span style=\"color: #333333;\">TECHNICAL DATA<\/span><\/strong><\/h3>\n<p><span style=\"color: #333333;\">&#8211; <strong>Structure:<\/strong> the B10 (KU) bearing is a 3-layer bearing twisted from a metal strip with a PTFE layer<\/span><br \/>\n<span style=\"color: #333333;\">&#8211; <strong>Static load:<\/strong> 250 <sup>N\/mm2<\/sup><\/span><br \/>\n<span style=\"color: #333333;\">&#8211;<strong>Dynamic load:<\/strong> 140 <sup>N\/mm2<br \/>\n<\/sup><\/span><span style=\"color: #333333;\">&#8211; <strong>Rotational oscillation: <\/strong>60 <sup>N\/mm2<\/sup><strong><br \/>\n<\/strong><\/span><span style=\"color: #333333;\">&#8211; <strong>Operating temperature: <\/strong>-195\u00b0C &#8211; +280\u00b0C<strong><br \/>\n&#8211; Thermal conductivity: <\/strong>46 W\/mK<strong><br \/>\n&#8211; Coefficient of friction: <\/strong>0.03 &#8211; 0.20<strong><br \/>\n&#8211; Max. PV without lubrication &#8211; short-term operation: <\/strong>3.6 <sup>N\/mm2*m\/s<\/sup><strong><br \/>\n&#8211; Max. PV without lubrication &#8211; continuous operation: <\/strong>1.8 <sup>N\/mm2*m\/s<\/sup><strong><br \/>\n&#8211; Max. speed &#8211; without lubrication: <\/strong>2m\/s<strong><br \/>\n&#8211; Max. speed &#8211; hydrodynamic operation: <\/strong>&gt;2m\/s<\/span>[\/vc_column_text][\/vc_column][\/vc_row][vc_row][vc_column][vc_tta_accordion color=&#8221;white&#8221; active_section=&#8221;1&#8243;][vc_tta_section title=&#8221;Product description&#8221; tab_id=&#8221;1707215708659-dd8979d9-32f8&#8243;][vc_column_text]KU bushings are 3-layer bearings made of a metal strip with a PTFE layer. The bearings are especially suited for oscillating motion, bearing assemblies with frequent starts and stops, or where it is necessary to obtain minimum dry friction when lubrication is not an option.<br \/>\nBecause friction is very low, B10 (KU) bearings can be used without additional lubrication. B10 (KU) bearings are resistant to most common media. The thin layer that forms the functional surface should be carefully protected against damage during assembly and also protected against overheating, e.g. during welding.[\/vc_column_text][\/vc_tta_section][vc_tta_section title=&#8221;Product advantages&#8221; tab_id=&#8221;1707215708675-1bb4fca5-c329&#8243;][vc_column_text]-are designed to operate without lubrication<br \/>\n-have a wide temperature range<br \/>\n-a high level of thermal conductivity<br \/>\n-good resistance to most common media<br \/>\n-a wide range of stocked dimensions<br \/>\n-many possible applications[\/vc_column_text][\/vc_tta_section][vc_tta_section title=&#8221;Special design&#8221; tab_id=&#8221;1707216200223-14d39d01-a56f&#8221;][vc_column_text]- stainless steel substrate<br \/>\n&#8211; bronze substrate<br \/>\n&#8211; lead-free sliding layer<br \/>\n&#8211; flat or spherical bottom pad<br \/>\n&#8211; other tolerance position, according to drawing requirements<br \/>\n&#8211; design according to drawing[\/vc_column_text][\/vc_tta_section][vc_tta_section title=&#8221;Product use&#8221; tab_id=&#8221;1707216255551-aa58d9ae-91c8&#8243;][vc_column_text]- lever hoists<br \/>\n&#8211; passenger lifts<br \/>\n&#8211; hydraulic pumps<br \/>\n&#8211; pneumatic cylinders<br \/>\n&#8211; textile machinery[\/vc_column_text][\/vc_tta_section][\/vc_tta_accordion][vc_empty_space height=&#8221;60px&#8221;][\/vc_column][\/vc_row][vc_row css=&#8221;.vc_custom_1460536155154{margin-right: -25px !important;margin-left: -15px !important;}&#8221;][vc_column width=&#8221;1\/3&#8243;][vc_single_image image=&#8221;3583&#8243; alignment=&#8221;center&#8221;][vc_column_text]<\/p>\n<h3 style=\"text-align: center;\">Dimensions of the cylindrical housing<\/h3>\n<p>[\/vc_column_text][vc_btn title=&#8221;SELECT&#8221; style=&#8221;custom&#8221; custom_background=&#8221;#06847e&#8221; custom_text=&#8221;#ffffff&#8221; align=&#8221;center&#8221; link=&#8221;url:https%3A%2F%2Fwww.kajometal.eu%2Fen%2Fb10-metric-cylindrical-bushes%2F|&#8221;][vc_empty_space][vc_single_image image=&#8221;3588&#8243; alignment=&#8221;center&#8221;][vc_column_text]<\/p>\n<h3 style=\"text-align: center;\">Metric Standard Strip<\/h3>\n<p>[\/vc_column_text][vc_btn title=&#8221;SELECT&#8221; style=&#8221;custom&#8221; custom_background=&#8221;#06847e&#8221; custom_text=&#8221;#ffffff&#8221; align=&#8221;center&#8221; link=&#8221;url:https%3A%2F%2Fwww.kajometal.eu%2Fen%2Fb10-metric-standard-stip%2F&#8221;][vc_empty_space][\/vc_column][vc_column width=&#8221;1\/3&#8243;][vc_single_image image=&#8221;3585&#8243; alignment=&#8221;center&#8221;][vc_column_text]<\/p>\n<h3 style=\"text-align: center;\">Housing dimensions with flange<\/h3>\n<p>[\/vc_column_text][vc_btn title=&#8221;SELECT&#8221; style=&#8221;custom&#8221; custom_background=&#8221;#06847e&#8221; custom_text=&#8221;#ffffff&#8221; align=&#8221;center&#8221; link=&#8221;url:https%3A%2F%2Fwww.kajometal.eu%2Fen%2Fb10-metric-flange-bushes%2F|&#8221;][vc_empty_space][\/vc_column][vc_column width=&#8221;1\/3&#8243;][vc_single_image image=&#8221;3586&#8243; img_size=&#8221;100&#215;100&#8243; alignment=&#8221;center&#8221;][vc_column_text]<\/p>\n<h3 style=\"text-align: center;\">Dimensions of the thrust washer<\/h3>\n<p>[\/vc_column_text][vc_btn title=&#8221;SELECT&#8221; style=&#8221;custom&#8221; custom_background=&#8221;#06847e&#8221; custom_text=&#8221;#ffffff&#8221; align=&#8221;center&#8221; link=&#8221;url:https%3A%2F%2Fwww.kajometal.eu%2Fen%2Fb10-metric-thrust-washer%2F|&#8221;][vc_empty_space][\/vc_column][\/vc_row]<\/p>\n<\/section>","protected":false},"excerpt":{"rendered":"<p>[vc_row][vc_column][vc_empty_space][vc_column_text] TECHNICAL DATA &#8211; Structure: the B10 (KU) bearing is a 3-layer bearing twisted from a metal strip with a PTFE layer &#8211; Static load: 250 N\/mm2 &#8211;Dynamic load: 140&#8230;<\/p>\n","protected":false},"author":1,"featured_media":0,"parent":0,"menu_order":0,"comment_status":"closed","ping_status":"closed","template":"","meta":{"footnotes":""},"class_list":["post-5384","page","type-page","status-publish","hentry"],"yoast_head":"<!-- This site is optimized with the Yoast SEO plugin v22.4 - https:\/\/yoast.com\/wordpress\/plugins\/seo\/ -->\n<title>B10 Rounded bushings KU - KAJOmetal s.r.o.<\/title>\n<meta name=\"description\" content=\"Wrapped bushes KU. Steel bronze powder with PTFE\/PB dry bearing\" \/>\n<meta name=\"robots\" content=\"index, follow, max-snippet:-1, max-image-preview:large, max-video-preview:-1\" \/>\n<link rel=\"canonical\" href=\"https:\/\/www.kajometal.eu\/en\/b10-wrapped-bushes-ku\/\" \/>\n<meta property=\"og:locale\" content=\"en_US\" \/>\n<meta property=\"og:type\" content=\"article\" \/>\n<meta property=\"og:title\" content=\"B10 Rounded bushings KU - KAJOmetal s.r.o.\" \/>\n<meta property=\"og:description\" content=\"Wrapped bushes KU. Steel bronze powder with PTFE\/PB dry bearing\" \/>\n<meta property=\"og:url\" content=\"https:\/\/www.kajometal.eu\/en\/b10-wrapped-bushes-ku\/\" \/>\n<meta property=\"og:site_name\" content=\"KAJOmetal s.r.o.\" \/>\n<meta property=\"article:modified_time\" content=\"2026-03-09T16:19:50+00:00\" \/>\n<meta name=\"twitter:card\" content=\"summary_large_image\" \/>\n<meta name=\"twitter:label1\" content=\"Est. reading time\" \/>\n\t<meta name=\"twitter:data1\" content=\"3 minutes\" \/>\n<script type=\"application\/ld+json\" class=\"yoast-schema-graph\">{\"@context\":\"https:\/\/schema.org\",\"@graph\":[{\"@type\":\"WebPage\",\"@id\":\"https:\/\/www.kajometal.eu\/en\/b10-wrapped-bushes-ku\/\",\"url\":\"https:\/\/www.kajometal.eu\/en\/b10-wrapped-bushes-ku\/\",\"name\":\"B10 Rounded bushings KU - KAJOmetal s.r.o.\",\"isPartOf\":{\"@id\":\"https:\/\/www.kajometal.eu\/en\/#website\"},\"datePublished\":\"2023-12-01T11:06:52+00:00\",\"dateModified\":\"2026-03-09T16:19:50+00:00\",\"description\":\"Wrapped bushes KU. Steel bronze powder with PTFE\/PB dry bearing\",\"breadcrumb\":{\"@id\":\"https:\/\/www.kajometal.eu\/en\/b10-wrapped-bushes-ku\/#breadcrumb\"},\"inLanguage\":\"en-US\",\"potentialAction\":[{\"@type\":\"ReadAction\",\"target\":[\"https:\/\/www.kajometal.eu\/en\/b10-wrapped-bushes-ku\/\"]}]},{\"@type\":\"BreadcrumbList\",\"@id\":\"https:\/\/www.kajometal.eu\/en\/b10-wrapped-bushes-ku\/#breadcrumb\",\"itemListElement\":[{\"@type\":\"ListItem\",\"position\":1,\"name\":\"Domovsk\u00e1 str\u00e1nka\",\"item\":\"https:\/\/www.kajometal.eu\/en\/\"},{\"@type\":\"ListItem\",\"position\":2,\"name\":\"B10 Rounded bushings KU\"}]},{\"@type\":\"WebSite\",\"@id\":\"https:\/\/www.kajometal.eu\/en\/#website\",\"url\":\"https:\/\/www.kajometal.eu\/en\/\",\"name\":\"KAJOmetal s.r.o.\",\"description\":\"V\u00fdroba klzn\u00fdch lo\u017e\u00edsk\",\"potentialAction\":[{\"@type\":\"SearchAction\",\"target\":{\"@type\":\"EntryPoint\",\"urlTemplate\":\"https:\/\/www.kajometal.eu\/en\/?s={search_term_string}\"},\"query-input\":\"required name=search_term_string\"}],\"inLanguage\":\"en-US\"}]}<\/script>\n<!-- \/ Yoast SEO plugin. -->","yoast_head_json":{"title":"B10 Rounded bushings KU - KAJOmetal s.r.o.","description":"Wrapped bushes KU. Steel bronze powder with PTFE\/PB dry bearing","robots":{"index":"index","follow":"follow","max-snippet":"max-snippet:-1","max-image-preview":"max-image-preview:large","max-video-preview":"max-video-preview:-1"},"canonical":"https:\/\/www.kajometal.eu\/en\/b10-wrapped-bushes-ku\/","og_locale":"en_US","og_type":"article","og_title":"B10 Rounded bushings KU - KAJOmetal s.r.o.","og_description":"Wrapped bushes KU. Steel bronze powder with PTFE\/PB dry bearing","og_url":"https:\/\/www.kajometal.eu\/en\/b10-wrapped-bushes-ku\/","og_site_name":"KAJOmetal s.r.o.","article_modified_time":"2026-03-09T16:19:50+00:00","twitter_card":"summary_large_image","twitter_misc":{"Est. reading time":"3 minutes"},"schema":{"@context":"https:\/\/schema.org","@graph":[{"@type":"WebPage","@id":"https:\/\/www.kajometal.eu\/en\/b10-wrapped-bushes-ku\/","url":"https:\/\/www.kajometal.eu\/en\/b10-wrapped-bushes-ku\/","name":"B10 Rounded bushings KU - KAJOmetal s.r.o.","isPartOf":{"@id":"https:\/\/www.kajometal.eu\/en\/#website"},"datePublished":"2023-12-01T11:06:52+00:00","dateModified":"2026-03-09T16:19:50+00:00","description":"Wrapped bushes KU. Steel bronze powder with PTFE\/PB dry bearing","breadcrumb":{"@id":"https:\/\/www.kajometal.eu\/en\/b10-wrapped-bushes-ku\/#breadcrumb"},"inLanguage":"en-US","potentialAction":[{"@type":"ReadAction","target":["https:\/\/www.kajometal.eu\/en\/b10-wrapped-bushes-ku\/"]}]},{"@type":"BreadcrumbList","@id":"https:\/\/www.kajometal.eu\/en\/b10-wrapped-bushes-ku\/#breadcrumb","itemListElement":[{"@type":"ListItem","position":1,"name":"Domovsk\u00e1 str\u00e1nka","item":"https:\/\/www.kajometal.eu\/en\/"},{"@type":"ListItem","position":2,"name":"B10 Rounded bushings KU"}]},{"@type":"WebSite","@id":"https:\/\/www.kajometal.eu\/en\/#website","url":"https:\/\/www.kajometal.eu\/en\/","name":"KAJOmetal s.r.o.","description":"V\u00fdroba klzn\u00fdch lo\u017e\u00edsk","potentialAction":[{"@type":"SearchAction","target":{"@type":"EntryPoint","urlTemplate":"https:\/\/www.kajometal.eu\/en\/?s={search_term_string}"},"query-input":"required name=search_term_string"}],"inLanguage":"en-US"}]}},"_links":{"self":[{"href":"https:\/\/www.kajometal.eu\/en\/wp-json\/wp\/v2\/pages\/5384","targetHints":{"allow":["GET"]}}],"collection":[{"href":"https:\/\/www.kajometal.eu\/en\/wp-json\/wp\/v2\/pages"}],"about":[{"href":"https:\/\/www.kajometal.eu\/en\/wp-json\/wp\/v2\/types\/page"}],"author":[{"embeddable":true,"href":"https:\/\/www.kajometal.eu\/en\/wp-json\/wp\/v2\/users\/1"}],"replies":[{"embeddable":true,"href":"https:\/\/www.kajometal.eu\/en\/wp-json\/wp\/v2\/comments?post=5384"}],"version-history":[{"count":23,"href":"https:\/\/www.kajometal.eu\/en\/wp-json\/wp\/v2\/pages\/5384\/revisions"}],"predecessor-version":[{"id":7326,"href":"https:\/\/www.kajometal.eu\/en\/wp-json\/wp\/v2\/pages\/5384\/revisions\/7326"}],"wp:attachment":[{"href":"https:\/\/www.kajometal.eu\/en\/wp-json\/wp\/v2\/media?parent=5384"}],"curies":[{"name":"wp","href":"https:\/\/api.w.org\/{rel}","templated":true}]}}