{"id":5352,"date":"2016-04-01T09:52:52","date_gmt":"2016-04-01T07:52:52","guid":{"rendered":"https:\/\/www.kajometal.eu\/klzne-puzdra\/"},"modified":"2024-03-01T10:04:55","modified_gmt":"2024-03-01T09:04:55","slug":"bearings","status":"publish","type":"page","link":"https:\/\/www.kajometal.eu\/en\/bearings\/","title":{"rendered":"Bearings"},"content":{"rendered":"<section class=\"wpb-content-wrapper\"><p>[vc_row][vc_column width=&#8221;1\/4&#8243;]<div class=\"mgt-promo-block white-text cover-image text-size-normal no-darken mgt-promo-block-47314338164 wpb_content_element wpb_animate_when_almost_visible wpb_top-to-bottom\" data-style=\"background-image: url(https:\/\/www.kajometal.eu\/wp-content\/uploads\/2023\/11\/B10-scaled.jpg);background-repeat: no-repeat;width: 100%; height: 220px;\"><div class=\"mgt-promo-block-content va-bottom\"><div class=\"mgt-promo-block-content-inside vc_custom_1701354910368\"><\/div><\/div><\/div>[vc_empty_space][vc_column_text]<\/p>\n<h3 style=\"text-align: center;\"><strong>Wrapped bushes KU<br \/>\nB10<\/strong><\/h3>\n<p style=\"text-align: center;\">B10 Steel bronze powder with PTFE\/PB dry bearing<\/p>\n<p>[\/vc_column_text][vc_btn title=&#8221;READ MORE&#8221; style=&#8221;custom&#8221; custom_background=&#8221;#06847e&#8221; custom_text=&#8221;#ffffff&#8221; align=&#8221;center&#8221; link=&#8221;url:https%3A%2F%2Fwww.kajometal.eu%2Fen%2Fb10-wrapped-bushes-ku%2F|title:B10%20Wrapped%20bushes%20KU&#8221;][vc_empty_space][\/vc_column][vc_column width=&#8221;1\/4&#8243;]<div class=\"mgt-promo-block white-text cover-image text-size-normal no-darken mgt-promo-block-47315338643 wpb_content_element wpb_animate_when_almost_visible wpb_top-to-bottom\" data-style=\"background-image: url(https:\/\/www.kajometal.eu\/wp-content\/uploads\/2023\/12\/B20-scaled.jpg);background-repeat: no-repeat;width: 100%; height: 220px;\"><div class=\"mgt-promo-block-content va-bottom\"><div class=\"mgt-promo-block-content-inside vc_custom_1701417813243\">\n<h3><\/h3>\n<\/div><\/div><\/div>[vc_empty_space][vc_column_text]<\/p>\n<h3 style=\"text-align: center;\"><strong>Wrapped bushes KX<br \/>\nB20<\/strong><\/h3>\n<p style=\"text-align: center;\">B20 Composite self lubricating bearings<\/p>\n<p>[\/vc_column_text][vc_btn title=&#8221;READ MORE&#8221; style=&#8221;custom&#8221; custom_background=&#8221;#06847e&#8221; custom_text=&#8221;#ffffff&#8221; align=&#8221;center&#8221; link=&#8221;url:https%3A%2F%2Fwww.kajometal.eu%2Fen%2Fb20-wrapped-bushes-kx%2F|title:B20%20Wrapped%20bushes%20KX&#8221; css=&#8221;.vc_custom_1708945108661{padding-top: 25px !important;}&#8221;][vc_empty_space][\/vc_column][vc_column width=&#8221;1\/4&#8243;]<div class=\"mgt-promo-block white-text cover-image text-size-normal no-darken mgt-promo-block-47315228664 wpb_content_element wpb_animate_when_almost_visible wpb_top-to-bottom\" data-style=\"background-image: url(https:\/\/www.kajometal.eu\/wp-content\/uploads\/2024\/02\/B30-Pic-2.jpg);background-repeat: no-repeat;width: 100%; height: 220px;\"><div class=\"mgt-promo-block-content va-bottom\"><div class=\"mgt-promo-block-content-inside vc_custom_1708335606716\"><\/div><\/div><\/div>[vc_empty_space][vc_column_text]<\/p>\n<h3 style=\"text-align: center;\"><strong>Wrapped bimetalic bushes B30<\/strong><\/h3>\n<p style=\"text-align: center;\"><span style=\"color: #000000;\">B30 <\/span>Bimetallic thin-walled shells with CuPb slide layer<\/p>\n<p>[\/vc_column_text][vc_btn title=&#8221;READ MORE&#8221; style=&#8221;custom&#8221; custom_background=&#8221;#06847e&#8221; custom_text=&#8221;#ffffff&#8221; align=&#8221;center&#8221; link=&#8221;url:https%3A%2F%2Fwww.kajometal.eu%2Fen%2Fb30-wrapped-bimetalic-bushes%2F|title:B30%20Wrapped%20bimetalic%20bushes&#8221;][vc_empty_space][\/vc_column][vc_column width=&#8221;1\/4&#8243;]<div class=\"mgt-promo-block white-text cover-image text-size-normal no-darken mgt-promo-block-47315228664 wpb_content_element wpb_animate_when_almost_visible wpb_top-to-bottom\" data-style=\"background-image: url(https:\/\/www.kajometal.eu\/wp-content\/uploads\/2024\/02\/B50-Pic-2.jpg);background-repeat: no-repeat;width: 100%; height: 220px;\"><div class=\"mgt-promo-block-content va-bottom\"><div class=\"mgt-promo-block-content-inside vc_custom_1708335629106\"><\/div><\/div><\/div>[vc_empty_space][vc_column_text]<\/p>\n<h3 style=\"text-align: center;\"><strong>Bushes of cast bronze, maintenance free B50<\/strong><\/h3>\n<p style=\"text-align: center;\">B50 Cast bronze with graphite inserts<\/p>\n<p>[\/vc_column_text][vc_btn title=&#8221;READ MORE&#8221; style=&#8221;custom&#8221; custom_background=&#8221;#06847e&#8221; custom_text=&#8221;#ffffff&#8221; align=&#8221;center&#8221; link=&#8221;url:https%3A%2F%2Fwww.kajometal.eu%2Fen%2Fb50-bushes-of-cast-bronze-maintenance-free%2F|title:B50%20Bushes%20of%20cast%20bronze%2C%20maintenance%20free&#8221; css=&#8221;.vc_custom_1708945139339{padding-top: 25px !important;}&#8221;][vc_empty_space][\/vc_column][\/vc_row][vc_row][vc_column width=&#8221;1\/4&#8243;]<div class=\"mgt-promo-block white-text cover-image text-size-normal no-darken mgt-promo-block-47314338164 wpb_content_element wpb_animate_when_almost_visible wpb_top-to-bottom\" data-style=\"background-image: url(https:\/\/www.kajometal.eu\/wp-content\/uploads\/2023\/12\/B60-single-scaled.jpg);background-repeat: no-repeat;width: 100%; height: 220px;\"><div class=\"mgt-promo-block-content va-bottom\"><div class=\"mgt-promo-block-content-inside vc_custom_1701422487121\"><\/div><\/div><\/div>[vc_empty_space][vc_column_text]<\/p>\n<h3 style=\"text-align: center;\"><strong>Bronze bearing bushes<br \/>\nB60<\/strong><\/h3>\n<p style=\"text-align: center;\"><span style=\"color: #000000;\">B60 <\/span>Bronze turned bearings<\/p>\n<p>[\/vc_column_text][vc_btn title=&#8221;READ MORE&#8221; style=&#8221;custom&#8221; custom_background=&#8221;#06847e&#8221; custom_text=&#8221;#ffffff&#8221; align=&#8221;center&#8221; link=&#8221;url:https%3A%2F%2Fwww.kajometal.eu%2Fen%2Fb60-bronze-bearing-bushes%2F|title:B60%20Bronze%20bearing%20bushes&#8221; css=&#8221;.vc_custom_1708945161290{padding-top: 25px !important;}&#8221;][vc_empty_space][\/vc_column][vc_column width=&#8221;1\/4&#8243;]<div class=\"mgt-promo-block white-text cover-image text-size-normal no-darken mgt-promo-block-47315338643 wpb_content_element wpb_animate_when_almost_visible wpb_top-to-bottom\" data-style=\"background-image: url(https:\/\/www.kajometal.eu\/wp-content\/uploads\/2023\/12\/B65.jpeg);background-repeat: no-repeat;width: 100%; height: 220px;\"><div class=\"mgt-promo-block-content va-bottom\"><div class=\"mgt-promo-block-content-inside vc_custom_1701421930836\">\n<h3><\/h3>\n<\/div><\/div><\/div>[vc_empty_space][vc_column_text]<\/p>\n<h3 style=\"text-align: center;\"><strong>Bimetalic bearing bushes B65<\/strong><\/h3>\n<p style=\"text-align: center;\">Bimetalic thick-walled bushes, sliding layer on the basis of copper alloy<\/p>\n<p>[\/vc_column_text][vc_btn title=&#8221;READ MORE&#8221; style=&#8221;custom&#8221; custom_background=&#8221;#06847e&#8221; custom_text=&#8221;#ffffff&#8221; align=&#8221;center&#8221; link=&#8221;url:https%3A%2F%2Fwww.kajometal.eu%2Fen%2Fb65-bimetalic-bearing-bushes%2F|title:B65%20Bimetalic%20bearing%20bushes&#8221;][vc_empty_space][\/vc_column][vc_column width=&#8221;1\/4&#8243;]<div class=\"mgt-promo-block white-text cover-image text-size-normal no-darken mgt-promo-block-47315228664 wpb_content_element wpb_animate_when_almost_visible wpb_top-to-bottom\" data-style=\"background-image: url(https:\/\/www.kajometal.eu\/wp-content\/uploads\/2023\/12\/B70.jpg);background-repeat: no-repeat;width: 100%; height: 220px;\"><div class=\"mgt-promo-block-content va-bottom\"><div class=\"mgt-promo-block-content-inside vc_custom_1701422865384\"><\/div><\/div><\/div>[vc_empty_space][vc_column_text]<\/p>\n<h3 style=\"text-align: center;\"><strong>Self-lubricating sintered bushes B70<\/strong><\/h3>\n<p style=\"text-align: center;\"><span style=\"color: #000000;\">B70 <\/span>Bronze (iron) self-lubricated porous bearings<\/p>\n<p>[\/vc_column_text][vc_btn title=&#8221;READ MORE&#8221; style=&#8221;custom&#8221; custom_background=&#8221;#06847e&#8221; custom_text=&#8221;#ffffff&#8221; align=&#8221;center&#8221; link=&#8221;url:https%3A%2F%2Fwww.kajometal.eu%2Fen%2Fb70-self-lubricating-sintered-bushes%2F|title:B70%20Self-lubricating%20sintered%20bushes&#8221;][vc_empty_space][\/vc_column][vc_column width=&#8221;1\/4&#8243;]<style scoped='scoped'>.mgt-promo-block-47315228664.mgt-promo-block.animated:hover .mgt-promo-block-content {background-color: rgba(0,0,0,0.5)!important;}<\/style><div class=\"mgt-promo-block animated white-text cover-image text-size-normal no-darken mgt-promo-block-47315228664 wpb_content_element wpb_animate_when_almost_visible wpb_top-to-bottom\" data-style=\"background-image: url(https:\/\/www.kajometal.eu\/wp-content\/uploads\/2024\/02\/B80-Pic.jpg);background-repeat: no-repeat;width: 100%; height: 220px;\"><div class=\"mgt-promo-block-content va-bottom\"><div class=\"mgt-promo-block-content-inside vc_custom_1708335655310\"><\/div><\/div><\/div>[vc_empty_space][vc_column_text]<\/p>\n<h3 style=\"text-align: center;\"><strong>Steel bearing bushes<br \/>\nB80<\/strong><\/h3>\n<p style=\"text-align: center;\"><span style=\"color: #000000;\">B80 <\/span>Hardened steel slide bearings<\/p>\n<p>[\/vc_column_text][vc_btn title=&#8221;READ MORE&#8221; style=&#8221;custom&#8221; custom_background=&#8221;#06847e&#8221; custom_text=&#8221;#ffffff&#8221; align=&#8221;center&#8221; link=&#8221;url:https%3A%2F%2Fwww.kajometal.eu%2Fen%2Fb80-steel-bearing-bushes%2F|title:B80%20Steel%20bearing%20bushes&#8221; css=&#8221;.vc_custom_1708945204832{padding-top: 25px !important;}&#8221;][vc_empty_space][\/vc_column][\/vc_row][vc_row][vc_column width=&#8221;1\/4&#8243;]<div class=\"mgt-promo-block white-text cover-image text-size-normal no-darken mgt-promo-block-47315228664 wpb_content_element wpb_animate_when_almost_visible wpb_top-to-bottom\" data-style=\"background-image: url(https:\/\/www.kajometal.eu\/wp-content\/uploads\/2023\/12\/B90-scaled.jpg);background-repeat: no-repeat;width: 100%; height: 220px;\"><div class=\"mgt-promo-block-content va-bottom\"><div class=\"mgt-promo-block-content-inside vc_custom_1701423726686\"><\/div><\/div><\/div>[vc_empty_space][vc_column_text]<\/p>\n<h3 style=\"text-align: center;\"><strong>Wrapped bronze bushes B90<\/strong><\/h3>\n<p style=\"text-align: center;\"><span style=\"color: #000000;\">B90 <\/span>Wrapped bushes with grease pockets (DIN 1494)<\/p>\n<p>[\/vc_column_text][vc_btn title=&#8221;READ MORE&#8221; style=&#8221;custom&#8221; custom_background=&#8221;#06847e&#8221; custom_text=&#8221;#ffffff&#8221; align=&#8221;center&#8221; link=&#8221;url:https%3A%2F%2Fwww.kajometal.eu%2Fen%2Fb90-wrapped-bronze-bushes%2F|title:B90%20Wrapped%20bronze%20bushes&#8221;][\/vc_column][vc_column width=&#8221;1\/4&#8243;]<div class=\"mgt-promo-block white-text cover-image text-size-normal no-darken mgt-promo-block-47314338164 wpb_content_element wpb_animate_when_almost_visible wpb_top-to-bottom\" data-style=\"background-image: url(https:\/\/www.kajometal.eu\/wp-content\/uploads\/2024\/02\/B92-Pic-2.jpg);background-repeat: no-repeat;width: 100%; height: 220px;\"><div class=\"mgt-promo-block-content va-bottom\"><div class=\"mgt-promo-block-content-inside vc_custom_1708335677640\"><\/div><\/div><\/div>[vc_empty_space][vc_column_text]<\/p>\n<h3 style=\"text-align: center;\"><strong>Wrapped bronze bushes B92<\/strong><\/h3>\n<p style=\"text-align: center;\"><span style=\"color: #000000;\">B92 <\/span>Bronze wrapped bearings with through holes<\/p>\n<p>[\/vc_column_text][vc_btn title=&#8221;READ MORE&#8221; style=&#8221;custom&#8221; custom_background=&#8221;#06847e&#8221; custom_text=&#8221;#ffffff&#8221; align=&#8221;center&#8221; link=&#8221;url:https%3A%2F%2Fwww.kajometal.eu%2Fen%2Fb92-wrapped-bronze-bushes%2F|title:B92%20Wrapped%20bronze%20bushes&#8221;][\/vc_column][vc_column width=&#8221;1\/4&#8243;][\/vc_column][vc_column width=&#8221;1\/4&#8243;][\/vc_column][\/vc_row][vc_row][vc_column][vc_empty_space][\/vc_column][\/vc_row][vc_row][vc_column][vc_empty_space][\/vc_column][\/vc_row]<\/p>\n<\/section>","protected":false},"excerpt":{"rendered":"<p>[vc_row][vc_column width=&#8221;1\/4&#8243;][vc_empty_space][vc_column_text] Wrapped bushes KU B10 B10 Steel bronze powder with PTFE\/PB dry bearing [\/vc_column_text][vc_btn title=&#8221;READ MORE&#8221; style=&#8221;custom&#8221; custom_background=&#8221;#06847e&#8221; custom_text=&#8221;#ffffff&#8221; align=&#8221;center&#8221; link=&#8221;url:https%3A%2F%2Fwww.kajometal.eu%2Fen%2Fb10-wrapped-bushes-ku%2F|title:B10%20Wrapped%20bushes%20KU&#8221;][vc_empty_space][\/vc_column][vc_column width=&#8221;1\/4&#8243;][vc_empty_space][vc_column_text] Wrapped bushes KX B20 B20 Composite self&#8230;<\/p>\n","protected":false},"author":1,"featured_media":0,"parent":0,"menu_order":0,"comment_status":"closed","ping_status":"closed","template":"","meta":{"footnotes":""},"class_list":["post-5352","page","type-page","status-publish","hentry"],"yoast_head":"<!-- This site is optimized with the Yoast SEO plugin v22.4 - https:\/\/yoast.com\/wordpress\/plugins\/seo\/ -->\n<title>Bearings - KAJOmetal s.r.o.<\/title>\n<meta name=\"description\" content=\"Wrapped bushes KU, Wrapped bushes KX, Wrapped bimetalic bushes, Bushes of cast bronze, Self-lubricating sintered bushes\" \/>\n<meta name=\"robots\" content=\"index, follow, max-snippet:-1, max-image-preview:large, max-video-preview:-1\" \/>\n<link rel=\"canonical\" href=\"https:\/\/www.kajometal.eu\/en\/bearings\/\" \/>\n<meta property=\"og:locale\" content=\"en_US\" \/>\n<meta property=\"og:type\" content=\"article\" \/>\n<meta property=\"og:title\" content=\"Bearings - KAJOmetal s.r.o.\" \/>\n<meta property=\"og:description\" content=\"Wrapped bushes KU, Wrapped bushes KX, Wrapped bimetalic bushes, Bushes of cast bronze, Self-lubricating sintered bushes\" \/>\n<meta property=\"og:url\" content=\"https:\/\/www.kajometal.eu\/en\/bearings\/\" \/>\n<meta property=\"og:site_name\" content=\"KAJOmetal s.r.o.\" \/>\n<meta property=\"article:modified_time\" content=\"2024-03-01T09:04:55+00:00\" \/>\n<meta name=\"twitter:card\" content=\"summary_large_image\" \/>\n<meta name=\"twitter:label1\" content=\"Est. reading time\" \/>\n\t<meta name=\"twitter:data1\" content=\"4 minutes\" \/>\n<script type=\"application\/ld+json\" class=\"yoast-schema-graph\">{\"@context\":\"https:\/\/schema.org\",\"@graph\":[{\"@type\":\"WebPage\",\"@id\":\"https:\/\/www.kajometal.eu\/en\/bearings\/\",\"url\":\"https:\/\/www.kajometal.eu\/en\/bearings\/\",\"name\":\"Bearings - KAJOmetal s.r.o.\",\"isPartOf\":{\"@id\":\"https:\/\/www.kajometal.eu\/en\/#website\"},\"datePublished\":\"2016-04-01T07:52:52+00:00\",\"dateModified\":\"2024-03-01T09:04:55+00:00\",\"description\":\"Wrapped bushes KU, Wrapped bushes KX, Wrapped bimetalic bushes, Bushes of cast bronze, Self-lubricating sintered bushes\",\"breadcrumb\":{\"@id\":\"https:\/\/www.kajometal.eu\/en\/bearings\/#breadcrumb\"},\"inLanguage\":\"en-US\",\"potentialAction\":[{\"@type\":\"ReadAction\",\"target\":[\"https:\/\/www.kajometal.eu\/en\/bearings\/\"]}]},{\"@type\":\"BreadcrumbList\",\"@id\":\"https:\/\/www.kajometal.eu\/en\/bearings\/#breadcrumb\",\"itemListElement\":[{\"@type\":\"ListItem\",\"position\":1,\"name\":\"Domovsk\u00e1 str\u00e1nka\",\"item\":\"https:\/\/www.kajometal.eu\/en\/\"},{\"@type\":\"ListItem\",\"position\":2,\"name\":\"Bearings\"}]},{\"@type\":\"WebSite\",\"@id\":\"https:\/\/www.kajometal.eu\/en\/#website\",\"url\":\"https:\/\/www.kajometal.eu\/en\/\",\"name\":\"KAJOmetal s.r.o.\",\"description\":\"V\u00fdroba klzn\u00fdch lo\u017e\u00edsk\",\"potentialAction\":[{\"@type\":\"SearchAction\",\"target\":{\"@type\":\"EntryPoint\",\"urlTemplate\":\"https:\/\/www.kajometal.eu\/en\/?s={search_term_string}\"},\"query-input\":\"required name=search_term_string\"}],\"inLanguage\":\"en-US\"}]}<\/script>\n<!-- \/ Yoast SEO plugin. -->","yoast_head_json":{"title":"Bearings - KAJOmetal s.r.o.","description":"Wrapped bushes KU, Wrapped bushes KX, Wrapped bimetalic bushes, Bushes of cast bronze, Self-lubricating sintered bushes","robots":{"index":"index","follow":"follow","max-snippet":"max-snippet:-1","max-image-preview":"max-image-preview:large","max-video-preview":"max-video-preview:-1"},"canonical":"https:\/\/www.kajometal.eu\/en\/bearings\/","og_locale":"en_US","og_type":"article","og_title":"Bearings - KAJOmetal s.r.o.","og_description":"Wrapped bushes KU, Wrapped bushes KX, Wrapped bimetalic bushes, Bushes of cast bronze, Self-lubricating sintered bushes","og_url":"https:\/\/www.kajometal.eu\/en\/bearings\/","og_site_name":"KAJOmetal s.r.o.","article_modified_time":"2024-03-01T09:04:55+00:00","twitter_card":"summary_large_image","twitter_misc":{"Est. reading time":"4 minutes"},"schema":{"@context":"https:\/\/schema.org","@graph":[{"@type":"WebPage","@id":"https:\/\/www.kajometal.eu\/en\/bearings\/","url":"https:\/\/www.kajometal.eu\/en\/bearings\/","name":"Bearings - KAJOmetal s.r.o.","isPartOf":{"@id":"https:\/\/www.kajometal.eu\/en\/#website"},"datePublished":"2016-04-01T07:52:52+00:00","dateModified":"2024-03-01T09:04:55+00:00","description":"Wrapped bushes KU, Wrapped bushes KX, Wrapped bimetalic bushes, Bushes of cast bronze, Self-lubricating sintered bushes","breadcrumb":{"@id":"https:\/\/www.kajometal.eu\/en\/bearings\/#breadcrumb"},"inLanguage":"en-US","potentialAction":[{"@type":"ReadAction","target":["https:\/\/www.kajometal.eu\/en\/bearings\/"]}]},{"@type":"BreadcrumbList","@id":"https:\/\/www.kajometal.eu\/en\/bearings\/#breadcrumb","itemListElement":[{"@type":"ListItem","position":1,"name":"Domovsk\u00e1 str\u00e1nka","item":"https:\/\/www.kajometal.eu\/en\/"},{"@type":"ListItem","position":2,"name":"Bearings"}]},{"@type":"WebSite","@id":"https:\/\/www.kajometal.eu\/en\/#website","url":"https:\/\/www.kajometal.eu\/en\/","name":"KAJOmetal s.r.o.","description":"V\u00fdroba klzn\u00fdch lo\u017e\u00edsk","potentialAction":[{"@type":"SearchAction","target":{"@type":"EntryPoint","urlTemplate":"https:\/\/www.kajometal.eu\/en\/?s={search_term_string}"},"query-input":"required name=search_term_string"}],"inLanguage":"en-US"}]}},"_links":{"self":[{"href":"https:\/\/www.kajometal.eu\/en\/wp-json\/wp\/v2\/pages\/5352","targetHints":{"allow":["GET"]}}],"collection":[{"href":"https:\/\/www.kajometal.eu\/en\/wp-json\/wp\/v2\/pages"}],"about":[{"href":"https:\/\/www.kajometal.eu\/en\/wp-json\/wp\/v2\/types\/page"}],"author":[{"embeddable":true,"href":"https:\/\/www.kajometal.eu\/en\/wp-json\/wp\/v2\/users\/1"}],"replies":[{"embeddable":true,"href":"https:\/\/www.kajometal.eu\/en\/wp-json\/wp\/v2\/comments?post=5352"}],"version-history":[{"count":26,"href":"https:\/\/www.kajometal.eu\/en\/wp-json\/wp\/v2\/pages\/5352\/revisions"}],"predecessor-version":[{"id":5758,"href":"https:\/\/www.kajometal.eu\/en\/wp-json\/wp\/v2\/pages\/5352\/revisions\/5758"}],"wp:attachment":[{"href":"https:\/\/www.kajometal.eu\/en\/wp-json\/wp\/v2\/media?parent=5352"}],"curies":[{"name":"wp","href":"https:\/\/api.w.org\/{rel}","templated":true}]}}