{"id":6864,"date":"2023-11-21T09:54:12","date_gmt":"2023-11-21T08:54:12","guid":{"rendered":"https:\/\/www.kajometal.eu\/datenschutzpolitik\/"},"modified":"2025-11-24T14:04:04","modified_gmt":"2025-11-24T13:04:04","slug":"datenschutzpolitik","status":"publish","type":"page","link":"https:\/\/www.kajometal.eu\/de\/datenschutzpolitik\/","title":{"rendered":"DATENSCHUTZPOLITIK"},"content":{"rendered":"<section class=\"wpb-content-wrapper\"><p>[vc_row][vc_column][vc_column_text]<\/p>\n<p>\nPre na\u0161u spolo\u010dnos\u0165 je prioritou chr\u00e1ni\u0165 osobn\u00e9 \u00fadaje z\u00e1kazn\u00edkov v\u00a0zmysle platnej legislat\u00edvy, najm\u00e4 v\u00a0zmysle Nariadenia Eur\u00f3pskeho parlamentu a Rady (E\u00da) 2016\/679 z 27. apr\u00edla 2016 o ochrane fyzick\u00fdch os\u00f4b pri sprac\u00favan\u00ed osobn\u00fdch \u00fadajov a o vo\u013enom pohybe tak\u00fdchto \u00fadajov a\u00a0pod\u013ea ustanoven\u00ed z\u00e1kona \u010d. 18\/2018 Z. z. o ochrane osobn\u00fdch \u00fadajov a o zmene a doplnen\u00ed niektor\u00fdch z\u00e1konov.\n<p>\n<br\/><strong>Identifika\u010dn\u00e9 \u00fadaje prev\u00e1dzkovate\u013ea:<\/strong><br\/>KAJO metal, s.r.o., M. R. \u0160tef\u00e1nika 2270, 02601 Doln\u00fd Kub\u00edn, I\u010cO: 36\u00a0403 067, zap\u00edsan\u00e1 v\u00a0Obchodnom registri Okresn\u00e9ho s\u00fadu \u017dilina, oddiel Sro, vlo\u017eka \u010d. 13327\/L\n<p>\n<strong>Typy sprac\u00favan\u00fdch osobn\u00fdch \u00fadajov<\/strong>\n<p>\nPrev\u00e1dzkovate\u013e sprac\u00fava len tak\u00e9 osobn\u00e9 \u00fadaje, ktor\u00e9 s\u00fa nevyhnutn\u00e9 na to, aby mohol poskytova\u0165 svoje slu\u017eby, pon\u00faka\u0165 svoje produkty a\u00a0zabezpe\u010dova\u0165 z\u00e1kazn\u00edcku podporu a\u00a0v\u017edy v\u00a0takom rozsahu, ktor\u00fd je potrebn\u00fd na naplnenie konkr\u00e9tneho \u00fa\u010delu sprac\u00favania osobn\u00fdch \u00fadajov.<br\/>V\u00a0z\u00e1vislosti od \u00fa\u010delu, Prev\u00e1dzkovate\u013e sprac\u00fava najm\u00e4 tieto \u00fadaje:\n\n<ul class=\"wp-block-list\">\n<li style=\"list-style-type: none;\">\n<ul class=\"wp-block-list\">\n<li>Grundlegende Identifikationsdaten &#8211; Titel, Vorname, Nachname, Rechnungs- und Lieferadresse, Kundenidentifikationsnummer, Vertragsnummer<\/li>\n\n\n<li>Kontaktinformationen &#8211; E-Mail, Telefonnummer, Rechnungs- und Lieferadresse<\/li>\n\n\n<li>Zahlungsdaten und Daten \u00fcber get\u00e4tigte Zahlungen<\/li>\n\n\n<li>Daten zur Kundenhistorie &#8211; Kundenzufriedenheitsrate, Geschichte der Zusammenarbeit<\/li>\n\n\n\n\n<p>\n<strong>\u00da\u010del sprac\u00favania osobn\u00fdch \u00fadajov<\/strong>\n<p>\n\u00da\u010delom sprac\u00favania osobn\u00fdch \u00fadajov je najm\u00e4:\n\n<ul class=\"wp-block-list\">\n<li style=\"list-style-type: none;\">\n<ul class=\"wp-block-list\">\n<li>Abwicklung von vertraglichen Verpflichtungen im Zusammenhang mit der Erbringung der Dienstleistungen des Betreibers<\/li>\n\n\n<li>das berechtigte Interesse des Betreibers<\/li>\n\n\n<li>die Einhaltung der gesetzlichen Verpflichtungen des Betreibers<\/li>\n\n\n<li>Bearbeitung der Buchhaltungsagenda<\/li>\n\n\n<li>Kundenunterlagen<\/li>\n\n\n<li>Marketingdienste und Informationen \u00fcber Neuigkeiten zu den Dienstleistungen des Betreibers, Sonderaktionen und Werbeangebote<\/li>\n\n\n<li>Marktforschung und Umfrage zur Kundenzufriedenheit<\/li>\n\n\n<li>Bereitstellung eines finanziellen Vorteils f\u00fcr den Kunden<\/li>\n\n\n<li>Bearbeitung von Anfragen und Vorschl\u00e4gen<\/li>\n\n\n<li>Bearbeitung der Personal- und Lohnagenda<\/li>\n\n\n\n\n<p>\n<strong>Pr\u00e1vny z\u00e1klad sprac\u00favania osobn\u00fdch \u00fadajov<\/strong>\n<p>\nPr\u00e1vnym z\u00e1kladom sprac\u00favania osobn\u00fdch \u00fadajov je predov\u0161etk\u00fdm sprac\u00favanie:\n\n<ul class=\"wp-block-list\">\n<li style=\"list-style-type: none;\">\n<ul class=\"wp-block-list\">\n<li>auf der Grundlage eines Vertrages, ohne dass eine Einwilligung der betroffenen Person erforderlich ist<br\/>Vertragliche Beziehungen beziehen sich insbesondere auf die Erbringung der Dienstleistungen des Betreibers, z.B. Bestellungen, Kaufvertr\u00e4ge usw. In diesem Fall werden personenbezogene Daten nur in dem Umfang verarbeitet, der f\u00fcr den Abschluss und die Erf\u00fcllung des jeweiligen Vertrages erforderlich ist.<br\/>Zu diesem Zweck ist die Bereitstellung personenbezogener Daten durch die betroffene Person v\u00f6llig freiwillig. Sie ist jedoch auch f\u00fcr den Abschluss des Vertrags und dessen anschlie\u00dfende Verwaltung erforderlich. Ohne diese Daten ist es nicht m\u00f6glich, den Vertrag abzuschlie\u00dfen.    <\/li>\n\n\n<li>auf der Grundlage berechtigter Interessen, ohne dass die Einwilligung der betroffenen Person erforderlich ist<\/li>\n\n\n<li>auf der Grundlage einer gesetzlichen Regelung, ohne dass die Zustimmung der betroffenen Person erforderlich ist (z. B. Gesetz Nr. 431\/2002 Slg. \u00fcber die Buchhaltung)<\/li>\n\n\n<li>auf der Grundlage der Einwilligung der betroffenen Person<br\/>Die Einwilligung ist erforderlich, wenn es keine andere Rechtsgrundlage f\u00fcr die Verarbeitung personenbezogener Daten und f\u00fcr die Verarbeitung besonderer Kategorien personenbezogener Daten gibt.<\/li>\n\n\n\n\n<p>\n<strong>Opr\u00e1vnen\u00e9 z\u00e1ujmy prev\u00e1dzkovate\u013ea<\/strong>\n<p>\nPrev\u00e1dzkovate\u013e m\u00f4\u017ee sprac\u00fava\u0165 osobn\u00e9 \u00fadaje na \u00fa\u010del jeho opr\u00e1vnen\u00fdch z\u00e1ujmov alebo opr\u00e1vnen\u00fdch z\u00e1ujmov tretej strany. Tento opr\u00e1vnen\u00fd z\u00e1ujem mus\u00ed preva\u017eova\u0165 nad z\u00e1ujmami Dotknutej osoby.<br\/>Opr\u00e1vnen\u00fdmi z\u00e1ujmami Prev\u00e1dzkovate\u013ea s\u00fa napr\u00edklad:\n\n<ul class=\"wp-block-list\">\n<li style=\"list-style-type: none;\">\n<ul class=\"wp-block-list\">\n<li>Bereitstellung von Informationen zum Vertragsmanagement<\/li>\n\n\n<li>Direktmarketing, es sei denn, die Zustimmung ist gesetzlich vorgeschrieben<\/li>\n\n\n<li>Durchsetzung von Rechtsanspr\u00fcchen<\/li>\n\n\n<li>die Weiterverarbeitung im Einklang mit dem Zweck, f\u00fcr den die personenbezogenen Daten urspr\u00fcnglich erhoben wurden, vorausgesetzt, alle Bedingungen f\u00fcr eine rechtm\u00e4\u00dfige Verarbeitung sind erf\u00fcllt.<\/li>\n\n\n\n\n<p>\n<strong>Kto m\u00e1 pr\u00edstup k\u00a0va\u0161im \u00fadajom<\/strong>\n<p>\n<strong><br\/><\/strong>Prev\u00e1dzkovate\u013e m\u00f4\u017ee zdie\u013ea\u0165 va\u0161e \u00fadaje s tret\u00edmi stranami za nasledovn\u00fdch okolnost\u00ed:\n\n<ul class=\"wp-block-list\">\n<li style=\"list-style-type: none;\">\n<ul class=\"wp-block-list\">\n<li>Wir k\u00f6nnen Ihre pers\u00f6nlichen Daten an andere Dritte weitergeben, die in unserem Namen handeln, z. B. an einen Dienstleister. In solchen F\u00e4llen d\u00fcrfen diese Dritten Ihre personenbezogenen Daten nur f\u00fcr die oben beschriebenen Zwecke und nur in \u00dcbereinstimmung mit unseren Anweisungen verwenden. Wir haben sie vertraglich dazu verpflichtet, die f\u00fcr sie geltenden gesetzlichen Sicherheitsrichtlinien einzuhalten.  <\/li>\n\n\n<li>Der Zugriff auf personenbezogene Daten erfolgt durch unsere Mitarbeiter. Der Zugang wird nur denjenigen gew\u00e4hrt, die ihn f\u00fcr ihre Arbeit zu den oben genannten Zwecken ben\u00f6tigen und nur, wenn der Mitarbeiter zur Vertraulichkeit verpflichtet ist. <\/li>\n\n\n<li>Wenn wir gesetzlich oder per Gerichtsbeschluss dazu verpflichtet sind, k\u00f6nnen wir Ihre pers\u00f6nlichen Daten beispielsweise an unsere Lieferanten oder Kunden, Steuerbeh\u00f6rden, Sozialversicherungs\u00e4mter, Strafverfolgungs- oder andere Regierungsbeh\u00f6rden weitergeben.<\/li>\n\n\n\n\n<p>\n<strong>Zdroj, z\u00a0ktor\u00e9ho poch\u00e1dzaj\u00fa osobn\u00e9 \u00fadaje<\/strong>\n<p>\nPrev\u00e1dzkovate\u013e z\u00edskava osobn\u00e9 \u00fadaje priamo od Dotknutej osoby alebo od inej ako Dotknutej osoby, napr. od bl\u00edzkej osoby Dotknutej osoby, od zamestn\u00e1vate\u013ea Dotknutej osoby, od spolupracuj\u00faceho subjektu a\u00a0pod.\n<p>\n<strong>Umiestnenie va\u0161ich osobn\u00fdch \u00fadajov<br\/><\/strong><br\/>Va\u0161e osobn\u00e9 \u00fadaje bud\u00fa umiestnen\u00e9 v\u00fdlu\u010dne v\u00a0r\u00e1mci Eur\u00f3pskeho hospod\u00e1rskeho priestoru. Va\u0161e \u00fadaje v\u00a0na\u0161ich syst\u00e9moch chr\u00e1nime v\u00a0najvy\u0161\u0161ej mo\u017enej miere.\n<p>\n<strong>Uchov\u00e1vanie osobn\u00fdch \u00fadajov<\/strong>\n<p>\nVa\u0161e osobn\u00e9 \u00fadaje uchov\u00e1vame na obmedzen\u00fd \u010das a tieto \u00fadaje bud\u00fa vymazan\u00e9, ke\u010f u\u017e nebud\u00fa potrebn\u00e9 na \u00fa\u010dely spracovania. Vo v\u00e4\u010d\u0161ine pr\u00edpadov to znamen\u00e1, \u017ee uchov\u00e1me va\u0161e \u00fadaje po\u010das trvania V\u00e1\u0161ho vz\u0165ahu s nami. Pokia\u013e je to mo\u017en\u00e9, \u00fadaje vyma\u017eeme e\u0161te po\u010das V\u00e1\u0161ho vz\u0165ahu s nami, ako n\u00e1hle u\u017e nebud\u00fa potrebn\u00e9. V ka\u017edom pr\u00edpade, va\u0161e osobn\u00e9 z\u00e1znamy vyma\u017eeme najnesk\u00f4r do uplynutia z\u00e1konn\u00fdch leh\u00f4t po skon\u010den\u00ed zmluvn\u00e9ho vz\u0165ahu, pokia\u013e\u00a0legislat\u00edva nevy\u017eaduje ich uchov\u00e1vanie.<br\/>Va\u0161e osobn\u00e9 \u00fadaje m\u00f4\u017eeme spracov\u00e1va\u0165 po dlh\u0161iu dobu po ukon\u010den\u00ed vz\u0165ahu v pr\u00edpade pretrv\u00e1vaj\u00faceho pr\u00e1vneho sporu alebo ak ste n\u00e1m udelili povolenie na dlhodob\u00e9 uchov\u00e1vanie va\u0161ich osobn\u00fdch \u00fadajov.\n<p>\n<strong>Pr\u00e1va dotknutej osoby<\/strong>\n<p>\nDotknut\u00e1 osoba m\u00e1 v s\u00favislosti so sprac\u00favan\u00edm jej osobn\u00fdch \u00fadajov ni\u017e\u0161ie uveden\u00e9 pr\u00e1va.\n<p>\n<strong>Pr\u00e1vo na pr\u00edstup k osobn\u00fdm \u00fadajom<\/strong><br\/>Dotknut\u00e1 osoba m\u00e1 pr\u00e1vo z\u00edska\u0165 potvrdenie o tom, \u010di sa sprac\u00favaj\u00fa osobn\u00e9 \u00fadaje, ktor\u00e9 sa jej t\u00fdkaj\u00fa. Ak sa osobn\u00e9 \u00fadaje sprac\u00favaj\u00fa m\u00e1 pr\u00e1vo z\u00edska\u0165 pr\u00edstup k t\u00fdmto osobn\u00fdm \u00fadajom spolu s inform\u00e1ciami o \u00fa\u010dele sprac\u00favania, kateg\u00f3ri\u00e1ch sprac\u00favan\u00fdch osobn\u00fdch \u00fadajov, pr\u00edjemcoch alebo kateg\u00f3ri\u00e1ch pr\u00edjemcov, dobe uchov\u00e1vania osobn\u00fdch \u00fadajov, o pr\u00e1ve na opravu osobn\u00fdch \u00fadajov, ich vymazanie, obmedzenie alebo namietanie ich sprac\u00favania, \u010falej o pr\u00e1ve poda\u0165 s\u0165a\u017enos\u0165 \u00daradu pre ochranu osobn\u00fdch \u00fadajov. Dotknut\u00e1 osoba m\u00e1 pr\u00e1vo na poskytnutie k\u00f3pi\u00ed sprac\u00favan\u00fdch osobn\u00fdch \u00fadajov.\n<p>\n<strong>Pr\u00e1vo na opravu osobn\u00fdch \u00fadajov<\/strong><br\/>Dotknut\u00e1 osoba m\u00e1 pr\u00e1vo na to, aby Prev\u00e1dzkovate\u013e opravil nespr\u00e1vne osobn\u00e9 \u00fadaje alebo doplnil ne\u00fapln\u00e9 osobn\u00e9 \u00fadaje.\n<p>\n<strong>Pr\u00e1vo na vymazanie osobn\u00fdch \u00fadajov<\/strong><br\/>Dotknut\u00e1 osoba m\u00e1 pr\u00e1vo na to, aby Prev\u00e1dzkovate\u013e vymazal jej osobn\u00e9 \u00fadaje, ak s\u00fa splnen\u00e9 z\u00e1konn\u00e9 predpoklady na v\u00fdmaz. Pr\u00e1vo na v\u00fdmaz osobn\u00fdch \u00fadajov Dotknut\u00e1 osoba nem\u00e1 napr. ak je sprac\u00favanie osobn\u00fdch \u00fadajov potrebn\u00e9 na uplatnenie pr\u00e1va na slobodu prejavu alebo pr\u00e1va na inform\u00e1cie, za \u00fa\u010del archiv\u00e1cie, na splnenie si z\u00e1konnej povinnosti a\u00a0pod.\n<p>\n<strong>Pr\u00e1vo na obmedzenie sprac\u00favania osobn\u00fdch \u00fadajov<\/strong><br\/>Dotknut\u00e1 osoba m\u00e1 pr\u00e1vo na to, aby Prev\u00e1dzkovate\u013e obmedzil sprac\u00favanie osobn\u00fdch \u00fadajov na najnevyhnutnej\u0161ie z\u00e1konn\u00e9 d\u00f4vody.\n<p>\n<strong>Pr\u00e1vo na prenosnos\u0165 osobn\u00fdch \u00fadajov<\/strong><br\/>Dotknut\u00e1 osoba m\u00e1 pr\u00e1vo z\u00edska\u0165 osobn\u00e9 \u00fadaje, ktor\u00e9 sa jej t\u00fdkaj\u00fa a ktor\u00e9 poskytla Prev\u00e1dzkovate\u013eovi, v \u0161trukt\u00farovanom, be\u017ene pou\u017e\u00edvanom a strojovo \u010ditate\u013enom form\u00e1te a m\u00e1 pr\u00e1vo prenies\u0165 tieto osobn\u00e9 \u00fadaje \u010fal\u0161iemu prev\u00e1dzkovate\u013eovi, ak je to technicky mo\u017en\u00e9 a\u00a0ak s\u00fa splnen\u00e9 \u010fal\u0161ie z\u00e1konn\u00e9 po\u017eiadavky. Uplatnen\u00edm tohto pr\u00e1va nie je dotknut\u00e9 pr\u00e1vo na v\u00fdmaz osobn\u00fdch \u00fadajov.\n<p>\n<strong>Pr\u00e1vo namieta\u0165 sprac\u00favanie osobn\u00fdch \u00fadajov<\/strong><br\/>Dotknut\u00e1 osoba m\u00e1 pr\u00e1vo namieta\u0165 sprac\u00favanie jej osobn\u00fdch \u00fadajov z d\u00f4vodu t\u00fdkaj\u00faceho sa jej konkr\u00e9tnej situ\u00e1cie vykon\u00e1van\u00e9 na \u00fa\u010del opr\u00e1vnen\u00fdch z\u00e1ujmov Prev\u00e1dzkovate\u013ea alebo tretej strany, pokia\u013e Prev\u00e1dzkovate\u013e nepreuk\u00e1\u017ee nevyhnutn\u00e9 opr\u00e1vnen\u00e9 z\u00e1ujmy na sprac\u00favanie osobn\u00fdch \u00fadajov, ktor\u00e9 preva\u017euj\u00fa nad pr\u00e1vami alebo z\u00e1ujmami Dotknutej osoby alebo d\u00f4vody na uplatnenie pr\u00e1vneho n\u00e1roku. Dotknut\u00e1 osoba m\u00e1 pr\u00e1vo namieta\u0165 sprac\u00favanie osobn\u00fdch \u00fadajov na \u00fa\u010del priameho marketingu vr\u00e1tane profilovania.\n<p>\n<strong>Pr\u00e1vo odvola\u0165\u00a0s\u00fahlas\u00a0<\/strong><br\/>Dotknut\u00e1 osoba m\u00e1 pr\u00e1vo kedyko\u013evek odvola\u0165 s\u00fahlas so spracovan\u00edm osobn\u00fdch \u00fadajov, ktor\u00e9 sa jej t\u00fdkaj\u00fa. Odvolanie s\u00fahlasu nem\u00e1 vplyv na z\u00e1konnos\u0165 sprac\u00favania osobn\u00fdch \u00fadajov zalo\u017een\u00e9ho na s\u00fahlase pred jeho odvolan\u00edm.\n<p>\n<strong>Ako sa m\u00f4\u017eem s\u0165a\u017eova\u0165 oh\u013eadom pou\u017e\u00edvania mojich \u00fadajov alebo ako si uplatn\u00edm svoje pr\u00e1va\u00a0<\/strong><br\/>Ak chcete poda\u0165 s\u0165a\u017enos\u0165 na to, ako spracov\u00e1vame va\u0161e osobn\u00e9 \u00fadaje, a to aj vo vz\u0165ahu k vy\u0161\u0161ie uveden\u00fdm pr\u00e1vam, m\u00f4\u017eete sa obr\u00e1ti\u0165 na n\u00e1s na mailovej adrese\u00a0kajometal@kajometal.sk\u00a0a va\u0161e podnety a \u017eiadosti bud\u00fa preveren\u00e9.<br\/>Ak s na\u0161ou odpove\u010fou nebudete spokojn\u00ed, alebo sa domnievate, \u017ee spracov\u00e1vame va\u0161e \u00fadaje nespravodlivo alebo nez\u00e1konne, m\u00f4\u017eete sa s\u0165a\u017eova\u0165 na pr\u00edslu\u0161nom dozornom org\u00e1ne, ktor\u00fdm je \u00darad na ochranu osobn\u00fdch \u00fadajov, napr\u00edklad prostredn\u00edctvom www.dataprotection.gov.sk\n<p>\n<strong>Dobrovo\u013enos\u0165 poskytnutia osobn\u00fdch \u00fadajov<\/strong>\n<p>\nD\u00f4vodom poskytovania osobn\u00fdch \u00fadajov zo strany Dotknutej osoby je predov\u0161etk\u00fdm plnenie zmluvy, alebo plnenie povinnost\u00ed ustanoven\u00fdch z\u00e1konom, pr\u00edpadne poskytovanie inform\u00e1ci\u00ed s\u00favisiacich so slu\u017ebami Prev\u00e1dzkovate\u013ea.<br\/>Poskytnutie osobn\u00fdch \u00fadajov zo strany Dotknutej osoby je v\u00fdlu\u010dne\u00a0dobrovo\u013en\u00e9.<br\/>V\u00a0pr\u00edpade, \u017ee Dotknut\u00e1 osoba (z\u00e1kazn\u00edk \/ potenci\u00e1lny z\u00e1kazn\u00edk) neposkytne osobn\u00e9 \u00fadaje nevyhnutn\u00e9 pre uzatvorenie objedn\u00e1vky alebo zmluvy, pr\u00edpadne za in\u00fdm \u00fa\u010delom, uveden\u00e9 bude pova\u017eovan\u00e9 za nez\u00e1ujem Z\u00e1kazn\u00edka vyu\u017ei\u0165 \u0148ou pon\u00fakan\u00e9 slu\u017eby.\n<p><\/p><p>[\/vc_column_text][\/vc_column][\/vc_row][vc_row][vc_column][vc_raw_html]PHA+S0FKT21ldGFsIHMuci5vLiBudXR6dCBQcm9kdWt0ZSB1bmQgRGllbnN0bGVpc3R1bmdlbiBmw7xyIEFuYWx5c2UtIHVuZCBNYXJrZXRpbmd6d2Vja2UgYTkmZ3Q7IFp3ZWNrZW4gYmVyZWl0Z2VzdGVsbHQgdm9uIFZpc2FibGUgR21iSCAod3d3LnZpc2FibGUuY29tKSBpbiBadXNhbW1lbmFyYmVpdCBtaXQgdW5zLiBGw7xyIGRpZXNlbiBad2VjayB3aXJkIGRpZSBUcmFja2luZy1QaXhlbC1UZWNobm9sb2dpZSB2ZXJ3ZW5kZXQsIGRpZSBlcyBlcm3DtmdsaWNodCwgRGF0ZW4genUgc2FtbWVsbiwgenUgdmVyYXJiZWl0ZW4gdW5kIGdlc3BlaWNoZXJ0IHdlcmRlbiBrw7ZubmVuLCB1bSB6dW0gWndlY2sgZGVyIEVyc3RlbGx1bmcgenVtaW5kZXN0IHBzZXVkb255bWlzaWVydGVyIHVuZHNvd2VpdCBtw7ZnbGljaCB1bmQgYW5nZW1lc3Nlbiwgdm9sbHN0w6RuZGlnIGFub255bWlzaWVydGUgTnV0enVuZ3Nwcm9maWxlIHp1IGVyc3RlbGxlbi4gCgpEaWUgZ2VzYW1tZWx0ZW4gRGF0ZW4sIGRpZSBtw7ZnbGljaGVyd2Vpc2UgenVuw6RjaHN0IGF1Y2ggcGVyc29uZW5iZXpvZ2VuZSBEYXRlbiBlbnRoYWx0ZW4sIHdlcmRlbiBhbiBWaXNhYmxlIG9kZXIgZGlyZWt0IHZvbiBWaXNhYmxlIHVuZCB2ZXJ3ZW5kZXQgdW0gZGllIG9iZW4gYmVzY2hyaWViZW5lbiBCZW51dHplcnByb2ZpbGUgenUgZXJzdGVsbGVuLiBCZXN1Y2hlciBkaWVzZXIgV2Vic2l0ZSBzaW5kIG5pY2h0IHBlcnPDtm5saWNoIGlkZW50aWZpemllcmJhciBkdXJjaCBkaWUgV2Vic2l0ZSB3ZXJkZW4gbmljaHQgcGVyc8O2bmxpY2ggaWRlbnRpZml6aWVydCB1bmQgZXMgd2VyZGVuIGtlaW5lIGEzNiZndDsgd2VpdGVyZSBwZXJzb25lbmJlem9nZW5lIERhdGVuIHdlcmRlbiBtaXQgZGVuIEJlbnV0emVycHJvZmlsZW4gdmVya27DvHBmdCAuIFdlbm4gZWluZSBJUC1BZHJlc3NlIGFscyBwZXJzb25lbmJlem9nZW5lIERhdGVuIGlkZW50aWZpemllcnQgd2lyZCwgd2lyZCBzaWUgc29mb3J0IGdlbMO2c2NodC4gIDwvcD4KCjxwPlNpZSBrw7ZubmVuIGRlciBvYmVuIGJlc2NocmllYmVuZW4gRGF0ZW52ZXJhcmJlaXR1bmcgamVkZXJ6ZWl0IGbDvHIgZGllIFp1a3VuZnQgd2lkZXJzcHJlY2hlbiwgaW5kZW0gU2llIGF1ZiBkZW4gZm9sZ2VuZGVuIExpbmsga2xpY2tlbjo8L3A+CjxhIG9uY2xpY2s9ImFsZXJ0KCdWYcWhZSBuw6F2xaF0ZXZ5IHXFviBuZWJ1ZMO6IHphem5hbWVuw6F2YW7DqS4nKTsiIGhyZWY9ImphdmFzY3JpcHQ6dmlzYWJsZUxlYWRzLm9wdE91dCgpIj5Qcm90b2tvbGxpZXJ1bmcgdm9uIEJlc3VjaGVuIGF1c3NjaGxpZcOfZW48L2E+Cg==[\/vc_raw_html][\/vc_column][\/vc_row][vc_row][vc_column][vc_column_text]<\/p>\n<p><strong>Kontaktangaben<\/strong><\/p>\n<p><!-- \/wp:post-content --><\/p>\n<p><!-- wp:paragraph -->Wenn Sie weitere Fragen zur Verarbeitung Ihrer pers\u00f6nlichen Daten haben, k\u00f6nnen Sie uns \u00fcber unsere Korrespondenzadresse auf unserer Website <a href=\"http:\/\/www.kajometal.eu\">www.kajometal.eu<\/a> oder per E-Mail an <a href=\"mailto:kajometal@kajometal.sk\">kajometal@kajometal.sk<\/a> kontaktieren.<\/p>\n<p><!-- \/wp:paragraph --><\/p>\n<p>&nbsp;<\/p>\n<p>[\/vc_column_text][\/vc_column][\/vc_row]<\/p>\n<\/section>","protected":false},"excerpt":{"rendered":"<p>[vc_row][vc_column][vc_column_text] Pre na\u0161u spolo\u010dnos\u0165 je prioritou chr\u00e1ni\u0165 osobn\u00e9 \u00fadaje z\u00e1kazn\u00edkov v\u00a0zmysle platnej legislat\u00edvy, najm\u00e4 v\u00a0zmysle Nariadenia Eur\u00f3pskeho parlamentu a Rady (E\u00da) 2016\/679 z 27. apr\u00edla 2016 o ochrane fyzick\u00fdch os\u00f4b&#8230;<\/p>\n","protected":false},"author":1,"featured_media":0,"parent":0,"menu_order":0,"comment_status":"closed","ping_status":"open","template":"","meta":{"footnotes":""},"class_list":["post-6864","page","type-page","status-publish","hentry"],"yoast_head":"<!-- This site is optimized with the Yoast SEO plugin v22.4 - https:\/\/yoast.com\/wordpress\/plugins\/seo\/ -->\n<title>DATENSCHUTZPOLITIK - KAJOmetal s.r.o.<\/title>\n<meta name=\"robots\" content=\"index, follow, max-snippet:-1, max-image-preview:large, max-video-preview:-1\" \/>\n<link rel=\"canonical\" href=\"https:\/\/www.kajometal.eu\/de\/datenschutzpolitik\/\" \/>\n<meta property=\"og:locale\" content=\"de_DE\" \/>\n<meta property=\"og:type\" content=\"article\" \/>\n<meta property=\"og:title\" content=\"DATENSCHUTZPOLITIK - KAJOmetal s.r.o.\" \/>\n<meta property=\"og:description\" content=\"[vc_row][vc_column][vc_column_text] Pre na\u0161u spolo\u010dnos\u0165 je prioritou chr\u00e1ni\u0165 osobn\u00e9 \u00fadaje z\u00e1kazn\u00edkov v\u00a0zmysle platnej legislat\u00edvy, najm\u00e4 v\u00a0zmysle Nariadenia Eur\u00f3pskeho parlamentu a Rady (E\u00da) 2016\/679 z 27. apr\u00edla 2016 o ochrane fyzick\u00fdch os\u00f4b...\" \/>\n<meta property=\"og:url\" content=\"https:\/\/www.kajometal.eu\/de\/datenschutzpolitik\/\" \/>\n<meta property=\"og:site_name\" content=\"KAJOmetal s.r.o.\" \/>\n<meta property=\"article:modified_time\" content=\"2025-11-24T13:04:04+00:00\" \/>\n<meta name=\"twitter:card\" content=\"summary_large_image\" \/>\n<meta name=\"twitter:label1\" content=\"Gesch\u00e4tzte Lesezeit\" \/>\n\t<meta name=\"twitter:data1\" content=\"10\u00a0Minuten\" \/>\n<script type=\"application\/ld+json\" class=\"yoast-schema-graph\">{\"@context\":\"https:\/\/schema.org\",\"@graph\":[{\"@type\":\"WebPage\",\"@id\":\"https:\/\/www.kajometal.eu\/de\/datenschutzpolitik\/\",\"url\":\"https:\/\/www.kajometal.eu\/de\/datenschutzpolitik\/\",\"name\":\"DATENSCHUTZPOLITIK - KAJOmetal s.r.o.\",\"isPartOf\":{\"@id\":\"https:\/\/www.kajometal.eu\/de\/#website\"},\"datePublished\":\"2023-11-21T08:54:12+00:00\",\"dateModified\":\"2025-11-24T13:04:04+00:00\",\"breadcrumb\":{\"@id\":\"https:\/\/www.kajometal.eu\/de\/datenschutzpolitik\/#breadcrumb\"},\"inLanguage\":\"de\",\"potentialAction\":[{\"@type\":\"ReadAction\",\"target\":[\"https:\/\/www.kajometal.eu\/de\/datenschutzpolitik\/\"]}]},{\"@type\":\"BreadcrumbList\",\"@id\":\"https:\/\/www.kajometal.eu\/de\/datenschutzpolitik\/#breadcrumb\",\"itemListElement\":[{\"@type\":\"ListItem\",\"position\":1,\"name\":\"Domovsk\u00e1 str\u00e1nka\",\"item\":\"https:\/\/www.kajometal.eu\/de\/\"},{\"@type\":\"ListItem\",\"position\":2,\"name\":\"DATENSCHUTZPOLITIK\"}]},{\"@type\":\"WebSite\",\"@id\":\"https:\/\/www.kajometal.eu\/de\/#website\",\"url\":\"https:\/\/www.kajometal.eu\/de\/\",\"name\":\"KAJOmetal s.r.o.\",\"description\":\"V\u00fdroba klzn\u00fdch lo\u017e\u00edsk\",\"potentialAction\":[{\"@type\":\"SearchAction\",\"target\":{\"@type\":\"EntryPoint\",\"urlTemplate\":\"https:\/\/www.kajometal.eu\/de\/?s={search_term_string}\"},\"query-input\":\"required name=search_term_string\"}],\"inLanguage\":\"de\"}]}<\/script>\n<!-- \/ Yoast SEO plugin. -->","yoast_head_json":{"title":"DATENSCHUTZPOLITIK - KAJOmetal s.r.o.","robots":{"index":"index","follow":"follow","max-snippet":"max-snippet:-1","max-image-preview":"max-image-preview:large","max-video-preview":"max-video-preview:-1"},"canonical":"https:\/\/www.kajometal.eu\/de\/datenschutzpolitik\/","og_locale":"de_DE","og_type":"article","og_title":"DATENSCHUTZPOLITIK - KAJOmetal s.r.o.","og_description":"[vc_row][vc_column][vc_column_text] Pre na\u0161u spolo\u010dnos\u0165 je prioritou chr\u00e1ni\u0165 osobn\u00e9 \u00fadaje z\u00e1kazn\u00edkov v\u00a0zmysle platnej legislat\u00edvy, najm\u00e4 v\u00a0zmysle Nariadenia Eur\u00f3pskeho parlamentu a Rady (E\u00da) 2016\/679 z 27. apr\u00edla 2016 o ochrane fyzick\u00fdch os\u00f4b...","og_url":"https:\/\/www.kajometal.eu\/de\/datenschutzpolitik\/","og_site_name":"KAJOmetal s.r.o.","article_modified_time":"2025-11-24T13:04:04+00:00","twitter_card":"summary_large_image","twitter_misc":{"Gesch\u00e4tzte Lesezeit":"10\u00a0Minuten"},"schema":{"@context":"https:\/\/schema.org","@graph":[{"@type":"WebPage","@id":"https:\/\/www.kajometal.eu\/de\/datenschutzpolitik\/","url":"https:\/\/www.kajometal.eu\/de\/datenschutzpolitik\/","name":"DATENSCHUTZPOLITIK - KAJOmetal s.r.o.","isPartOf":{"@id":"https:\/\/www.kajometal.eu\/de\/#website"},"datePublished":"2023-11-21T08:54:12+00:00","dateModified":"2025-11-24T13:04:04+00:00","breadcrumb":{"@id":"https:\/\/www.kajometal.eu\/de\/datenschutzpolitik\/#breadcrumb"},"inLanguage":"de","potentialAction":[{"@type":"ReadAction","target":["https:\/\/www.kajometal.eu\/de\/datenschutzpolitik\/"]}]},{"@type":"BreadcrumbList","@id":"https:\/\/www.kajometal.eu\/de\/datenschutzpolitik\/#breadcrumb","itemListElement":[{"@type":"ListItem","position":1,"name":"Domovsk\u00e1 str\u00e1nka","item":"https:\/\/www.kajometal.eu\/de\/"},{"@type":"ListItem","position":2,"name":"DATENSCHUTZPOLITIK"}]},{"@type":"WebSite","@id":"https:\/\/www.kajometal.eu\/de\/#website","url":"https:\/\/www.kajometal.eu\/de\/","name":"KAJOmetal s.r.o.","description":"V\u00fdroba klzn\u00fdch lo\u017e\u00edsk","potentialAction":[{"@type":"SearchAction","target":{"@type":"EntryPoint","urlTemplate":"https:\/\/www.kajometal.eu\/de\/?s={search_term_string}"},"query-input":"required name=search_term_string"}],"inLanguage":"de"}]}},"_links":{"self":[{"href":"https:\/\/www.kajometal.eu\/de\/wp-json\/wp\/v2\/pages\/6864","targetHints":{"allow":["GET"]}}],"collection":[{"href":"https:\/\/www.kajometal.eu\/de\/wp-json\/wp\/v2\/pages"}],"about":[{"href":"https:\/\/www.kajometal.eu\/de\/wp-json\/wp\/v2\/types\/page"}],"author":[{"embeddable":true,"href":"https:\/\/www.kajometal.eu\/de\/wp-json\/wp\/v2\/users\/1"}],"replies":[{"embeddable":true,"href":"https:\/\/www.kajometal.eu\/de\/wp-json\/wp\/v2\/comments?post=6864"}],"version-history":[{"count":2,"href":"https:\/\/www.kajometal.eu\/de\/wp-json\/wp\/v2\/pages\/6864\/revisions"}],"predecessor-version":[{"id":6871,"href":"https:\/\/www.kajometal.eu\/de\/wp-json\/wp\/v2\/pages\/6864\/revisions\/6871"}],"wp:attachment":[{"href":"https:\/\/www.kajometal.eu\/de\/wp-json\/wp\/v2\/media?parent=6864"}],"curies":[{"name":"wp","href":"https:\/\/api.w.org\/{rel}","templated":true}]}}