{"id":6668,"date":"2024-01-09T12:00:55","date_gmt":"2024-01-09T11:00:55","guid":{"rendered":"https:\/\/www.kajometal.eu\/b10-abmessungen-der-gleitschiene\/"},"modified":"2026-03-09T12:52:59","modified_gmt":"2026-03-09T11:52:59","slug":"b10-abmessungen-der-gleitstreifen","status":"publish","type":"page","link":"https:\/\/www.kajometal.eu\/de\/b10-abmessungen-der-gleitstreifen\/","title":{"rendered":"B10 Abmessungen der Gleitstreifen"},"content":{"rendered":"<section class=\"wpb-content-wrapper\"><p>[vc_row][vc_column]<div class=\"mgt-header-block clearfix text-center text-white wpb_content_element  mgt-header-block-style-1 mgt-header-texttransform-header  vc_custom_1768992407084\"><h2 class=\"mgt-header-block-title\">B10 Abmessungen der Gleitstreifen<\/h2><\/div>[vc_empty_space height=&#8220;50px&#8220;][\/vc_column][\/vc_row][vc_row][vc_column width=&#8220;1\/4&#8243;][vc_single_image image=&#8220;3580&#8243; img_size=&#8220;150&#215;150&#8243; alignment=&#8220;center&#8220; css=&#8220;.vc_custom_1704798358099{padding-top: 45px !important;}&#8220;][vc_empty_space height=&#8220;50px&#8220;][\/vc_column][vc_column width=&#8220;3\/4&#8243;][vc_single_image image=&#8220;4184&#8243; img_size=&#8220;1400&#215;400&#8243; alignment=&#8220;center&#8220;][vc_empty_space height=&#8220;50px&#8220;][\/vc_column][\/vc_row][vc_row][vc_column width=&#8220;1\/2&#8243;]<div class=\"mgt-header-block clearfix text-left text-black wpb_content_element  mgt-header-block-style-1 mgt-header-texttransform-header \"><h2 class=\"mgt-header-block-title\">ANFRAGE EINREICHEN<\/h2><p class=\"mgt-header-block-subtitle\">W\u00e4hlen Sie ein Produkt im Konfigurator aus, fordern Sie ein Angebot an oder geben Sie eine Bestellung auf.<\/p><\/div>[vc_empty_space][\/vc_column][vc_column width=&#8220;1\/2&#8243;][vc_empty_space height=&#8220;50px&#8220;][vc_btn title=&#8220;Zum Produktkonfigurator&#8220; style=&#8220;custom&#8220; custom_background=&#8220;#06847e&#8220; custom_text=&#8220;#ffffff&#8220; size=&#8220;lg&#8220; align=&#8220;center&#8220; link=&#8220;url:https%3A%2F%2Fwww.kajometal-products.com%2Fb10-slide-rail|target:_blank&#8220;][\/vc_column][\/vc_row][vc_row][vc_column][vc_separator color=&#8220;custom&#8220; border_width=&#8220;2&#8243; accent_color=&#8220;#06847e&#8220;]<div class=\"mgt-header-block clearfix text-left text-black wpb_content_element  mgt-header-block-style-1 mgt-header-texttransform-header \"><h2 class=\"mgt-header-block-title\">Abmessungstabelle<\/h2><p class=\"mgt-header-block-subtitle\">Produktabmessungen zum Herunterladen.<\/p><\/div>[\/vc_column][\/vc_row][vc_row][vc_column][vc_empty_space][vc_single_image image=&#8220;4341&#8243; img_size=&#8220;large&#8220; alignment=&#8220;center&#8220; onclick=&#8220;custom_link&#8220; img_link_target=&#8220;_blank&#8220; link=&#8220;https:\/\/www.kajometal.eu\/wp-content\/uploads\/2024\/01\/TAB-B10_4-KAJOmetal.pdf&#8220;][vc_column_text]<\/p>\n<p style=\"text-align: center;\"><a href=\"https:\/\/www.kajometal.eu\/wp-content\/uploads\/2024\/01\/TAB-B10_4-KAJOmetal.pdf\" target=\"_blank\" rel=\"noopener\">Herunterladen<\/a><\/p>\n<p>[\/vc_column_text][vc_empty_space height=&#8220;50px&#8220;][\/vc_column][\/vc_row]<\/p>\n<\/section>","protected":false},"excerpt":{"rendered":"<p>[vc_row][vc_column][vc_empty_space height=&#8220;50px&#8220;][\/vc_column][\/vc_row][vc_row][vc_column width=&#8220;1\/4&#8243;][vc_single_image image=&#8220;3580&#8243; img_size=&#8220;150&#215;150&#8243; alignment=&#8220;center&#8220; css=&#8220;.vc_custom_1704798358099{padding-top: 45px !important;}&#8220;][vc_empty_space height=&#8220;50px&#8220;][\/vc_column][vc_column width=&#8220;3\/4&#8243;][vc_single_image image=&#8220;4184&#8243; img_size=&#8220;1400&#215;400&#8243; alignment=&#8220;center&#8220;][vc_empty_space height=&#8220;50px&#8220;][\/vc_column][\/vc_row][vc_row][vc_column width=&#8220;1\/2&#8243;][vc_empty_space][\/vc_column][vc_column width=&#8220;1\/2&#8243;][vc_empty_space height=&#8220;50px&#8220;][vc_btn title=&#8220;Zum Produktkonfigurator&#8220; style=&#8220;custom&#8220; custom_background=&#8220;#06847e&#8220; custom_text=&#8220;#ffffff&#8220; size=&#8220;lg&#8220; align=&#8220;center&#8220; link=&#8220;url:https%3A%2F%2Fwww.kajometal-products.com%2Fb10-slide-rail|target:_blank&#8220;][\/vc_column][\/vc_row][vc_row][vc_column][vc_separator color=&#8220;custom&#8220; border_width=&#8220;2&#8243; accent_color=&#8220;#06847e&#8220;][\/vc_column][\/vc_row][vc_row][vc_column][vc_empty_space][vc_single_image image=&#8220;4341&#8243;&#8230;<\/p>\n","protected":false},"author":1,"featured_media":0,"parent":0,"menu_order":0,"comment_status":"closed","ping_status":"closed","template":"","meta":{"footnotes":""},"class_list":["post-6668","page","type-page","status-publish","hentry"],"yoast_head":"<!-- This site is optimized with the Yoast SEO plugin v22.4 - https:\/\/yoast.com\/wordpress\/plugins\/seo\/ -->\n<title>B10 Abmessungen der Gleitstreifen - KAJOmetal s.r.o.<\/title>\n<meta name=\"description\" content=\"KU-Buchsen, Produktion und Lager von Gleitbuchsen\" \/>\n<meta name=\"robots\" content=\"index, follow, max-snippet:-1, max-image-preview:large, max-video-preview:-1\" \/>\n<link rel=\"canonical\" href=\"https:\/\/www.kajometal.eu\/de\/b10-abmessungen-der-gleitstreifen\/\" \/>\n<meta property=\"og:locale\" content=\"de_DE\" \/>\n<meta property=\"og:type\" content=\"article\" \/>\n<meta property=\"og:title\" content=\"B10 Abmessungen der Gleitstreifen - KAJOmetal s.r.o.\" \/>\n<meta property=\"og:description\" content=\"KU-Buchsen, Produktion und Lager von Gleitbuchsen\" \/>\n<meta property=\"og:url\" content=\"https:\/\/www.kajometal.eu\/de\/b10-abmessungen-der-gleitstreifen\/\" \/>\n<meta property=\"og:site_name\" content=\"KAJOmetal s.r.o.\" \/>\n<meta property=\"article:modified_time\" content=\"2026-03-09T11:52:59+00:00\" \/>\n<meta name=\"twitter:card\" content=\"summary_large_image\" \/>\n<meta name=\"twitter:label1\" content=\"Gesch\u00e4tzte Lesezeit\" \/>\n\t<meta name=\"twitter:data1\" content=\"2\u00a0Minuten\" \/>\n<script type=\"application\/ld+json\" class=\"yoast-schema-graph\">{\"@context\":\"https:\/\/schema.org\",\"@graph\":[{\"@type\":\"WebPage\",\"@id\":\"https:\/\/www.kajometal.eu\/de\/b10-abmessungen-der-gleitstreifen\/\",\"url\":\"https:\/\/www.kajometal.eu\/de\/b10-abmessungen-der-gleitstreifen\/\",\"name\":\"B10 Abmessungen der Gleitstreifen - KAJOmetal s.r.o.\",\"isPartOf\":{\"@id\":\"https:\/\/www.kajometal.eu\/de\/#website\"},\"datePublished\":\"2024-01-09T11:00:55+00:00\",\"dateModified\":\"2026-03-09T11:52:59+00:00\",\"description\":\"KU-Buchsen, Produktion und Lager von Gleitbuchsen\",\"breadcrumb\":{\"@id\":\"https:\/\/www.kajometal.eu\/de\/b10-abmessungen-der-gleitstreifen\/#breadcrumb\"},\"inLanguage\":\"de\",\"potentialAction\":[{\"@type\":\"ReadAction\",\"target\":[\"https:\/\/www.kajometal.eu\/de\/b10-abmessungen-der-gleitstreifen\/\"]}]},{\"@type\":\"BreadcrumbList\",\"@id\":\"https:\/\/www.kajometal.eu\/de\/b10-abmessungen-der-gleitstreifen\/#breadcrumb\",\"itemListElement\":[{\"@type\":\"ListItem\",\"position\":1,\"name\":\"Domovsk\u00e1 str\u00e1nka\",\"item\":\"https:\/\/www.kajometal.eu\/de\/\"},{\"@type\":\"ListItem\",\"position\":2,\"name\":\"B10 Abmessungen der Gleitstreifen\"}]},{\"@type\":\"WebSite\",\"@id\":\"https:\/\/www.kajometal.eu\/de\/#website\",\"url\":\"https:\/\/www.kajometal.eu\/de\/\",\"name\":\"KAJOmetal s.r.o.\",\"description\":\"V\u00fdroba klzn\u00fdch lo\u017e\u00edsk\",\"potentialAction\":[{\"@type\":\"SearchAction\",\"target\":{\"@type\":\"EntryPoint\",\"urlTemplate\":\"https:\/\/www.kajometal.eu\/de\/?s={search_term_string}\"},\"query-input\":\"required name=search_term_string\"}],\"inLanguage\":\"de\"}]}<\/script>\n<!-- \/ Yoast SEO plugin. -->","yoast_head_json":{"title":"B10 Abmessungen der Gleitstreifen - KAJOmetal s.r.o.","description":"KU-Buchsen, Produktion und Lager von Gleitbuchsen","robots":{"index":"index","follow":"follow","max-snippet":"max-snippet:-1","max-image-preview":"max-image-preview:large","max-video-preview":"max-video-preview:-1"},"canonical":"https:\/\/www.kajometal.eu\/de\/b10-abmessungen-der-gleitstreifen\/","og_locale":"de_DE","og_type":"article","og_title":"B10 Abmessungen der Gleitstreifen - KAJOmetal s.r.o.","og_description":"KU-Buchsen, Produktion und Lager von Gleitbuchsen","og_url":"https:\/\/www.kajometal.eu\/de\/b10-abmessungen-der-gleitstreifen\/","og_site_name":"KAJOmetal s.r.o.","article_modified_time":"2026-03-09T11:52:59+00:00","twitter_card":"summary_large_image","twitter_misc":{"Gesch\u00e4tzte Lesezeit":"2\u00a0Minuten"},"schema":{"@context":"https:\/\/schema.org","@graph":[{"@type":"WebPage","@id":"https:\/\/www.kajometal.eu\/de\/b10-abmessungen-der-gleitstreifen\/","url":"https:\/\/www.kajometal.eu\/de\/b10-abmessungen-der-gleitstreifen\/","name":"B10 Abmessungen der Gleitstreifen - KAJOmetal s.r.o.","isPartOf":{"@id":"https:\/\/www.kajometal.eu\/de\/#website"},"datePublished":"2024-01-09T11:00:55+00:00","dateModified":"2026-03-09T11:52:59+00:00","description":"KU-Buchsen, Produktion und Lager von Gleitbuchsen","breadcrumb":{"@id":"https:\/\/www.kajometal.eu\/de\/b10-abmessungen-der-gleitstreifen\/#breadcrumb"},"inLanguage":"de","potentialAction":[{"@type":"ReadAction","target":["https:\/\/www.kajometal.eu\/de\/b10-abmessungen-der-gleitstreifen\/"]}]},{"@type":"BreadcrumbList","@id":"https:\/\/www.kajometal.eu\/de\/b10-abmessungen-der-gleitstreifen\/#breadcrumb","itemListElement":[{"@type":"ListItem","position":1,"name":"Domovsk\u00e1 str\u00e1nka","item":"https:\/\/www.kajometal.eu\/de\/"},{"@type":"ListItem","position":2,"name":"B10 Abmessungen der Gleitstreifen"}]},{"@type":"WebSite","@id":"https:\/\/www.kajometal.eu\/de\/#website","url":"https:\/\/www.kajometal.eu\/de\/","name":"KAJOmetal s.r.o.","description":"V\u00fdroba klzn\u00fdch lo\u017e\u00edsk","potentialAction":[{"@type":"SearchAction","target":{"@type":"EntryPoint","urlTemplate":"https:\/\/www.kajometal.eu\/de\/?s={search_term_string}"},"query-input":"required name=search_term_string"}],"inLanguage":"de"}]}},"_links":{"self":[{"href":"https:\/\/www.kajometal.eu\/de\/wp-json\/wp\/v2\/pages\/6668","targetHints":{"allow":["GET"]}}],"collection":[{"href":"https:\/\/www.kajometal.eu\/de\/wp-json\/wp\/v2\/pages"}],"about":[{"href":"https:\/\/www.kajometal.eu\/de\/wp-json\/wp\/v2\/types\/page"}],"author":[{"embeddable":true,"href":"https:\/\/www.kajometal.eu\/de\/wp-json\/wp\/v2\/users\/1"}],"replies":[{"embeddable":true,"href":"https:\/\/www.kajometal.eu\/de\/wp-json\/wp\/v2\/comments?post=6668"}],"version-history":[{"count":7,"href":"https:\/\/www.kajometal.eu\/de\/wp-json\/wp\/v2\/pages\/6668\/revisions"}],"predecessor-version":[{"id":7286,"href":"https:\/\/www.kajometal.eu\/de\/wp-json\/wp\/v2\/pages\/6668\/revisions\/7286"}],"wp:attachment":[{"href":"https:\/\/www.kajometal.eu\/de\/wp-json\/wp\/v2\/media?parent=6668"}],"curies":[{"name":"wp","href":"https:\/\/api.w.org\/{rel}","templated":true}]}}