{"id":6598,"date":"2024-01-18T08:29:02","date_gmt":"2024-01-18T07:29:02","guid":{"rendered":"https:\/\/www.kajometal.eu\/b65-bimetallische-lagerbuchsen\/"},"modified":"2026-03-09T13:24:34","modified_gmt":"2026-03-09T12:24:34","slug":"b65-bimetall-lagerbuchsen","status":"publish","type":"page","link":"https:\/\/www.kajometal.eu\/de\/b65-bimetall-lagerbuchsen\/","title":{"rendered":"B65 Bimetall-Lagerbuchsen"},"content":{"rendered":"<section class=\"wpb-content-wrapper\"><p>[vc_row][vc_column]<div class=\"mgt-header-block clearfix text-center text-white wpb_content_element  mgt-header-block-style-1 mgt-header-texttransform-header  vc_custom_1763741617870\"><h2 class=\"mgt-header-block-title\">B65 Bimetall-Lagerbuchsen<\/h2><\/div>[vc_empty_space][vc_column_text]<\/p>\n<h3 style=\"text-align: left;\"><strong>TECHNISCHE DATEN<\/strong><\/h3>\n<p>[\/vc_column_text][vc_column_text]<\/p>\n<table width=\"516\">\n<tbody>\n<tr>\n<td rowspan=\"1\" width=\"160\"><\/td>\n<td rowspan=\"1\" width=\"89\"><strong>B10<\/strong><\/td>\n<td rowspan=\"1\" width=\"89\"><strong>B22<\/strong><\/td>\n<td rowspan=\"1\" width=\"89\"><strong>B30<\/strong><\/td>\n<td rowspan=\"1\" width=\"89\"><strong>STANIT<\/strong><\/td>\n<\/tr>\n<tr>\n<td rowspan=\"1\" width=\"160\"><strong>Struktur<\/strong><\/td>\n<td rowspan=\"1\" width=\"89\">CuPb10Sn10<\/td>\n<td rowspan=\"1\" width=\"89\">CuPb20Sn1<\/td>\n<td rowspan=\"1\" width=\"89\">CuPb30<\/td>\n<td rowspan=\"1\" width=\"89\">SnSb10Cu3<\/td>\n<\/tr>\n<tr>\n<td rowspan=\"1\"><strong>Statische Belastung<\/strong><\/td>\n<td rowspan=\"1\">250 MPa<\/td>\n<td rowspan=\"1\">130 MPa<\/td>\n<td rowspan=\"1\">120 MPa<\/td>\n<td rowspan=\"1\">110 MPa<\/td>\n<\/tr>\n<tr>\n<td rowspan=\"1\"><strong>Dynamische Belastung<\/strong><\/td>\n<td rowspan=\"1\">120 MPa<\/td>\n<td rowspan=\"1\">42 MPa<\/td>\n<td rowspan=\"1\">32 MPa<\/td>\n<td rowspan=\"1\">30 MPa<\/td>\n<\/tr>\n<tr>\n<td rowspan=\"1\" width=\"160\"><strong>Betriebstemperatur<\/strong><\/td>\n<td rowspan=\"1\" width=\"89\">250\u00b0C<\/td>\n<td rowspan=\"1\" width=\"89\">220\u00b0C<\/td>\n<td rowspan=\"1\" width=\"89\">160\u00b0C<\/td>\n<td rowspan=\"1\" width=\"89\">120\u00b0C<\/td>\n<\/tr>\n<tr>\n<td rowspan=\"1\" width=\"160\"><strong>Grenze der Zugfestigkeit<\/strong><\/td>\n<td rowspan=\"1\" width=\"89\">230 &#8211; 280 MPa<\/td>\n<td rowspan=\"1\" width=\"89\">190 &#8211; 220 MPa<\/td>\n<td rowspan=\"1\" width=\"89\">90 &#8211; 170 MPa<\/td>\n<td rowspan=\"1\" width=\"89\">110 &#8211; 130 MPa<\/td>\n<\/tr>\n<tr>\n<td><strong>Schwerkraft %<\/strong><\/td>\n<td>2 &#8211; 4<\/td>\n<td>2,2 &#8211; 3<\/td>\n<td>2 &#8211; 3<\/td>\n<td>2 &#8211; 3<\/td>\n<\/tr>\n<\/tbody>\n<\/table>\n<p>[\/vc_column_text][\/vc_column][\/vc_row][vc_row][vc_column][vc_tta_accordion color=&#8220;white&#8220; active_section=&#8220;1&#8243;][vc_tta_section title=&#8220;Beschreibung des Produkts&#8220; tab_id=&#8220;1707220456766-ba026586-9e8d&#8220;][vc_column_text]Dickwandige Bimetallbuchsen sind f\u00fcr Arbeitsbedingungen mit hydrodynamischer Schmierung konzipiert, um Dreh- oder Gleitbewegungen zu \u00fcbertragen. Sie k\u00f6nnen statische und dynamische Radial- und Axialkr\u00e4fte aufnehmen.<br \/>\nDas Gleitmaterial B10, B22, B30 wird in einer Schutzatmosph\u00e4re auf den darunter liegenden Stahl gegossen. Er hat eine gleichm\u00e4\u00dfige Struktur und zeichnet sich durch gute Gleiteigenschaften auch unter Grenzreibungsbedingungen aus.<br \/>\nDickwandige Bimetallbuchsen werden f\u00fcr Bolzen von 10 mm bis 300 mm hergestellt. Buchsen \u00fcber 300 mm werden nach den Spezifikationen des Kunden hergestellt.[\/vc_column_text][\/vc_tta_section][\/vc_tta_accordion][vc_empty_space height=&#8220;60px&#8220;][\/vc_column][\/vc_row][vc_row css=&#8220;.vc_custom_1460536155154{margin-right: -25px !important;margin-left: -15px !important;}&#8220;][vc_column width=&#8220;1\/2&#8243;][vc_single_image image=&#8220;4652&#8243; img_size=&#8220;100&#215;100&#8243; alignment=&#8220;center&#8220;][vc_column_text]<\/p>\n<h3 style=\"text-align: center;\">Abmessungen der zylindrischen Buchse<\/h3>\n<p>[\/vc_column_text][vc_btn title=&#8220;AUSW\u00c4HLEN&#8220; style=&#8220;custom&#8220; custom_background=&#8220;#06847e&#8220; custom_text=&#8220;#ffffff&#8220; align=&#8220;center&#8220; link=&#8220;url:https%3A%2F%2Fwww.kajometal.eu%2Fde%2Fb65-abmessungen-der-zylindrischen-buchse%2F&#8220;][vc_empty_space][\/vc_column][vc_column width=&#8220;1\/2&#8243;][vc_single_image image=&#8220;7208&#8243; img_size=&#8220;100&#215;100&#8243; alignment=&#8220;center&#8220;][vc_column_text]<\/p>\n<h3 style=\"text-align: center;\">Abmessungen der Bundbuchse<\/h3>\n<p>[\/vc_column_text][vc_btn title=&#8220;AUSW\u00c4HLEN&#8220; style=&#8220;custom&#8220; custom_background=&#8220;#06847e&#8220; custom_text=&#8220;#ffffff&#8220; align=&#8220;center&#8220; link=&#8220;url:https%3A%2F%2Fwww.kajometal.eu%2Fde%2Fb65-abmessungen-der-bundbuchse%2F&#8220;][vc_empty_space][\/vc_column][\/vc_row]<\/p>\n<\/section>","protected":false},"excerpt":{"rendered":"<p>[vc_row][vc_column][vc_empty_space][vc_column_text] TECHNISCHE DATEN [\/vc_column_text][vc_column_text] B10 B22 B30 STANIT Struktur CuPb10Sn10 CuPb20Sn1 CuPb30 SnSb10Cu3 Statische Belastung 250 MPa 130 MPa 120 MPa 110 MPa Dynamische Belastung 120 MPa 42 MPa 32&#8230;<\/p>\n","protected":false},"author":1,"featured_media":0,"parent":0,"menu_order":0,"comment_status":"closed","ping_status":"closed","template":"","meta":{"footnotes":""},"class_list":["post-6598","page","type-page","status-publish","hentry"],"yoast_head":"<!-- This site is optimized with the Yoast SEO plugin v22.4 - https:\/\/yoast.com\/wordpress\/plugins\/seo\/ -->\n<title>B65 Bimetall-Lagerbuchsen - KAJOmetal s.r.o.<\/title>\n<meta name=\"description\" content=\"B65 zentrifugal gegossene, gedrehte Gleitlager.\" \/>\n<meta name=\"robots\" content=\"index, follow, max-snippet:-1, max-image-preview:large, max-video-preview:-1\" \/>\n<link rel=\"canonical\" href=\"https:\/\/www.kajometal.eu\/de\/b65-bimetall-lagerbuchsen\/\" \/>\n<meta property=\"og:locale\" content=\"de_DE\" \/>\n<meta property=\"og:type\" content=\"article\" \/>\n<meta property=\"og:title\" content=\"B65 Bimetall-Lagerbuchsen - KAJOmetal s.r.o.\" \/>\n<meta property=\"og:description\" content=\"B65 zentrifugal gegossene, gedrehte Gleitlager.\" \/>\n<meta property=\"og:url\" content=\"https:\/\/www.kajometal.eu\/de\/b65-bimetall-lagerbuchsen\/\" \/>\n<meta property=\"og:site_name\" content=\"KAJOmetal s.r.o.\" \/>\n<meta property=\"article:modified_time\" content=\"2026-03-09T12:24:34+00:00\" \/>\n<meta name=\"twitter:card\" content=\"summary_large_image\" \/>\n<meta name=\"twitter:label1\" content=\"Gesch\u00e4tzte Lesezeit\" \/>\n\t<meta name=\"twitter:data1\" content=\"2\u00a0Minuten\" \/>\n<script type=\"application\/ld+json\" class=\"yoast-schema-graph\">{\"@context\":\"https:\/\/schema.org\",\"@graph\":[{\"@type\":\"WebPage\",\"@id\":\"https:\/\/www.kajometal.eu\/de\/b65-bimetall-lagerbuchsen\/\",\"url\":\"https:\/\/www.kajometal.eu\/de\/b65-bimetall-lagerbuchsen\/\",\"name\":\"B65 Bimetall-Lagerbuchsen - KAJOmetal s.r.o.\",\"isPartOf\":{\"@id\":\"https:\/\/www.kajometal.eu\/de\/#website\"},\"datePublished\":\"2024-01-18T07:29:02+00:00\",\"dateModified\":\"2026-03-09T12:24:34+00:00\",\"description\":\"B65 zentrifugal gegossene, gedrehte Gleitlager.\",\"breadcrumb\":{\"@id\":\"https:\/\/www.kajometal.eu\/de\/b65-bimetall-lagerbuchsen\/#breadcrumb\"},\"inLanguage\":\"de\",\"potentialAction\":[{\"@type\":\"ReadAction\",\"target\":[\"https:\/\/www.kajometal.eu\/de\/b65-bimetall-lagerbuchsen\/\"]}]},{\"@type\":\"BreadcrumbList\",\"@id\":\"https:\/\/www.kajometal.eu\/de\/b65-bimetall-lagerbuchsen\/#breadcrumb\",\"itemListElement\":[{\"@type\":\"ListItem\",\"position\":1,\"name\":\"Domovsk\u00e1 str\u00e1nka\",\"item\":\"https:\/\/www.kajometal.eu\/de\/\"},{\"@type\":\"ListItem\",\"position\":2,\"name\":\"B65 Bimetall-Lagerbuchsen\"}]},{\"@type\":\"WebSite\",\"@id\":\"https:\/\/www.kajometal.eu\/de\/#website\",\"url\":\"https:\/\/www.kajometal.eu\/de\/\",\"name\":\"KAJOmetal s.r.o.\",\"description\":\"V\u00fdroba klzn\u00fdch lo\u017e\u00edsk\",\"potentialAction\":[{\"@type\":\"SearchAction\",\"target\":{\"@type\":\"EntryPoint\",\"urlTemplate\":\"https:\/\/www.kajometal.eu\/de\/?s={search_term_string}\"},\"query-input\":\"required name=search_term_string\"}],\"inLanguage\":\"de\"}]}<\/script>\n<!-- \/ Yoast SEO plugin. -->","yoast_head_json":{"title":"B65 Bimetall-Lagerbuchsen - KAJOmetal s.r.o.","description":"B65 zentrifugal gegossene, gedrehte Gleitlager.","robots":{"index":"index","follow":"follow","max-snippet":"max-snippet:-1","max-image-preview":"max-image-preview:large","max-video-preview":"max-video-preview:-1"},"canonical":"https:\/\/www.kajometal.eu\/de\/b65-bimetall-lagerbuchsen\/","og_locale":"de_DE","og_type":"article","og_title":"B65 Bimetall-Lagerbuchsen - KAJOmetal s.r.o.","og_description":"B65 zentrifugal gegossene, gedrehte Gleitlager.","og_url":"https:\/\/www.kajometal.eu\/de\/b65-bimetall-lagerbuchsen\/","og_site_name":"KAJOmetal s.r.o.","article_modified_time":"2026-03-09T12:24:34+00:00","twitter_card":"summary_large_image","twitter_misc":{"Gesch\u00e4tzte Lesezeit":"2\u00a0Minuten"},"schema":{"@context":"https:\/\/schema.org","@graph":[{"@type":"WebPage","@id":"https:\/\/www.kajometal.eu\/de\/b65-bimetall-lagerbuchsen\/","url":"https:\/\/www.kajometal.eu\/de\/b65-bimetall-lagerbuchsen\/","name":"B65 Bimetall-Lagerbuchsen - KAJOmetal s.r.o.","isPartOf":{"@id":"https:\/\/www.kajometal.eu\/de\/#website"},"datePublished":"2024-01-18T07:29:02+00:00","dateModified":"2026-03-09T12:24:34+00:00","description":"B65 zentrifugal gegossene, gedrehte Gleitlager.","breadcrumb":{"@id":"https:\/\/www.kajometal.eu\/de\/b65-bimetall-lagerbuchsen\/#breadcrumb"},"inLanguage":"de","potentialAction":[{"@type":"ReadAction","target":["https:\/\/www.kajometal.eu\/de\/b65-bimetall-lagerbuchsen\/"]}]},{"@type":"BreadcrumbList","@id":"https:\/\/www.kajometal.eu\/de\/b65-bimetall-lagerbuchsen\/#breadcrumb","itemListElement":[{"@type":"ListItem","position":1,"name":"Domovsk\u00e1 str\u00e1nka","item":"https:\/\/www.kajometal.eu\/de\/"},{"@type":"ListItem","position":2,"name":"B65 Bimetall-Lagerbuchsen"}]},{"@type":"WebSite","@id":"https:\/\/www.kajometal.eu\/de\/#website","url":"https:\/\/www.kajometal.eu\/de\/","name":"KAJOmetal s.r.o.","description":"V\u00fdroba klzn\u00fdch lo\u017e\u00edsk","potentialAction":[{"@type":"SearchAction","target":{"@type":"EntryPoint","urlTemplate":"https:\/\/www.kajometal.eu\/de\/?s={search_term_string}"},"query-input":"required name=search_term_string"}],"inLanguage":"de"}]}},"_links":{"self":[{"href":"https:\/\/www.kajometal.eu\/de\/wp-json\/wp\/v2\/pages\/6598","targetHints":{"allow":["GET"]}}],"collection":[{"href":"https:\/\/www.kajometal.eu\/de\/wp-json\/wp\/v2\/pages"}],"about":[{"href":"https:\/\/www.kajometal.eu\/de\/wp-json\/wp\/v2\/types\/page"}],"author":[{"embeddable":true,"href":"https:\/\/www.kajometal.eu\/de\/wp-json\/wp\/v2\/users\/1"}],"replies":[{"embeddable":true,"href":"https:\/\/www.kajometal.eu\/de\/wp-json\/wp\/v2\/comments?post=6598"}],"version-history":[{"count":8,"href":"https:\/\/www.kajometal.eu\/de\/wp-json\/wp\/v2\/pages\/6598\/revisions"}],"predecessor-version":[{"id":7303,"href":"https:\/\/www.kajometal.eu\/de\/wp-json\/wp\/v2\/pages\/6598\/revisions\/7303"}],"wp:attachment":[{"href":"https:\/\/www.kajometal.eu\/de\/wp-json\/wp\/v2\/media?parent=6598"}],"curies":[{"name":"wp","href":"https:\/\/api.w.org\/{rel}","templated":true}]}}