{"id":6582,"date":"2024-01-17T11:14:07","date_gmt":"2024-01-17T10:14:07","guid":{"rendered":"https:\/\/www.kajometal.eu\/b60-lagerbuchsen-aus-bronze\/"},"modified":"2026-01-27T08:29:12","modified_gmt":"2026-01-27T07:29:12","slug":"b60-bronze-lagerbuchsen","status":"publish","type":"page","link":"https:\/\/www.kajometal.eu\/de\/b60-bronze-lagerbuchsen\/","title":{"rendered":"B60 Bronze-Lagerbuchsen"},"content":{"rendered":"<section class=\"wpb-content-wrapper\"><p>[vc_row][vc_column]<div class=\"mgt-header-block clearfix text-center text-white wpb_content_element  mgt-header-block-style-1 mgt-header-texttransform-header  vc_custom_1769498534160\"><h2 class=\"mgt-header-block-title\">B60 Bronze-lagerbuchsen<\/h2><\/div>[vc_empty_space][vc_column_text]<\/p>\n<h3 style=\"text-align: left;\"><strong>TECHNISCHE DATEN<\/strong><\/h3>\n<p>[\/vc_column_text][vc_column_text]<\/p>\n<table width=\"783\">\n<tbody>\n<tr>\n<td width=\"160\"><\/td>\n<td width=\"89\"><strong>60 M1<\/strong><\/td>\n<td width=\"89\"><strong>60 M2<\/strong><\/td>\n<td width=\"89\"><strong>60 M3<\/strong><\/td>\n<td width=\"89\"><strong>60 M4<\/strong><\/td>\n<td width=\"89\"><strong>60 M5<\/strong><\/td>\n<td width=\"89\"><strong>60 M6<\/strong><\/td>\n<td width=\"89\"><strong>60 M7<\/strong><\/td>\n<\/tr>\n<tr>\n<td><\/td>\n<td><\/td>\n<td><\/td>\n<td><\/td>\n<td><\/td>\n<td><\/td>\n<td><\/td>\n<td><\/td>\n<\/tr>\n<tr>\n<td><strong>Struktur Cu %<\/strong><\/td>\n<td>65<\/td>\n<td>85<\/td>\n<td>80<\/td>\n<td>88<\/td>\n<td>80<\/td>\n<td>65<\/td>\n<td>76<\/td>\n<\/tr>\n<tr>\n<td><strong>Struktur Sn %<\/strong><\/td>\n<td><\/td>\n<td>5<\/td>\n<td><\/td>\n<td>12<\/td>\n<td>10<\/td>\n<td><\/td>\n<td>8<\/td>\n<\/tr>\n<tr>\n<td><strong>Struktur Pb %<\/strong><\/td>\n<td><\/td>\n<td>5<\/td>\n<td><\/td>\n<td><\/td>\n<td>10<\/td>\n<td><\/td>\n<td>15<\/td>\n<\/tr>\n<tr>\n<td><strong>Struktur Zn %<\/strong><\/td>\n<td>25<\/td>\n<td>5<\/td>\n<td><\/td>\n<td><\/td>\n<td><\/td>\n<td>25<\/td>\n<td><\/td>\n<\/tr>\n<tr>\n<td><strong>Struktur Ni %<\/strong><\/td>\n<td><\/td>\n<td><\/td>\n<td>5<\/td>\n<td><\/td>\n<td><\/td>\n<td><\/td>\n<td>1<\/td>\n<\/tr>\n<tr>\n<td><strong>Struktur Al %<\/strong><\/td>\n<td>6<\/td>\n<td><\/td>\n<td>10<\/td>\n<td><\/td>\n<td><\/td>\n<td>6<\/td>\n<td><\/td>\n<\/tr>\n<tr>\n<td><strong>Struktur Fe %<\/strong><\/td>\n<td><\/td>\n<td><\/td>\n<td>5<\/td>\n<td><\/td>\n<td><\/td>\n<td><\/td>\n<td><\/td>\n<\/tr>\n<tr>\n<td><strong>Struktur Mn %<\/strong><\/td>\n<td>4<\/td>\n<td><\/td>\n<td><\/td>\n<td><\/td>\n<td><\/td>\n<td>4<\/td>\n<td><\/td>\n<\/tr>\n<tr>\n<td><strong>Dichte<\/strong><\/td>\n<td>8,0<\/td>\n<td>8,8<\/td>\n<td>7,6<\/td>\n<td>8,8<\/td>\n<td>8,9<\/td>\n<td>8,0<\/td>\n<td>9,1<\/td>\n<\/tr>\n<tr>\n<td><strong>H\u00e4rte HB<\/strong><\/td>\n<td>&gt; 210<\/td>\n<td>&gt; 70<\/td>\n<td>&gt; 150<\/td>\n<td>&gt; 95<\/td>\n<td>&gt; 75<\/td>\n<td>&gt; 250<\/td>\n<td>&gt; 60<\/td>\n<\/tr>\n<tr>\n<td><strong>Zugfestigkeit<\/strong><\/td>\n<td>&gt; 750 <sup>N\/mm2<\/sup><\/td>\n<td>&gt; 250 <sup>N\/mm2<\/sup><\/td>\n<td>&gt; 500 <sup>N\/mm2<\/sup><\/td>\n<td>&gt; 270 <sup>N\/mm2<\/sup><\/td>\n<td>&gt; 210 <sup>N\/mm2<\/sup><\/td>\n<td>&gt; 800 <sup>N\/mm2<\/sup><\/td>\n<td>&gt; 180 <sup>N\/mm2<\/sup><\/td>\n<\/tr>\n<tr>\n<td><strong>Schwerkraft %<\/strong><\/td>\n<td>&gt; 12<\/td>\n<td>&gt; 15<\/td>\n<td>&gt; 10<\/td>\n<td>&gt; 5<\/td>\n<td>&gt; 8<\/td>\n<td>&gt; 8<\/td>\n<td>&gt; 8<\/td>\n<\/tr>\n<\/tbody>\n<\/table>\n<p>[\/vc_column_text][\/vc_column][\/vc_row][vc_row][vc_column][vc_tta_accordion color=&#8220;white&#8220; active_section=&#8220;1&#8243;][vc_tta_section title=&#8220;Beschreibung des Produkts&#8220; tab_id=&#8220;1707219405679-c0bb7112-331e&#8220;][vc_column_text]Gedrehte Lager sind oft technisch und wirtschaftlich vorteilhafte Lagerl\u00f6sungen. Sie werden aus geschleuderten Rohlingen gedreht. Hohe Tragf\u00e4higkeit, geringes Gewicht, gute Korrosionsbest\u00e4ndigkeit und kleine Radialdurchmesser sind einige gute Eigenschaften f\u00fcr gedrehte Lager. Wichtig sind die Auswahl des geeigneten Materials und die korrekte Bereitstellung einer zus\u00e4tzlichen Schmierung.[\/vc_column_text][\/vc_tta_section][vc_tta_section title=&#8220;Material des Produkts&#8220; tab_id=&#8220;1707219405689-6319bb87-ac11&#8243;][vc_column_text]Gedrehte Lager und Lagerelemente k\u00f6nnen aus verschiedenen Kupferlegierungen hergestellt werden. Das Material wird so ausgew\u00e4hlt, dass es den spezifischen Anforderungen der jeweiligen Konstruktion entspricht. Dies ist wichtig, um eine optimale Leistung in Bezug auf Haltbarkeit, Wartungsfreundlichkeit und Gesamtwirtschaftlichkeit zu erzielen. Die Eigenschaften von Standardmaterialien sind in der folgenden Tabelle aufgef\u00fchrt.[\/vc_column_text][\/vc_tta_section][vc_tta_section title=&#8220;Toleranz&#8220; tab_id=&#8220;1707219789575-86d6d637-b413&#8243;][vc_column_text]Gedrehte Lager k\u00f6nnen mit engeren Toleranzen gefertigt werden als verpackte d\u00fcnnwandige Lager. Die Toleranz kann an die Anforderungen der Konstruktion angepasst werden. So kann das erforderliche Spiel erreicht werden.[\/vc_column_text][\/vc_tta_section][vc_tta_section title=&#8220;Besonderes Design&#8220; tab_id=&#8220;1707219845722-7844550d-dd02&#8243;][vc_column_text]Wir stellen gedrehte Lager immer nach Kundenzeichnungen her. Daher kann das Lager so gestaltet werden, dass es den Anforderungen einer bestimmten Konstruktion entspricht. Die Gestaltung der Schmiernuten, die Anzahl der Schmierbohrungen, Toleranzen und Fasen k\u00f6nnen nach den Bed\u00fcrfnissen des Kunden gefertigt werden.[\/vc_column_text][\/vc_tta_section][vc_tta_section title=&#8220;Schmierung&#8220; tab_id=&#8220;1707220262857-f7d84cac-9bc1&#8243;][vc_column_text]Gedrehte Lager aus Kupferlegierungen sind f\u00fcr eine zus\u00e4tzliche Schmierung ausgelegt. Die Notwendigkeit der Nachschmierung h\u00e4ngt vom Lagerwerkstoff und den allgemeinen Bedingungen der Lagerkonstruktion ab.<br \/>\nDie Gestaltung der Schmiernuten, die Wahl des Schmiermittels und die allgemeinen Bedingungen der Lagerkonstruktion beeinflussen die Art und Weise der Nachschmierung.<br \/>\nMit dem richtigen Werkstoff und der richtigen Konstruktion k\u00f6nnen auch gedrehte Lager mit relativ langen Nachschmierintervallen verwendet werden.[\/vc_column_text][\/vc_tta_section][\/vc_tta_accordion][vc_empty_space height=&#8220;60px&#8220;][\/vc_column][\/vc_row][vc_row css=&#8220;.vc_custom_1460536155154{margin-right: -25px !important;margin-left: -15px !important;}&#8220;][vc_column width=&#8220;1\/2&#8243;][vc_single_image image=&#8220;4599&#8243; img_size=&#8220;full&#8220; alignment=&#8220;center&#8220;][vc_column_text]<\/p>\n<h3 style=\"text-align: center;\">Abmessungen der zylindrischen Buchse<\/h3>\n<p>[\/vc_column_text][vc_btn title=&#8220;AUSW\u00c4HLEN&#8220; style=&#8220;custom&#8220; custom_background=&#8220;#06847e&#8220; custom_text=&#8220;#ffffff&#8220; align=&#8220;center&#8220; link=&#8220;url:https%3A%2F%2Fwww.kajometal.eu%2Fde%2Fb60-abmessungen-der-zylindrischen-buchse%2F&#8220;][vc_empty_space][\/vc_column][vc_column width=&#8220;1\/2&#8243;][vc_single_image image=&#8220;4601&#8243; img_size=&#8220;full&#8220; alignment=&#8220;center&#8220;][vc_column_text]<\/p>\n<h3 style=\"text-align: center;\">Abmessungen der Bundbuchse<\/h3>\n<p>[\/vc_column_text][vc_btn title=&#8220;AUSW\u00c4HLEN&#8220; style=&#8220;custom&#8220; custom_background=&#8220;#06847e&#8220; custom_text=&#8220;#ffffff&#8220; align=&#8220;center&#8220; link=&#8220;url:https%3A%2F%2Fwww.kajometal.eu%2Fde%2Fb60-abmessungen-der-bundbuchse%2F&#8220;][vc_empty_space][\/vc_column][\/vc_row]<\/p>\n<\/section>","protected":false},"excerpt":{"rendered":"<p>[vc_row][vc_column][vc_empty_space][vc_column_text] TECHNISCHE DATEN [\/vc_column_text][vc_column_text] 60 M1 60 M2 60 M3 60 M4 60 M5 60 M6 60 M7 Struktur Cu % 65 85 80 88 80 65 76 Struktur Sn&#8230;<\/p>\n","protected":false},"author":1,"featured_media":0,"parent":0,"menu_order":0,"comment_status":"closed","ping_status":"closed","template":"","meta":{"footnotes":""},"class_list":["post-6582","page","type-page","status-publish","hentry"],"yoast_head":"<!-- This site is optimized with the Yoast SEO plugin v22.4 - https:\/\/yoast.com\/wordpress\/plugins\/seo\/ -->\n<title>B60 Bronze-Lagerbuchsen - KAJOmetal s.r.o.<\/title>\n<meta name=\"description\" content=\"B60 zentrifugal gegossene, gedrehte Gleitlager.\" \/>\n<meta name=\"robots\" content=\"index, follow, max-snippet:-1, max-image-preview:large, max-video-preview:-1\" \/>\n<link rel=\"canonical\" href=\"https:\/\/www.kajometal.eu\/de\/b60-bronze-lagerbuchsen\/\" \/>\n<meta property=\"og:locale\" content=\"de_DE\" \/>\n<meta property=\"og:type\" content=\"article\" \/>\n<meta property=\"og:title\" content=\"B60 Bronze-Lagerbuchsen - KAJOmetal s.r.o.\" \/>\n<meta property=\"og:description\" content=\"B60 zentrifugal gegossene, gedrehte Gleitlager.\" \/>\n<meta property=\"og:url\" content=\"https:\/\/www.kajometal.eu\/de\/b60-bronze-lagerbuchsen\/\" \/>\n<meta property=\"og:site_name\" content=\"KAJOmetal s.r.o.\" \/>\n<meta property=\"article:modified_time\" content=\"2026-01-27T07:29:12+00:00\" \/>\n<meta name=\"twitter:card\" content=\"summary_large_image\" \/>\n<meta name=\"twitter:label1\" content=\"Gesch\u00e4tzte Lesezeit\" \/>\n\t<meta name=\"twitter:data1\" content=\"3\u00a0Minuten\" \/>\n<script type=\"application\/ld+json\" class=\"yoast-schema-graph\">{\"@context\":\"https:\/\/schema.org\",\"@graph\":[{\"@type\":\"WebPage\",\"@id\":\"https:\/\/www.kajometal.eu\/de\/b60-bronze-lagerbuchsen\/\",\"url\":\"https:\/\/www.kajometal.eu\/de\/b60-bronze-lagerbuchsen\/\",\"name\":\"B60 Bronze-Lagerbuchsen - KAJOmetal s.r.o.\",\"isPartOf\":{\"@id\":\"https:\/\/www.kajometal.eu\/de\/#website\"},\"datePublished\":\"2024-01-17T10:14:07+00:00\",\"dateModified\":\"2026-01-27T07:29:12+00:00\",\"description\":\"B60 zentrifugal gegossene, gedrehte Gleitlager.\",\"breadcrumb\":{\"@id\":\"https:\/\/www.kajometal.eu\/de\/b60-bronze-lagerbuchsen\/#breadcrumb\"},\"inLanguage\":\"de\",\"potentialAction\":[{\"@type\":\"ReadAction\",\"target\":[\"https:\/\/www.kajometal.eu\/de\/b60-bronze-lagerbuchsen\/\"]}]},{\"@type\":\"BreadcrumbList\",\"@id\":\"https:\/\/www.kajometal.eu\/de\/b60-bronze-lagerbuchsen\/#breadcrumb\",\"itemListElement\":[{\"@type\":\"ListItem\",\"position\":1,\"name\":\"Domovsk\u00e1 str\u00e1nka\",\"item\":\"https:\/\/www.kajometal.eu\/de\/\"},{\"@type\":\"ListItem\",\"position\":2,\"name\":\"B60 Bronze-Lagerbuchsen\"}]},{\"@type\":\"WebSite\",\"@id\":\"https:\/\/www.kajometal.eu\/de\/#website\",\"url\":\"https:\/\/www.kajometal.eu\/de\/\",\"name\":\"KAJOmetal s.r.o.\",\"description\":\"V\u00fdroba klzn\u00fdch lo\u017e\u00edsk\",\"potentialAction\":[{\"@type\":\"SearchAction\",\"target\":{\"@type\":\"EntryPoint\",\"urlTemplate\":\"https:\/\/www.kajometal.eu\/de\/?s={search_term_string}\"},\"query-input\":\"required name=search_term_string\"}],\"inLanguage\":\"de\"}]}<\/script>\n<!-- \/ Yoast SEO plugin. -->","yoast_head_json":{"title":"B60 Bronze-Lagerbuchsen - KAJOmetal s.r.o.","description":"B60 zentrifugal gegossene, gedrehte Gleitlager.","robots":{"index":"index","follow":"follow","max-snippet":"max-snippet:-1","max-image-preview":"max-image-preview:large","max-video-preview":"max-video-preview:-1"},"canonical":"https:\/\/www.kajometal.eu\/de\/b60-bronze-lagerbuchsen\/","og_locale":"de_DE","og_type":"article","og_title":"B60 Bronze-Lagerbuchsen - KAJOmetal s.r.o.","og_description":"B60 zentrifugal gegossene, gedrehte Gleitlager.","og_url":"https:\/\/www.kajometal.eu\/de\/b60-bronze-lagerbuchsen\/","og_site_name":"KAJOmetal s.r.o.","article_modified_time":"2026-01-27T07:29:12+00:00","twitter_card":"summary_large_image","twitter_misc":{"Gesch\u00e4tzte Lesezeit":"3\u00a0Minuten"},"schema":{"@context":"https:\/\/schema.org","@graph":[{"@type":"WebPage","@id":"https:\/\/www.kajometal.eu\/de\/b60-bronze-lagerbuchsen\/","url":"https:\/\/www.kajometal.eu\/de\/b60-bronze-lagerbuchsen\/","name":"B60 Bronze-Lagerbuchsen - KAJOmetal s.r.o.","isPartOf":{"@id":"https:\/\/www.kajometal.eu\/de\/#website"},"datePublished":"2024-01-17T10:14:07+00:00","dateModified":"2026-01-27T07:29:12+00:00","description":"B60 zentrifugal gegossene, gedrehte Gleitlager.","breadcrumb":{"@id":"https:\/\/www.kajometal.eu\/de\/b60-bronze-lagerbuchsen\/#breadcrumb"},"inLanguage":"de","potentialAction":[{"@type":"ReadAction","target":["https:\/\/www.kajometal.eu\/de\/b60-bronze-lagerbuchsen\/"]}]},{"@type":"BreadcrumbList","@id":"https:\/\/www.kajometal.eu\/de\/b60-bronze-lagerbuchsen\/#breadcrumb","itemListElement":[{"@type":"ListItem","position":1,"name":"Domovsk\u00e1 str\u00e1nka","item":"https:\/\/www.kajometal.eu\/de\/"},{"@type":"ListItem","position":2,"name":"B60 Bronze-Lagerbuchsen"}]},{"@type":"WebSite","@id":"https:\/\/www.kajometal.eu\/de\/#website","url":"https:\/\/www.kajometal.eu\/de\/","name":"KAJOmetal s.r.o.","description":"V\u00fdroba klzn\u00fdch lo\u017e\u00edsk","potentialAction":[{"@type":"SearchAction","target":{"@type":"EntryPoint","urlTemplate":"https:\/\/www.kajometal.eu\/de\/?s={search_term_string}"},"query-input":"required name=search_term_string"}],"inLanguage":"de"}]}},"_links":{"self":[{"href":"https:\/\/www.kajometal.eu\/de\/wp-json\/wp\/v2\/pages\/6582","targetHints":{"allow":["GET"]}}],"collection":[{"href":"https:\/\/www.kajometal.eu\/de\/wp-json\/wp\/v2\/pages"}],"about":[{"href":"https:\/\/www.kajometal.eu\/de\/wp-json\/wp\/v2\/types\/page"}],"author":[{"embeddable":true,"href":"https:\/\/www.kajometal.eu\/de\/wp-json\/wp\/v2\/users\/1"}],"replies":[{"embeddable":true,"href":"https:\/\/www.kajometal.eu\/de\/wp-json\/wp\/v2\/comments?post=6582"}],"version-history":[{"count":8,"href":"https:\/\/www.kajometal.eu\/de\/wp-json\/wp\/v2\/pages\/6582\/revisions"}],"predecessor-version":[{"id":7100,"href":"https:\/\/www.kajometal.eu\/de\/wp-json\/wp\/v2\/pages\/6582\/revisions\/7100"}],"wp:attachment":[{"href":"https:\/\/www.kajometal.eu\/de\/wp-json\/wp\/v2\/media?parent=6582"}],"curies":[{"name":"wp","href":"https:\/\/api.w.org\/{rel}","templated":true}]}}