{"id":6541,"date":"2023-12-04T11:36:45","date_gmt":"2023-12-04T10:36:45","guid":{"rendered":"https:\/\/www.kajometal.eu\/b30-bimetallbuchsen\/"},"modified":"2026-03-11T09:03:04","modified_gmt":"2026-03-11T08:03:04","slug":"b30-gerollte-bimetall-buchsen","status":"publish","type":"page","link":"https:\/\/www.kajometal.eu\/de\/b30-gerollte-bimetall-buchsen\/","title":{"rendered":"B30 Gerollte Bimetall-Buchsen"},"content":{"rendered":"<section class=\"wpb-content-wrapper\"><p>[vc_row][vc_column]<div class=\"mgt-header-block clearfix text-center text-white wpb_content_element  mgt-header-block-style-1 mgt-header-texttransform-header  vc_custom_1769496032574\"><h2 class=\"mgt-header-block-title\">B30 Gerollte Bimetall-Buchsen<\/h2><\/div>[vc_empty_space][vc_column_text]<\/p>\n<h3><strong>TECHNISCHE DATEN<\/strong><\/h3>\n<p>[\/vc_column_text][vc_column_text css_animation=&#8220;none&#8220;]<\/p>\n<table width=\"0\">\n<tbody>\n<tr>\n<td rowspan=\"1\" width=\"260\"><strong>Bezeichnung des Gleitmaterials:<\/strong><\/td>\n<td style=\"text-align: left;\" rowspan=\"1\" width=\"89\">A10<\/td>\n<td rowspan=\"1\" width=\"89\">B10<\/td>\n<td rowspan=\"1\" width=\"89\">B22<\/td>\n<td rowspan=\"1\" width=\"89\">B30<\/td>\n<\/tr>\n<tr>\n<td rowspan=\"1\" width=\"160\"><strong>Chemische Zusammensetzung:<\/strong><\/td>\n<td rowspan=\"1\"><sub>AlSn20Cu1<\/sub><\/td>\n<td rowspan=\"1\" width=\"89\"><sub>CuPb10Sn10<\/sub><\/td>\n<td rowspan=\"1\" width=\"89\"><sub>CuPb22Sn4<\/sub><\/td>\n<td rowspan=\"1\" width=\"89\"><sub>CuPb30<\/sub><\/td>\n<\/tr>\n<tr>\n<td rowspan=\"1\"><strong>Grenze der Zugfestigkeit:<\/strong><\/td>\n<td rowspan=\"1\" width=\"160\">115-127 MPa<\/td>\n<td rowspan=\"1\" width=\"160\">230-280 MPa<\/td>\n<td rowspan=\"1\" width=\"160\">190-220 MPa<\/td>\n<td rowspan=\"1\" width=\"160\">90-107 Mpa<\/td>\n<\/tr>\n<tr>\n<td rowspan=\"1\"><strong>Schwerkraft:<\/strong><\/td>\n<td rowspan=\"1\">8 &#8211; 14 %<\/td>\n<td rowspan=\"1\">2 &#8211; 4 %<\/td>\n<td rowspan=\"1\">2,2 &#8211; 3 %<\/td>\n<td rowspan=\"1\">2 &#8211; 3 %<\/td>\n<\/tr>\n<tr>\n<td rowspan=\"1\" width=\"160\"><strong>Max. Belastung bei statischer Beanspruchung: <\/strong><\/td>\n<td rowspan=\"1\" width=\"89\">100 MPa<\/td>\n<td rowspan=\"1\" width=\"89\">200 MPa<\/td>\n<td rowspan=\"1\" width=\"89\">130 MPa<\/td>\n<td rowspan=\"1\" width=\"89\">120 MPa<\/td>\n<\/tr>\n<tr>\n<td rowspan=\"1\" width=\"160\"><strong>Max. Belastung bei dynamischer Beanspruchung: <\/strong><\/td>\n<td rowspan=\"1\" width=\"89\">32 MPa<\/td>\n<td rowspan=\"1\" width=\"89\">120 MPa<\/td>\n<td rowspan=\"1\" width=\"89\">42 MPa<\/td>\n<td rowspan=\"1\" width=\"89\">40 MPa<\/td>\n<\/tr>\n<tr>\n<td><strong>Max. Betriebstemperatur: <\/strong><\/td>\n<td>160\u00b0C<\/td>\n<td>250\u00b0C<\/td>\n<td>220\u00b0C<\/td>\n<td>160\u00b0C<\/td>\n<\/tr>\n<\/tbody>\n<\/table>\n<p>[\/vc_column_text][\/vc_column][\/vc_row][vc_row][vc_column][vc_tta_accordion color=&#8220;white&#8220; active_section=&#8220;1&#8243;][vc_tta_section title=&#8220;Beschreibung des Produkts&#8220; tab_id=&#8220;1707218649559-a8c7ca28-ddb4&#8243;][vc_column_text]Ringf\u00f6rmige Bimetallbuchsen sind f\u00fcr Arbeitsbedingungen mit hydrodynamischer und begrenzter Schmierung konzipiert, um Dreh- oder Gleitbewegungen zu \u00fcbertragen. Sie erm\u00f6glichen die Aufnahme von statischen und dynamischen Radialkr\u00e4ften.<br \/>\nSie werden aus Bimetallstreifen mit unterschiedlichen Gleitmaterialien in Form von geteilten Buchsen mit einem Spalt zwischen den Kontaktfl\u00e4chen im freien Zustand hergestellt. Buchsen in engeren Toleranzen werden mit Schl\u00f6ssern hergestellt, die die Kontaktfl\u00e4chen des Geh\u00e4uses fest verbinden.<br \/>\nDas Gleitmaterial B10, B22, B30 wird auf den darunter liegenden Stahl gepulvert und durch Walzen verdichtet. Es hat eine gleichm\u00e4\u00dfige Struktur und zeichnet sich durch gute Gleiteigenschaften auch unter Grenzreibungsbedingungen aus. Das Material A20 wird durch Plattieren auf den Grundstahl aufgebracht.[\/vc_column_text][\/vc_tta_section][\/vc_tta_accordion][\/vc_column][\/vc_row][vc_row][vc_column]<div class=\"mgt-header-block clearfix text-center text-white wpb_content_element  mgt-header-block-style-1 mgt-header-texttransform-header  vc_custom_1769496124591\"><h2 class=\"mgt-header-block-title\">B30 Abmessungen der zylindrischen Buchse<\/h2><\/div>[vc_empty_space height=&#8220;50px&#8220;][\/vc_column][\/vc_row][vc_row][vc_column width=&#8220;1\/4&#8243;][vc_single_image image=&#8220;6925&#8243; img_size=&#8220;full&#8220; css=&#8220;.vc_custom_1773216182577{padding-top: 25px !important;}&#8220;][vc_empty_space height=&#8220;50px&#8220;][\/vc_column][vc_column width=&#8220;3\/4&#8243;][vc_single_image image=&#8220;4370&#8243; img_size=&#8220;1400&#215;400&#8243; alignment=&#8220;center&#8220;][vc_empty_space height=&#8220;50px&#8220;][\/vc_column][\/vc_row][vc_row][vc_column width=&#8220;1\/2&#8243;]<div class=\"mgt-header-block clearfix text-left text-black wpb_content_element  mgt-header-block-style-1 mgt-header-texttransform-header \"><h2 class=\"mgt-header-block-title\">ANFRAGE EINREICHEN<\/h2><p class=\"mgt-header-block-subtitle\">W\u00e4hlen Sie ein Produkt im Konfigurator aus, fordern Sie ein Angebot an oder geben Sie eine Bestellung auf.<\/p><\/div>[vc_empty_space][\/vc_column][vc_column width=&#8220;1\/2&#8243;][vc_empty_space height=&#8220;50px&#8220;][vc_btn title=&#8220;Zum Produktkonfigurator&#8220; style=&#8220;custom&#8220; custom_background=&#8220;#06847e&#8220; custom_text=&#8220;#ffffff&#8220; size=&#8220;lg&#8220; align=&#8220;center&#8220; link=&#8220;url:https%3A%2F%2Fwww.kajometal-products.com%2Fb30-bimetallic-bushes|target:_blank&#8220;][\/vc_column][\/vc_row][vc_row][vc_column][vc_separator color=&#8220;custom&#8220; border_width=&#8220;2&#8243; accent_color=&#8220;#06847e&#8220;]<div class=\"mgt-header-block clearfix text-left text-black wpb_content_element  mgt-header-block-style-1 mgt-header-texttransform-header \"><h2 class=\"mgt-header-block-title\">Abmessungstabelle<\/h2><p class=\"mgt-header-block-subtitle\">Produktabmessungen zum Herunterladen.<\/p><\/div>[\/vc_column][\/vc_row][vc_row][vc_column][vc_empty_space][vc_column_text]<p style=\"padding-left:10px;\"><a class=\"s_pdf_download_link\" href=\"https:\/\/www.kajometal.eu\/wp-content\/uploads\/2024\/01\/TAB-B30_1-KAJOmetal.pdf\" download><button style=\"margin-bottom:10px;background-color:;\" class=\"ppv_download_bttn\">Download File<\/button><\/a><\/p>            <div class=\"ppv_wrapper ppv_container\" style=\"position: relative;width:100%; height:600px;\">\r\n                <iframe id=\"s_pdf_frame\" src=\"\/\/docs.google.com\/gview?embedded=true&#038;url=https:\/\/www.kajometal.eu\/wp-content\/uploads\/2024\/01\/TAB-B30_1-KAJOmetal.pdf\" style=\"float:left; padding:10px;width:100%; height:600px;\" frameborder=\"0\"><\/iframe>\r\n                            <\/div>\r\n            \r\n            [\/vc_column_text][vc_empty_space height=&#8220;50px&#8220;][\/vc_column][\/vc_row]<\/p>\n<\/section>","protected":false},"excerpt":{"rendered":"<p>[vc_row][vc_column][vc_empty_space][vc_column_text] TECHNISCHE DATEN [\/vc_column_text][vc_column_text css_animation=&#8220;none&#8220;] Bezeichnung des Gleitmaterials: A10 B10 B22 B30 Chemische Zusammensetzung: AlSn20Cu1 CuPb10Sn10 CuPb22Sn4 CuPb30 Grenze der Zugfestigkeit: 115-127 MPa 230-280 MPa 190-220 MPa 90-107 Mpa Schwerkraft:&#8230;<\/p>\n","protected":false},"author":1,"featured_media":0,"parent":0,"menu_order":0,"comment_status":"closed","ping_status":"closed","template":"","meta":{"footnotes":""},"class_list":["post-6541","page","type-page","status-publish","hentry"],"yoast_head":"<!-- This site is optimized with the Yoast SEO plugin v22.4 - https:\/\/yoast.com\/wordpress\/plugins\/seo\/ -->\n<title>B30 Gerollte Bimetall-Buchsen - KAJOmetal s.r.o.<\/title>\n<meta name=\"description\" content=\"B30 bimetalick\u00e9 tenkostenn\u00e9 panvy s klznou vrstvou na b\u00e1ze zliatin medi.\" \/>\n<meta name=\"robots\" content=\"index, follow, max-snippet:-1, max-image-preview:large, max-video-preview:-1\" \/>\n<link rel=\"canonical\" href=\"https:\/\/www.kajometal.eu\/de\/b30-gerollte-bimetall-buchsen\/\" \/>\n<meta property=\"og:locale\" content=\"de_DE\" \/>\n<meta property=\"og:type\" content=\"article\" \/>\n<meta property=\"og:title\" content=\"B30 Gerollte Bimetall-Buchsen - KAJOmetal s.r.o.\" \/>\n<meta property=\"og:description\" content=\"B30 bimetalick\u00e9 tenkostenn\u00e9 panvy s klznou vrstvou na b\u00e1ze zliatin medi.\" \/>\n<meta property=\"og:url\" content=\"https:\/\/www.kajometal.eu\/de\/b30-gerollte-bimetall-buchsen\/\" \/>\n<meta property=\"og:site_name\" content=\"KAJOmetal s.r.o.\" \/>\n<meta property=\"article:modified_time\" content=\"2026-03-11T08:03:04+00:00\" \/>\n<meta name=\"twitter:card\" content=\"summary_large_image\" \/>\n<meta name=\"twitter:label1\" content=\"Gesch\u00e4tzte Lesezeit\" \/>\n\t<meta name=\"twitter:data1\" content=\"2\u00a0Minuten\" \/>\n<script type=\"application\/ld+json\" class=\"yoast-schema-graph\">{\"@context\":\"https:\/\/schema.org\",\"@graph\":[{\"@type\":\"WebPage\",\"@id\":\"https:\/\/www.kajometal.eu\/de\/b30-gerollte-bimetall-buchsen\/\",\"url\":\"https:\/\/www.kajometal.eu\/de\/b30-gerollte-bimetall-buchsen\/\",\"name\":\"B30 Gerollte Bimetall-Buchsen - KAJOmetal s.r.o.\",\"isPartOf\":{\"@id\":\"https:\/\/www.kajometal.eu\/de\/#website\"},\"datePublished\":\"2023-12-04T10:36:45+00:00\",\"dateModified\":\"2026-03-11T08:03:04+00:00\",\"description\":\"B30 bimetalick\u00e9 tenkostenn\u00e9 panvy s klznou vrstvou na b\u00e1ze zliatin medi.\",\"breadcrumb\":{\"@id\":\"https:\/\/www.kajometal.eu\/de\/b30-gerollte-bimetall-buchsen\/#breadcrumb\"},\"inLanguage\":\"de\",\"potentialAction\":[{\"@type\":\"ReadAction\",\"target\":[\"https:\/\/www.kajometal.eu\/de\/b30-gerollte-bimetall-buchsen\/\"]}]},{\"@type\":\"BreadcrumbList\",\"@id\":\"https:\/\/www.kajometal.eu\/de\/b30-gerollte-bimetall-buchsen\/#breadcrumb\",\"itemListElement\":[{\"@type\":\"ListItem\",\"position\":1,\"name\":\"Domovsk\u00e1 str\u00e1nka\",\"item\":\"https:\/\/www.kajometal.eu\/de\/\"},{\"@type\":\"ListItem\",\"position\":2,\"name\":\"B30 Gerollte Bimetall-Buchsen\"}]},{\"@type\":\"WebSite\",\"@id\":\"https:\/\/www.kajometal.eu\/de\/#website\",\"url\":\"https:\/\/www.kajometal.eu\/de\/\",\"name\":\"KAJOmetal s.r.o.\",\"description\":\"V\u00fdroba klzn\u00fdch lo\u017e\u00edsk\",\"potentialAction\":[{\"@type\":\"SearchAction\",\"target\":{\"@type\":\"EntryPoint\",\"urlTemplate\":\"https:\/\/www.kajometal.eu\/de\/?s={search_term_string}\"},\"query-input\":\"required name=search_term_string\"}],\"inLanguage\":\"de\"}]}<\/script>\n<!-- \/ Yoast SEO plugin. -->","yoast_head_json":{"title":"B30 Gerollte Bimetall-Buchsen - KAJOmetal s.r.o.","description":"B30 bimetalick\u00e9 tenkostenn\u00e9 panvy s klznou vrstvou na b\u00e1ze zliatin medi.","robots":{"index":"index","follow":"follow","max-snippet":"max-snippet:-1","max-image-preview":"max-image-preview:large","max-video-preview":"max-video-preview:-1"},"canonical":"https:\/\/www.kajometal.eu\/de\/b30-gerollte-bimetall-buchsen\/","og_locale":"de_DE","og_type":"article","og_title":"B30 Gerollte Bimetall-Buchsen - KAJOmetal s.r.o.","og_description":"B30 bimetalick\u00e9 tenkostenn\u00e9 panvy s klznou vrstvou na b\u00e1ze zliatin medi.","og_url":"https:\/\/www.kajometal.eu\/de\/b30-gerollte-bimetall-buchsen\/","og_site_name":"KAJOmetal s.r.o.","article_modified_time":"2026-03-11T08:03:04+00:00","twitter_card":"summary_large_image","twitter_misc":{"Gesch\u00e4tzte Lesezeit":"2\u00a0Minuten"},"schema":{"@context":"https:\/\/schema.org","@graph":[{"@type":"WebPage","@id":"https:\/\/www.kajometal.eu\/de\/b30-gerollte-bimetall-buchsen\/","url":"https:\/\/www.kajometal.eu\/de\/b30-gerollte-bimetall-buchsen\/","name":"B30 Gerollte Bimetall-Buchsen - KAJOmetal s.r.o.","isPartOf":{"@id":"https:\/\/www.kajometal.eu\/de\/#website"},"datePublished":"2023-12-04T10:36:45+00:00","dateModified":"2026-03-11T08:03:04+00:00","description":"B30 bimetalick\u00e9 tenkostenn\u00e9 panvy s klznou vrstvou na b\u00e1ze zliatin medi.","breadcrumb":{"@id":"https:\/\/www.kajometal.eu\/de\/b30-gerollte-bimetall-buchsen\/#breadcrumb"},"inLanguage":"de","potentialAction":[{"@type":"ReadAction","target":["https:\/\/www.kajometal.eu\/de\/b30-gerollte-bimetall-buchsen\/"]}]},{"@type":"BreadcrumbList","@id":"https:\/\/www.kajometal.eu\/de\/b30-gerollte-bimetall-buchsen\/#breadcrumb","itemListElement":[{"@type":"ListItem","position":1,"name":"Domovsk\u00e1 str\u00e1nka","item":"https:\/\/www.kajometal.eu\/de\/"},{"@type":"ListItem","position":2,"name":"B30 Gerollte Bimetall-Buchsen"}]},{"@type":"WebSite","@id":"https:\/\/www.kajometal.eu\/de\/#website","url":"https:\/\/www.kajometal.eu\/de\/","name":"KAJOmetal s.r.o.","description":"V\u00fdroba klzn\u00fdch lo\u017e\u00edsk","potentialAction":[{"@type":"SearchAction","target":{"@type":"EntryPoint","urlTemplate":"https:\/\/www.kajometal.eu\/de\/?s={search_term_string}"},"query-input":"required name=search_term_string"}],"inLanguage":"de"}]}},"_links":{"self":[{"href":"https:\/\/www.kajometal.eu\/de\/wp-json\/wp\/v2\/pages\/6541","targetHints":{"allow":["GET"]}}],"collection":[{"href":"https:\/\/www.kajometal.eu\/de\/wp-json\/wp\/v2\/pages"}],"about":[{"href":"https:\/\/www.kajometal.eu\/de\/wp-json\/wp\/v2\/types\/page"}],"author":[{"embeddable":true,"href":"https:\/\/www.kajometal.eu\/de\/wp-json\/wp\/v2\/users\/1"}],"replies":[{"embeddable":true,"href":"https:\/\/www.kajometal.eu\/de\/wp-json\/wp\/v2\/comments?post=6541"}],"version-history":[{"count":9,"href":"https:\/\/www.kajometal.eu\/de\/wp-json\/wp\/v2\/pages\/6541\/revisions"}],"predecessor-version":[{"id":7364,"href":"https:\/\/www.kajometal.eu\/de\/wp-json\/wp\/v2\/pages\/6541\/revisions\/7364"}],"wp:attachment":[{"href":"https:\/\/www.kajometal.eu\/de\/wp-json\/wp\/v2\/media?parent=6541"}],"curies":[{"name":"wp","href":"https:\/\/api.w.org\/{rel}","templated":true}]}}