{"id":6534,"date":"2023-12-04T11:34:48","date_gmt":"2023-12-04T10:34:48","guid":{"rendered":"https:\/\/www.kajometal.eu\/b20-abgerundete-buchsen-kx\/"},"modified":"2026-01-28T08:07:39","modified_gmt":"2026-01-28T07:07:39","slug":"b20-gerollte-buchsen-kx","status":"publish","type":"page","link":"https:\/\/www.kajometal.eu\/de\/b20-gerollte-buchsen-kx\/","title":{"rendered":"B20 Gerollte Buchsen KX"},"content":{"rendered":"<section class=\"wpb-content-wrapper\"><p>[vc_row][vc_column]<div class=\"mgt-header-block clearfix text-center text-white wpb_content_element  mgt-header-block-style-1 mgt-header-texttransform-header  vc_custom_1763740831961\"><h2 class=\"mgt-header-block-title\">B20 Gerollte Buchsen KX<\/h2><\/div>[vc_empty_space][vc_column_text]<\/p>\n<h3><strong><span style=\"color: #333333;\">TECHNISCHE DATEN<\/span><\/strong><\/h3>\n<p><span style=\"color: #333333;\">&#8211; <strong>Aufbau:<\/strong> Das B20 (KU)-Lager ist ein 3-Schicht-Lager, das aus einem verdrillten Metallband mit einer POM-Schicht besteht.<\/span><br \/>\n<span style=\"color: #333333;\">&#8211; <strong>Statische Belastung:<\/strong> 250 <sup>N\/mm2<\/sup><\/span><br \/>\n<span style=\"color: #333333;\">&#8211;<strong>Dynamische Belastung:<\/strong> 140 <sup>N\/mm2<br \/>\n<\/sup><\/span><span style=\"color: #333333;\">&#8211; <strong>Rotationsschwingung: <\/strong>70 <sup>N\/mm2<\/sup><strong><br \/>\n<\/strong><\/span><span style=\"color: #333333;\">&#8211; <strong>Betriebstemperatur: <\/strong>-40\u00b0C &#8211; +110\u00b0C<strong><br \/>\n&#8211; W\u00e4rmeleitf\u00e4higkeit: <\/strong>4 W\/mK<strong><br \/>\n&#8211; Reibungskoeffizient: <\/strong>0,05 &#8211; 0,020<strong><br \/>\n&#8211; <b>W\u00e4rmeausdehnungskoeffizient: <\/b><\/strong><sup> 11*10-6*K-1<\/sup><strong><br \/>\n&#8211; <b>Max. Geschwindigkeit &#8211; ohne Schmierung: <\/b><\/strong>2m\/s<strong><br \/>\n&#8211; <b>Max. Geschwindigkeit &#8211; Hydrodynamischer Betrieb: <\/b><\/strong>&gt;2m\/s<strong><br \/>\n<\/strong><\/span>[\/vc_column_text][\/vc_column][\/vc_row][vc_row][vc_column][vc_tta_accordion color=&#8220;white&#8220; active_section=&#8220;1&#8243;][vc_tta_section title=&#8220;Beschreibung des Produkts&#8220; tab_id=&#8220;1707217744886-aeaf5582-46d1&#8243;][vc_column_text]<\/p>\n<div class=\"Y3BBE\" data-sfc-cp=\"\" jsaction=\"rcuQ6b:&amp;xX2GJe_k|npT2md\" jscontroller=\"zcfIf\" jsuid=\"xX2GJe_k\" data-hveid=\"CAEIAxAA\" data-complete=\"true\">KX-Buchsen sind dreischichtige Verbundlager, die aus einem Stahlr\u00fccken mit einer POM-Gleitschicht bestehen. In die POM-Schicht sind kreisf\u00f6rmige Schmiertaschen eingepr\u00e4gt, die als Schmierstoffreservoir dienen und lange Schmierintervalle erm\u00f6glichen. Sie sind so konzipiert, dass sie vor der Montage der Welle mit Fett gef\u00fcllt werden.<\/div>\n<div class=\"Y3BBE\" data-sfc-cp=\"\" jsaction=\"rcuQ6b:&amp;xX2GJe_o|npT2md\" jscontroller=\"zcfIf\" jsuid=\"xX2GJe_o\" data-hveid=\"CAEIAxAC\" data-complete=\"true\">KX-Buchsen sind wartungsarme Lager, die speziell f\u00fcr Konstruktionen mit mittleren Belastungen sowie relativ langsamen Rotations- oder Schwenkbewegungen geeignet sind. Sie zeichnen sich durch lange Nachschmierintervalle, geringen Verschlei\u00df, gutes D\u00e4mpfungsverm\u00f6gen und hohe Best\u00e4ndigkeit bei Sto\u00dfbelastungen aus.<\/div>\n<div class=\"Y3BBE\" data-sfc-cp=\"\" jsaction=\"rcuQ6b:&amp;xX2GJe_s|npT2md\" jscontroller=\"zcfIf\" jsuid=\"xX2GJe_s\" data-hveid=\"CAEIAxAE\" data-complete=\"true\">Die Zusatzschmierung sollte \u00fcber die Welle oder das Lagergeh\u00e4use erfolgen. Es k\u00f6nnen herk\u00f6mmliche Schmiermittel verwendet werden, jedoch mit Ausnahme von Schmiermitteln mit Graphit- oder MoS2-Zusatz. Die d\u00fcnne POM-Schicht (0,3 \u2013 0,5), welche die Gleitfl\u00e4che bildet, sollte sorgf\u00e4ltig vor Besch\u00e4digungen bei der Montage sowie vor hohen Temperaturen (z. B. beim Schwei\u00dfen) gesch\u00fctzt werden.<\/div>\n<p>[\/vc_column_text][\/vc_tta_section][vc_tta_section title=&#8220;Struktur des Materials&#8220; tab_id=&#8220;1707217744901-9ff3e54d-0b74&#8243;][vc_column_text]1. Stahl mit niedrigem Kohlenstoffgehalt &#8211; bietet eine au\u00dfergew\u00f6hnlich hohe Belastbarkeit und eine hervorragende W\u00e4rmeableitung.<br \/>\n2. Gesintertes Bronzepulver &#8211; bietet eine maximale W\u00e4rmeableitung von der Lageroberfl\u00e4che.<br \/>\n3. POM 0,3 &#8211; 0,5 mm &#8211; hat eine hohe Verschlei\u00dffestigkeit.[\/vc_column_text][\/vc_tta_section][vc_tta_section title=&#8220;Produktvorteile&#8220; tab_id=&#8220;1707218076373-60bb72d9-7faf&#8220;][vc_column_text]Sie eignen sich f\u00fcr rotierende und oszillierende Bewegungen f\u00fcr Lasten gem\u00e4\u00df den angegebenen Tragf\u00e4higkeiten. Sie k\u00f6nnen in Gleitknoten eingesetzt werden, in denen keine wirksame Schmierung verwendet wird.<br \/>\nDie Materialien, aus denen sie hergestellt sind, sind gegen die meisten Medien best\u00e4ndig. Es gibt keine Lieferschwierigkeiten, da eine breite Palette von Standardgr\u00f6\u00dfen auf Lager ist.[\/vc_column_text][\/vc_tta_section][vc_tta_section title=&#8220;Besonderes Design&#8220; tab_id=&#8220;1707218142744-14f92af5-f601&#8243;][vc_column_text]Als Unterlage kann auch Edelstahlband oder Bronzeband verwendet werden. Es k\u00f6nnen flache oder kugelf\u00f6rmige Anlaufscheiben hergestellt werden.<br \/>\nIndividuelle Toleranzen und Details k\u00f6nnen an die Zeichnungsunterlagen des Kunden angepasst werden.[\/vc_column_text][\/vc_tta_section][vc_tta_section title=&#8220;Verwendung des Produkts&#8220; tab_id=&#8220;1707218189855-6126f47e-1866&#8243;][vc_column_text]-Hydraulikzylinder<br \/>\n-Hebeb\u00fchnen<br \/>\n-Hebeb\u00f6cke<br \/>\n-Textilmaschinen<br \/>\n-Autofahrgestelle<br \/>\n-Landmaschinen[\/vc_column_text][\/vc_tta_section][\/vc_tta_accordion][vc_empty_space height=&#8220;60px&#8220;][\/vc_column][\/vc_row][vc_row css=&#8220;.vc_custom_1460536155154{margin-right: -25px !important;margin-left: -15px !important;}&#8220;][vc_column width=&#8220;1\/3&#8243;][vc_single_image image=&#8220;4212&#8243; alignment=&#8220;center&#8220;][vc_column_text]<\/p>\n<h3 style=\"text-align: center;\">Abmessungen der zylindrischen Buchse<\/h3>\n<p>[\/vc_column_text][vc_btn title=&#8220;AUSW\u00c4HLEN&#8220; style=&#8220;custom&#8220; custom_background=&#8220;#06847e&#8220; custom_text=&#8220;#ffffff&#8220; align=&#8220;center&#8220; link=&#8220;url:https%3A%2F%2Fwww.kajometal.eu%2Fde%2Fb20-abmessungen-der-zylindrischen-buchse%2F&#8220;][vc_empty_space][\/vc_column][vc_column width=&#8220;1\/3&#8243;][vc_single_image image=&#8220;4215&#8243; alignment=&#8220;center&#8220;][vc_column_text]<\/p>\n<h3 style=\"text-align: center;\">Abmessungen der Anlaufscheibe<\/h3>\n<p>[\/vc_column_text][vc_btn title=&#8220;AUSW\u00c4HLEN&#8220; style=&#8220;custom&#8220; custom_background=&#8220;#06847e&#8220; custom_text=&#8220;#ffffff&#8220; align=&#8220;center&#8220; link=&#8220;url:https%3A%2F%2Fwww.kajometal.eu%2Fde%2Fb20-abmessungen-der-anlaufscheibe%2F&#8220;][vc_empty_space][\/vc_column][vc_column width=&#8220;1\/3&#8243;][vc_single_image image=&#8220;4217&#8243; alignment=&#8220;center&#8220;][vc_column_text]<\/p>\n<h3 style=\"text-align: center;\">Abmessungen der Gleitstreifen<\/h3>\n<p>[\/vc_column_text][vc_btn title=&#8220;AUSW\u00c4HLEN&#8220; style=&#8220;custom&#8220; custom_background=&#8220;#06847e&#8220; custom_text=&#8220;#ffffff&#8220; align=&#8220;center&#8220; link=&#8220;url:https%3A%2F%2Fwww.kajometal.eu%2Fde%2Fb20-abmessungen-der-gleitstreifen%2F&#8220;][vc_empty_space][\/vc_column][\/vc_row]<\/p>\n<\/section>","protected":false},"excerpt":{"rendered":"<p>[vc_row][vc_column][vc_empty_space][vc_column_text] TECHNISCHE DATEN &#8211; Aufbau: Das B20 (KU)-Lager ist ein 3-Schicht-Lager, das aus einem verdrillten Metallband mit einer POM-Schicht besteht. &#8211; Statische Belastung: 250 N\/mm2 &#8211;Dynamische Belastung: 140 N\/mm2 &#8211;&#8230;<\/p>\n","protected":false},"author":1,"featured_media":0,"parent":0,"menu_order":0,"comment_status":"closed","ping_status":"closed","template":"","meta":{"footnotes":""},"class_list":["post-6534","page","type-page","status-publish","hentry"],"yoast_head":"<!-- This site is optimized with the Yoast SEO plugin v22.4 - https:\/\/yoast.com\/wordpress\/plugins\/seo\/ -->\n<title>B20 Gerollte Buchsen KX - KAJOmetal s.r.o.<\/title>\n<meta name=\"description\" content=\"Das B20 (KU)-Lager ist ein 3-lagiges Lager, das aus einem verdrillten Metallband mit einer POM-Schicht besteht.\" \/>\n<meta name=\"robots\" content=\"index, follow, max-snippet:-1, max-image-preview:large, max-video-preview:-1\" \/>\n<link rel=\"canonical\" href=\"https:\/\/www.kajometal.eu\/de\/b20-gerollte-buchsen-kx\/\" \/>\n<meta property=\"og:locale\" content=\"de_DE\" \/>\n<meta property=\"og:type\" content=\"article\" \/>\n<meta property=\"og:title\" content=\"B20 Gerollte Buchsen KX - KAJOmetal s.r.o.\" \/>\n<meta property=\"og:description\" content=\"Das B20 (KU)-Lager ist ein 3-lagiges Lager, das aus einem verdrillten Metallband mit einer POM-Schicht besteht.\" \/>\n<meta property=\"og:url\" content=\"https:\/\/www.kajometal.eu\/de\/b20-gerollte-buchsen-kx\/\" \/>\n<meta property=\"og:site_name\" content=\"KAJOmetal s.r.o.\" \/>\n<meta property=\"article:modified_time\" content=\"2026-01-28T07:07:39+00:00\" \/>\n<meta name=\"twitter:card\" content=\"summary_large_image\" \/>\n<meta name=\"twitter:label1\" content=\"Gesch\u00e4tzte Lesezeit\" \/>\n\t<meta name=\"twitter:data1\" content=\"3\u00a0Minuten\" \/>\n<script type=\"application\/ld+json\" class=\"yoast-schema-graph\">{\"@context\":\"https:\/\/schema.org\",\"@graph\":[{\"@type\":\"WebPage\",\"@id\":\"https:\/\/www.kajometal.eu\/de\/b20-gerollte-buchsen-kx\/\",\"url\":\"https:\/\/www.kajometal.eu\/de\/b20-gerollte-buchsen-kx\/\",\"name\":\"B20 Gerollte Buchsen KX - KAJOmetal s.r.o.\",\"isPartOf\":{\"@id\":\"https:\/\/www.kajometal.eu\/de\/#website\"},\"datePublished\":\"2023-12-04T10:34:48+00:00\",\"dateModified\":\"2026-01-28T07:07:39+00:00\",\"description\":\"Das B20 (KU)-Lager ist ein 3-lagiges Lager, das aus einem verdrillten Metallband mit einer POM-Schicht besteht.\",\"breadcrumb\":{\"@id\":\"https:\/\/www.kajometal.eu\/de\/b20-gerollte-buchsen-kx\/#breadcrumb\"},\"inLanguage\":\"de\",\"potentialAction\":[{\"@type\":\"ReadAction\",\"target\":[\"https:\/\/www.kajometal.eu\/de\/b20-gerollte-buchsen-kx\/\"]}]},{\"@type\":\"BreadcrumbList\",\"@id\":\"https:\/\/www.kajometal.eu\/de\/b20-gerollte-buchsen-kx\/#breadcrumb\",\"itemListElement\":[{\"@type\":\"ListItem\",\"position\":1,\"name\":\"Domovsk\u00e1 str\u00e1nka\",\"item\":\"https:\/\/www.kajometal.eu\/de\/\"},{\"@type\":\"ListItem\",\"position\":2,\"name\":\"B20 Gerollte Buchsen KX\"}]},{\"@type\":\"WebSite\",\"@id\":\"https:\/\/www.kajometal.eu\/de\/#website\",\"url\":\"https:\/\/www.kajometal.eu\/de\/\",\"name\":\"KAJOmetal s.r.o.\",\"description\":\"V\u00fdroba klzn\u00fdch lo\u017e\u00edsk\",\"potentialAction\":[{\"@type\":\"SearchAction\",\"target\":{\"@type\":\"EntryPoint\",\"urlTemplate\":\"https:\/\/www.kajometal.eu\/de\/?s={search_term_string}\"},\"query-input\":\"required name=search_term_string\"}],\"inLanguage\":\"de\"}]}<\/script>\n<!-- \/ Yoast SEO plugin. -->","yoast_head_json":{"title":"B20 Gerollte Buchsen KX - KAJOmetal s.r.o.","description":"Das B20 (KU)-Lager ist ein 3-lagiges Lager, das aus einem verdrillten Metallband mit einer POM-Schicht besteht.","robots":{"index":"index","follow":"follow","max-snippet":"max-snippet:-1","max-image-preview":"max-image-preview:large","max-video-preview":"max-video-preview:-1"},"canonical":"https:\/\/www.kajometal.eu\/de\/b20-gerollte-buchsen-kx\/","og_locale":"de_DE","og_type":"article","og_title":"B20 Gerollte Buchsen KX - KAJOmetal s.r.o.","og_description":"Das B20 (KU)-Lager ist ein 3-lagiges Lager, das aus einem verdrillten Metallband mit einer POM-Schicht besteht.","og_url":"https:\/\/www.kajometal.eu\/de\/b20-gerollte-buchsen-kx\/","og_site_name":"KAJOmetal s.r.o.","article_modified_time":"2026-01-28T07:07:39+00:00","twitter_card":"summary_large_image","twitter_misc":{"Gesch\u00e4tzte Lesezeit":"3\u00a0Minuten"},"schema":{"@context":"https:\/\/schema.org","@graph":[{"@type":"WebPage","@id":"https:\/\/www.kajometal.eu\/de\/b20-gerollte-buchsen-kx\/","url":"https:\/\/www.kajometal.eu\/de\/b20-gerollte-buchsen-kx\/","name":"B20 Gerollte Buchsen KX - KAJOmetal s.r.o.","isPartOf":{"@id":"https:\/\/www.kajometal.eu\/de\/#website"},"datePublished":"2023-12-04T10:34:48+00:00","dateModified":"2026-01-28T07:07:39+00:00","description":"Das B20 (KU)-Lager ist ein 3-lagiges Lager, das aus einem verdrillten Metallband mit einer POM-Schicht besteht.","breadcrumb":{"@id":"https:\/\/www.kajometal.eu\/de\/b20-gerollte-buchsen-kx\/#breadcrumb"},"inLanguage":"de","potentialAction":[{"@type":"ReadAction","target":["https:\/\/www.kajometal.eu\/de\/b20-gerollte-buchsen-kx\/"]}]},{"@type":"BreadcrumbList","@id":"https:\/\/www.kajometal.eu\/de\/b20-gerollte-buchsen-kx\/#breadcrumb","itemListElement":[{"@type":"ListItem","position":1,"name":"Domovsk\u00e1 str\u00e1nka","item":"https:\/\/www.kajometal.eu\/de\/"},{"@type":"ListItem","position":2,"name":"B20 Gerollte Buchsen KX"}]},{"@type":"WebSite","@id":"https:\/\/www.kajometal.eu\/de\/#website","url":"https:\/\/www.kajometal.eu\/de\/","name":"KAJOmetal s.r.o.","description":"V\u00fdroba klzn\u00fdch lo\u017e\u00edsk","potentialAction":[{"@type":"SearchAction","target":{"@type":"EntryPoint","urlTemplate":"https:\/\/www.kajometal.eu\/de\/?s={search_term_string}"},"query-input":"required name=search_term_string"}],"inLanguage":"de"}]}},"_links":{"self":[{"href":"https:\/\/www.kajometal.eu\/de\/wp-json\/wp\/v2\/pages\/6534","targetHints":{"allow":["GET"]}}],"collection":[{"href":"https:\/\/www.kajometal.eu\/de\/wp-json\/wp\/v2\/pages"}],"about":[{"href":"https:\/\/www.kajometal.eu\/de\/wp-json\/wp\/v2\/types\/page"}],"author":[{"embeddable":true,"href":"https:\/\/www.kajometal.eu\/de\/wp-json\/wp\/v2\/users\/1"}],"replies":[{"embeddable":true,"href":"https:\/\/www.kajometal.eu\/de\/wp-json\/wp\/v2\/comments?post=6534"}],"version-history":[{"count":13,"href":"https:\/\/www.kajometal.eu\/de\/wp-json\/wp\/v2\/pages\/6534\/revisions"}],"predecessor-version":[{"id":7178,"href":"https:\/\/www.kajometal.eu\/de\/wp-json\/wp\/v2\/pages\/6534\/revisions\/7178"}],"wp:attachment":[{"href":"https:\/\/www.kajometal.eu\/de\/wp-json\/wp\/v2\/media?parent=6534"}],"curies":[{"name":"wp","href":"https:\/\/api.w.org\/{rel}","templated":true}]}}