{"id":6508,"date":"2023-12-04T11:57:29","date_gmt":"2023-12-04T10:57:29","guid":{"rendered":"https:\/\/www.kajometal.eu\/b100-dickwandige-motorlager\/"},"modified":"2025-11-21T17:33:04","modified_gmt":"2025-11-21T16:33:04","slug":"b100-dickwandige-motorlager","status":"publish","type":"page","link":"https:\/\/www.kajometal.eu\/de\/b100-dickwandige-motorlager\/","title":{"rendered":"B100 Dickwandige Motorlager"},"content":{"rendered":"<section class=\"wpb-content-wrapper\"><p>[vc_row][vc_column]<div class=\"mgt-header-block clearfix text-center text-white wpb_content_element  mgt-header-block-style-1 mgt-header-texttransform-header  vc_custom_1702292528053\"><h2 class=\"mgt-header-block-title\">B100 Dickwandige Motorlager<\/h2><\/div>[vc_empty_space][\/vc_column][\/vc_row][vc_row][vc_column width=&#8220;1\/4&#8243;][vc_single_image image=&#8220;5524&#8243; img_size=&#8220;full&#8220;][vc_empty_space][\/vc_column][vc_column width=&#8220;3\/4&#8243;][vc_column_text]Gleitlager f\u00fcr Arbeitsbedingungen mit hydrodynamischer Schmierung, geeignet f\u00fcr statische und dynamische Belastungen. Das Gleitmaterial wird durch Gie\u00dfen auf den Grundstahl aufgebracht. Er hat eine gleichm\u00e4\u00dfige Struktur und zeichnet sich durch gute Gleiteigenschaften auch unter Grenzreibungsbedingungen aus.<br \/>\nEr wird im Allgemeinen mit einer galvanischen PbSn4-Oberfl\u00e4che verwendet.   Der Stift in der Schiebepassung ben\u00f6tigt keine Oberfl\u00e4chenh\u00e4rtung. F\u00fcr hochbelastete Gleitlager wird CuPb22Sn-Gleitmaterial mit h\u00f6herer dynamischer Belastbarkeit verwendet.<br \/>\nAufgrund ihrer guten Gleiteigenschaften werden sie h\u00e4ufig als Haupt- und Pleuellager in Verbrennungsmotoren, Werkzeugmaschinenlagern usw. eingesetzt.<br \/>\n<strong>Abmessungen der auf diese Weise hergestellten Lager:<\/strong><br \/>\n&#8211; Mindestdurchmesser: 20mm<br \/>\n&#8211; maximaler Durchmesser: 500mm<br \/>\n&#8211; maximale Breite: 400mm[\/vc_column_text][vc_empty_space][\/vc_column][\/vc_row][vc_row][vc_column width=&#8220;1\/4&#8243;][\/vc_column][vc_column width=&#8220;3\/4&#8243;][vc_column_text]<\/p>\n<h3><strong>TECHNISCHE DATEN<\/strong><\/h3>\n<p>[\/vc_column_text][vc_column_text]<\/p>\n<table width=\"427\">\n<tbody>\n<tr>\n<td rowspan=\"1\" width=\"160\"><strong>Markierung von Gleitmaterial<\/strong><\/td>\n<td rowspan=\"1\" width=\"89\"><strong>SX<\/strong><\/td>\n<td rowspan=\"1\" width=\"89\"><strong>SL<\/strong><\/td>\n<td rowspan=\"1\" width=\"89\"><strong>GM 130<\/strong><\/td>\n<\/tr>\n<tr>\n<td rowspan=\"1\"><strong>Chemische Zusammensetzung<\/strong><\/td>\n<td rowspan=\"1\"><sub>CuPb22Sn4<\/sub><\/td>\n<td rowspan=\"1\"><sub>CuPb30<\/sub><\/td>\n<td rowspan=\"1\" width=\"89\">SnSb7<sub>,5Cu3<\/sub><sub>,25<\/sub><\/td>\n<\/tr>\n<tr>\n<td rowspan=\"1\"><strong>H\u00e4rte der Gleitschicht<\/strong><\/td>\n<td rowspan=\"1\">65-85HV50<\/td>\n<td rowspan=\"1\">45-65HV50<\/td>\n<td rowspan=\"1\">28-30HV50<\/td>\n<\/tr>\n<tr>\n<td rowspan=\"1\" width=\"160\"><strong>H\u00e4rte des zugrunde liegenden Stahls<\/strong><\/td>\n<td rowspan=\"1\" width=\"89\">150 HB<\/td>\n<td rowspan=\"1\" width=\"89\">150 HB<\/td>\n<td rowspan=\"1\" width=\"89\">150 HB<\/td>\n<\/tr>\n<\/tbody>\n<\/table>\n<p>[\/vc_column_text][vc_empty_space][\/vc_column][\/vc_row][vc_row][vc_column width=&#8220;1\/4&#8243;][\/vc_column][vc_column width=&#8220;3\/4&#8243;]<div class=\"mgt-header-block clearfix text-left text-black wpb_content_element  mgt-header-block-style-1 mgt-header-texttransform-header \"><h2 class=\"mgt-header-block-title\">ANFRAGE EINREICHEN<\/h2><p class=\"mgt-header-block-subtitle\">N\u00e1\u0161 z\u00e1kazn\u00edcky servis v\u00e1s bude kontaktova\u0165.<\/p><\/div>[vc_separator color=&#8220;custom&#8220; border_width=&#8220;2&#8243; accent_color=&#8220;#06847e&#8220;][vc_empty_space][\/vc_column][\/vc_row][vc_row][vc_column width=&#8220;1\/4&#8243;][\/vc_column][vc_column width=&#8220;3\/4&#8243;]\n<div class=\"wpcf7 no-js\" id=\"wpcf7-f6295-o1\" lang=\"de-DE\" dir=\"ltr\">\n<div class=\"screen-reader-response\"><p role=\"status\" aria-live=\"polite\" aria-atomic=\"true\"><\/p> <ul><\/ul><\/div>\n<form action=\"\/de\/wp-json\/wp\/v2\/pages\/6508#wpcf7-f6295-o1\" method=\"post\" class=\"wpcf7-form init\" aria-label=\"Kontaktformular\" enctype=\"multipart\/form-data\" novalidate=\"novalidate\" data-status=\"init\">\n<div style=\"display: none;\">\n<input type=\"hidden\" name=\"_wpcf7\" value=\"6295\" \/>\n<input type=\"hidden\" name=\"_wpcf7_version\" value=\"5.9.3\" \/>\n<input type=\"hidden\" name=\"_wpcf7_locale\" value=\"de_DE\" \/>\n<input type=\"hidden\" name=\"_wpcf7_unit_tag\" value=\"wpcf7-f6295-o1\" \/>\n<input type=\"hidden\" name=\"_wpcf7_container_post\" value=\"0\" \/>\n<input type=\"hidden\" name=\"_wpcf7_posted_data_hash\" value=\"\" \/>\n<input type=\"hidden\" name=\"_wpcf7_recaptcha_response\" value=\"\" \/>\n<\/div>\n<div class=\"row\">\n\t<div class=\"col-md-6\">\n\t\t<p><span style=\"color: #000000;\">Ihr Name \/ Firmenname<\/span>\n\t\t<\/p>\n\t\t<p><span class=\"wpcf7-form-control-wrap\" data-name=\"your-name\"><input size=\"40\" class=\"wpcf7-form-control wpcf7-text wpcf7-validates-as-required\" aria-required=\"true\" aria-invalid=\"false\" value=\"\" type=\"text\" name=\"your-name\" \/><\/span>\n\t\t<\/p>\n\t\t<p><span style=\"color: #000000;\">E-Mail<\/span>\n\t\t<\/p>\n\t\t<p><span class=\"wpcf7-form-control-wrap\" data-name=\"your-email\"><input size=\"40\" class=\"wpcf7-form-control wpcf7-email wpcf7-validates-as-required wpcf7-text wpcf7-validates-as-email\" aria-required=\"true\" aria-invalid=\"false\" value=\"\" type=\"email\" name=\"your-email\" \/><\/span>\n\t\t<\/p>\n\t<\/div>\n\t<div class=\"col-md-6\">\n\t\t<p><span style=\"color: #000000;\">Telefon<\/span>\n\t\t<\/p>\n\t\t<p><span class=\"wpcf7-form-control-wrap\" data-name=\"ContactPhone\"><input size=\"40\" class=\"wpcf7-form-control wpcf7-tel wpcf7-validates-as-required wpcf7-text wpcf7-validates-as-tel\" aria-required=\"true\" aria-invalid=\"false\" placeholder=\"\" value=\"\" type=\"tel\" name=\"ContactPhone\" \/><\/span>\n\t\t<\/p>\n\t\t<p>Datei hinzuf\u00fcgen (.zip)\n\t\t<\/p>\n\t\t<p><span class=\"wpcf7-form-control-wrap\" data-name=\"File\"><input size=\"40\" class=\"wpcf7-form-control wpcf7-file\" accept=\".zip\" aria-invalid=\"false\" type=\"file\" name=\"File\" \/><\/span>\n\t\t<\/p>\n\t<\/div>\n\t<div class=\"col-md-12\">\n\t\t<p><span style=\"color: #000000;\">Bericht<\/span>\n\t\t<\/p>\n\t\t<p><span class=\"wpcf7-form-control-wrap\" data-name=\"your-description\"><textarea cols=\"40\" rows=\"10\" class=\"wpcf7-form-control wpcf7-textarea\" aria-invalid=\"false\" name=\"your-description\"><\/textarea><\/span>\n\t\t<\/p>\n\t\t<p><span style=\"color: #000000;\">Mit dem Absenden des Formulars erkl\u00e4ren Sie sich mit den <a href=\"https:\/\/www.kajometal.eu\/ochrana-osobnych-udajov\/\">Datenschutzbestimmungen<\/a> einverstanden<\/span>\n\t\t<\/p>\n\t<\/div>\n\t<div class=\"col-md-12 col-sm-12\">\n\t\t<p><input class=\"wpcf7-form-control wpcf7-submit has-spinner\" type=\"submit\" value=\"SENDEN\" \/>\n\t\t<\/p>\n\t<\/div>\n<\/div><div class=\"wpcf7-response-output\" aria-hidden=\"true\"><\/div>\n<\/form>\n<\/div>\n[vc_empty_space][\/vc_column][\/vc_row][vc_row][vc_column][vc_empty_space height=&#8220;80px&#8220;][\/vc_column][\/vc_row][vc_row][vc_column width=&#8220;1\/5&#8243;][\/vc_column][vc_column width=&#8220;1\/5&#8243;][\/vc_column][vc_column width=&#8220;1\/5&#8243;][vc_single_image image=&#8220;5526&#8243; img_size=&#8220;full&#8220;][vc_column_text]<\/p>\n<h3 style=\"text-align: center;\"><strong>D\u00fcnnwandige Motorlager<\/strong><br \/>\n<strong>B101<\/strong><\/h3>\n<p>[\/vc_column_text][vc_btn title=&#8220;AUSW\u00c4HLEN&#8220; style=&#8220;custom&#8220; custom_background=&#8220;#06847e&#8220; custom_text=&#8220;#ffffff&#8220; align=&#8220;center&#8220; link=&#8220;url:https%3A%2F%2Fwww.kajometal.eu%2Fde%2Fb101-duennwandige-motorlager%2F&#8220;][vc_empty_space][\/vc_column][vc_column width=&#8220;1\/5&#8243;][vc_single_image image=&#8220;5528&#8243; img_size=&#8220;full&#8220;][vc_column_text]<\/p>\n<h3 style=\"text-align: center;\"><strong>D\u00fcnnwandige Motorlager<\/strong><br \/>\n<strong>B102<\/strong><\/h3>\n<p>[\/vc_column_text][vc_btn title=&#8220;AUSW\u00c4HLEN&#8220; style=&#8220;custom&#8220; custom_background=&#8220;#06847e&#8220; custom_text=&#8220;#ffffff&#8220; align=&#8220;center&#8220; link=&#8220;url:https%3A%2F%2Fwww.kajometal.eu%2Fde%2Fb102-duennwandige-motorlager%2F&#8220;][vc_empty_space][\/vc_column][vc_column width=&#8220;1\/5&#8243;][\/vc_column][\/vc_row]<\/p>\n<\/section>","protected":false},"excerpt":{"rendered":"<p>[vc_row][vc_column][vc_empty_space][\/vc_column][\/vc_row][vc_row][vc_column width=&#8220;1\/4&#8243;][vc_single_image image=&#8220;5524&#8243; img_size=&#8220;full&#8220;][vc_empty_space][\/vc_column][vc_column width=&#8220;3\/4&#8243;][vc_column_text]Gleitlager f\u00fcr Arbeitsbedingungen mit hydrodynamischer Schmierung, geeignet f\u00fcr statische und dynamische Belastungen. Das Gleitmaterial wird durch Gie\u00dfen auf den Grundstahl aufgebracht. Er hat eine gleichm\u00e4\u00dfige Struktur&#8230;<\/p>\n","protected":false},"author":1,"featured_media":0,"parent":0,"menu_order":0,"comment_status":"closed","ping_status":"closed","template":"","meta":{"footnotes":""},"class_list":["post-6508","page","type-page","status-publish","hentry"],"yoast_head":"<!-- This site is optimized with the Yoast SEO plugin v22.4 - https:\/\/yoast.com\/wordpress\/plugins\/seo\/ -->\n<title>B100 Dickwandige Motorlager - KAJOmetal s.r.o.<\/title>\n<meta name=\"description\" content=\"B100 bimetallische dickwandige Pfannen mit einer Gleitschicht auf Basis von Kupferlegierungen.\" \/>\n<meta name=\"robots\" content=\"index, follow, max-snippet:-1, max-image-preview:large, max-video-preview:-1\" \/>\n<link rel=\"canonical\" href=\"https:\/\/www.kajometal.eu\/de\/b100-dickwandige-motorlager\/\" \/>\n<meta property=\"og:locale\" content=\"de_DE\" \/>\n<meta property=\"og:type\" content=\"article\" \/>\n<meta property=\"og:title\" content=\"B100 Dickwandige Motorlager - KAJOmetal s.r.o.\" \/>\n<meta property=\"og:description\" content=\"B100 bimetallische dickwandige Pfannen mit einer Gleitschicht auf Basis von Kupferlegierungen.\" \/>\n<meta property=\"og:url\" content=\"https:\/\/www.kajometal.eu\/de\/b100-dickwandige-motorlager\/\" \/>\n<meta property=\"og:site_name\" content=\"KAJOmetal s.r.o.\" \/>\n<meta property=\"article:modified_time\" content=\"2025-11-21T16:33:04+00:00\" \/>\n<meta name=\"twitter:card\" content=\"summary_large_image\" \/>\n<meta name=\"twitter:label1\" content=\"Gesch\u00e4tzte Lesezeit\" \/>\n\t<meta name=\"twitter:data1\" content=\"2\u00a0Minuten\" \/>\n<script type=\"application\/ld+json\" class=\"yoast-schema-graph\">{\"@context\":\"https:\/\/schema.org\",\"@graph\":[{\"@type\":\"WebPage\",\"@id\":\"https:\/\/www.kajometal.eu\/de\/b100-dickwandige-motorlager\/\",\"url\":\"https:\/\/www.kajometal.eu\/de\/b100-dickwandige-motorlager\/\",\"name\":\"B100 Dickwandige Motorlager - KAJOmetal s.r.o.\",\"isPartOf\":{\"@id\":\"https:\/\/www.kajometal.eu\/de\/#website\"},\"datePublished\":\"2023-12-04T10:57:29+00:00\",\"dateModified\":\"2025-11-21T16:33:04+00:00\",\"description\":\"B100 bimetallische dickwandige Pfannen mit einer Gleitschicht auf Basis von Kupferlegierungen.\",\"breadcrumb\":{\"@id\":\"https:\/\/www.kajometal.eu\/de\/b100-dickwandige-motorlager\/#breadcrumb\"},\"inLanguage\":\"de\",\"potentialAction\":[{\"@type\":\"ReadAction\",\"target\":[\"https:\/\/www.kajometal.eu\/de\/b100-dickwandige-motorlager\/\"]}]},{\"@type\":\"BreadcrumbList\",\"@id\":\"https:\/\/www.kajometal.eu\/de\/b100-dickwandige-motorlager\/#breadcrumb\",\"itemListElement\":[{\"@type\":\"ListItem\",\"position\":1,\"name\":\"Domovsk\u00e1 str\u00e1nka\",\"item\":\"https:\/\/www.kajometal.eu\/de\/\"},{\"@type\":\"ListItem\",\"position\":2,\"name\":\"B100 Dickwandige Motorlager\"}]},{\"@type\":\"WebSite\",\"@id\":\"https:\/\/www.kajometal.eu\/de\/#website\",\"url\":\"https:\/\/www.kajometal.eu\/de\/\",\"name\":\"KAJOmetal s.r.o.\",\"description\":\"V\u00fdroba klzn\u00fdch lo\u017e\u00edsk\",\"potentialAction\":[{\"@type\":\"SearchAction\",\"target\":{\"@type\":\"EntryPoint\",\"urlTemplate\":\"https:\/\/www.kajometal.eu\/de\/?s={search_term_string}\"},\"query-input\":\"required name=search_term_string\"}],\"inLanguage\":\"de\"}]}<\/script>\n<!-- \/ Yoast SEO plugin. -->","yoast_head_json":{"title":"B100 Dickwandige Motorlager - KAJOmetal s.r.o.","description":"B100 bimetallische dickwandige Pfannen mit einer Gleitschicht auf Basis von Kupferlegierungen.","robots":{"index":"index","follow":"follow","max-snippet":"max-snippet:-1","max-image-preview":"max-image-preview:large","max-video-preview":"max-video-preview:-1"},"canonical":"https:\/\/www.kajometal.eu\/de\/b100-dickwandige-motorlager\/","og_locale":"de_DE","og_type":"article","og_title":"B100 Dickwandige Motorlager - KAJOmetal s.r.o.","og_description":"B100 bimetallische dickwandige Pfannen mit einer Gleitschicht auf Basis von Kupferlegierungen.","og_url":"https:\/\/www.kajometal.eu\/de\/b100-dickwandige-motorlager\/","og_site_name":"KAJOmetal s.r.o.","article_modified_time":"2025-11-21T16:33:04+00:00","twitter_card":"summary_large_image","twitter_misc":{"Gesch\u00e4tzte Lesezeit":"2\u00a0Minuten"},"schema":{"@context":"https:\/\/schema.org","@graph":[{"@type":"WebPage","@id":"https:\/\/www.kajometal.eu\/de\/b100-dickwandige-motorlager\/","url":"https:\/\/www.kajometal.eu\/de\/b100-dickwandige-motorlager\/","name":"B100 Dickwandige Motorlager - KAJOmetal s.r.o.","isPartOf":{"@id":"https:\/\/www.kajometal.eu\/de\/#website"},"datePublished":"2023-12-04T10:57:29+00:00","dateModified":"2025-11-21T16:33:04+00:00","description":"B100 bimetallische dickwandige Pfannen mit einer Gleitschicht auf Basis von Kupferlegierungen.","breadcrumb":{"@id":"https:\/\/www.kajometal.eu\/de\/b100-dickwandige-motorlager\/#breadcrumb"},"inLanguage":"de","potentialAction":[{"@type":"ReadAction","target":["https:\/\/www.kajometal.eu\/de\/b100-dickwandige-motorlager\/"]}]},{"@type":"BreadcrumbList","@id":"https:\/\/www.kajometal.eu\/de\/b100-dickwandige-motorlager\/#breadcrumb","itemListElement":[{"@type":"ListItem","position":1,"name":"Domovsk\u00e1 str\u00e1nka","item":"https:\/\/www.kajometal.eu\/de\/"},{"@type":"ListItem","position":2,"name":"B100 Dickwandige Motorlager"}]},{"@type":"WebSite","@id":"https:\/\/www.kajometal.eu\/de\/#website","url":"https:\/\/www.kajometal.eu\/de\/","name":"KAJOmetal s.r.o.","description":"V\u00fdroba klzn\u00fdch lo\u017e\u00edsk","potentialAction":[{"@type":"SearchAction","target":{"@type":"EntryPoint","urlTemplate":"https:\/\/www.kajometal.eu\/de\/?s={search_term_string}"},"query-input":"required name=search_term_string"}],"inLanguage":"de"}]}},"_links":{"self":[{"href":"https:\/\/www.kajometal.eu\/de\/wp-json\/wp\/v2\/pages\/6508","targetHints":{"allow":["GET"]}}],"collection":[{"href":"https:\/\/www.kajometal.eu\/de\/wp-json\/wp\/v2\/pages"}],"about":[{"href":"https:\/\/www.kajometal.eu\/de\/wp-json\/wp\/v2\/types\/page"}],"author":[{"embeddable":true,"href":"https:\/\/www.kajometal.eu\/de\/wp-json\/wp\/v2\/users\/1"}],"replies":[{"embeddable":true,"href":"https:\/\/www.kajometal.eu\/de\/wp-json\/wp\/v2\/comments?post=6508"}],"version-history":[{"count":3,"href":"https:\/\/www.kajometal.eu\/de\/wp-json\/wp\/v2\/pages\/6508\/revisions"}],"predecessor-version":[{"id":6729,"href":"https:\/\/www.kajometal.eu\/de\/wp-json\/wp\/v2\/pages\/6508\/revisions\/6729"}],"wp:attachment":[{"href":"https:\/\/www.kajometal.eu\/de\/wp-json\/wp\/v2\/media?parent=6508"}],"curies":[{"name":"wp","href":"https:\/\/api.w.org\/{rel}","templated":true}]}}