{"id":6283,"date":"2024-02-05T09:49:07","date_gmt":"2024-02-05T08:49:07","guid":{"rendered":"https:\/\/www.kajometal.eu\/luftfilter-und-schalldaempfer\/"},"modified":"2026-01-28T07:59:23","modified_gmt":"2026-01-28T06:59:23","slug":"luftfilter-und-schalldaempfer","status":"publish","type":"page","link":"https:\/\/www.kajometal.eu\/de\/luftfilter-und-schalldaempfer\/","title":{"rendered":"Luftfilter und Schalld\u00e4mpfer"},"content":{"rendered":"<section class=\"wpb-content-wrapper\"><p>[vc_row][vc_column]<div class=\"mgt-header-block clearfix text-center text-white wpb_content_element  mgt-header-block-style-1 mgt-header-texttransform-header  vc_custom_1707122912665\"><h2 class=\"mgt-header-block-title\">B79 Luftfilter und Schalld\u00e4mpfer<\/h2><\/div>[vc_empty_space][\/vc_column][\/vc_row][vc_row][vc_column width=&#8220;1\/4&#8243;][vc_single_image image=&#8220;5459&#8243; img_size=&#8220;full&#8220; css_animation=&#8220;top-to-bottom&#8220;][\/vc_column][vc_column width=&#8220;3\/4&#8243;][vc_column_text]Bronze-Filterelemente und Schalld\u00e4mpfer sind gleichm\u00e4\u00dfig por\u00f6s, hochbest\u00e4ndig gegen Verformungen, montagefreundlich und leicht zu reinigen.[\/vc_column_text][vc_single_image image=&#8220;5010&#8243; img_size=&#8220;full&#8220; alignment=&#8220;center&#8220; onclick=&#8220;custom_link&#8220; img_link_target=&#8220;_blank&#8220; link=&#8220;https:\/\/www.kajometal.eu\/wp-content\/uploads\/2024\/02\/TAB-B79_1.pdf&#8220;][vc_empty_space height=&#8220;50px&#8220;][\/vc_column][\/vc_row][vc_row][vc_column width=&#8220;1\/4&#8243;][\/vc_column][vc_column width=&#8220;1\/2&#8243;][vc_column_text]<\/p>\n<h3 style=\"text-align: center;\"><strong class=\"Yjhzub\" data-complete=\"true\" data-processed=\"true\"><span class=\"T286Pc\" data-sfc-cp=\"\" data-complete=\"true\" data-processed=\"true\">Filterscheiben<\/span><\/strong><\/h3>\n<p>[\/vc_column_text][vc_single_image image=&#8220;5022&#8243; img_size=&#8220;full&#8220; alignment=&#8220;center&#8220;][vc_single_image image=&#8220;5059&#8243; img_size=&#8220;full&#8220; alignment=&#8220;center&#8220;][vc_empty_space height=&#8220;50px&#8220;][vc_column_text]<\/p>\n<h3 style=\"text-align: center;\"><strong class=\"Yjhzub\" data-complete=\"true\" data-processed=\"true\">Filterh\u00fclsen<\/strong><\/h3>\n<p>[\/vc_column_text][vc_single_image image=&#8220;5041&#8243; img_size=&#8220;full&#8220; alignment=&#8220;center&#8220;][vc_single_image image=&#8220;5064&#8243; img_size=&#8220;full&#8220; alignment=&#8220;center&#8220;][vc_empty_space height=&#8220;50px&#8220;][vc_column_text]<\/p>\n<h3 style=\"text-align: center;\"><strong>Filter mit abgestuften Durchmessern<\/strong><\/h3>\n<p>[\/vc_column_text][vc_single_image image=&#8220;5067&#8243; img_size=&#8220;full&#8220; alignment=&#8220;center&#8220;][vc_single_image image=&#8220;5070&#8243; img_size=&#8220;full&#8220; alignment=&#8220;center&#8220;][vc_empty_space height=&#8220;50px&#8220;][vc_column_text]<\/p>\n<h3 style=\"text-align: center;\"><strong class=\"Yjhzub\" data-complete=\"true\">Filterh\u00fclsen mit Boden<\/strong><\/h3>\n<p>[\/vc_column_text][vc_single_image image=&#8220;5073&#8243; img_size=&#8220;full&#8220; alignment=&#8220;center&#8220;][vc_single_image image=&#8220;5075&#8243; img_size=&#8220;full&#8220; alignment=&#8220;center&#8220;][vc_empty_space height=&#8220;50px&#8220;][vc_column_text]<\/p>\n<h3 style=\"text-align: center;\"><strong class=\"Yjhzub\" data-complete=\"true\" data-processed=\"true\">Kegelfilter mit Flansch<\/strong><\/h3>\n<p>[\/vc_column_text][vc_single_image image=&#8220;5078&#8243; img_size=&#8220;full&#8220; alignment=&#8220;center&#8220;][vc_single_image image=&#8220;5080&#8243; img_size=&#8220;full&#8220; alignment=&#8220;center&#8220;][vc_empty_space height=&#8220;50px&#8220;][vc_column_text]<\/p>\n<h3 style=\"text-align: center;\"><strong class=\"Yjhzub\" data-complete=\"true\" data-processed=\"true\">Kegelfilter<\/strong><\/h3>\n<p>[\/vc_column_text][vc_single_image image=&#8220;5083&#8243; img_size=&#8220;full&#8220; alignment=&#8220;center&#8220;][vc_single_image image=&#8220;5085&#8243; img_size=&#8220;full&#8220; alignment=&#8220;center&#8220;][vc_empty_space height=&#8220;50px&#8220;][vc_column_text]<\/p>\n<h3 style=\"text-align: center;\"><strong class=\"Yjhzub\" data-complete=\"true\" data-processed=\"true\">Flachfilter<\/strong><\/h3>\n<p>[\/vc_column_text][vc_single_image image=&#8220;5088&#8243; img_size=&#8220;full&#8220; alignment=&#8220;center&#8220;][vc_single_image image=&#8220;5090&#8243; img_size=&#8220;full&#8220; alignment=&#8220;center&#8220;][vc_empty_space height=&#8220;50px&#8220;][vc_column_text]<\/p>\n<h3 style=\"text-align: center;\"><strong>Schalenfilter<\/strong><\/h3>\n<p>[\/vc_column_text][vc_single_image image=&#8220;5092&#8243; img_size=&#8220;full&#8220; alignment=&#8220;center&#8220;][vc_empty_space height=&#8220;50px&#8220;][vc_column_text]<\/p>\n<h3 style=\"text-align: center;\"><strong class=\"Yjhzub\" data-complete=\"true\" data-processed=\"true\">Kegelschalld\u00e4mpfer mit eigenem Gewinde<\/strong><\/h3>\n<p>[\/vc_column_text][vc_single_image image=&#8220;5094&#8243; img_size=&#8220;full&#8220; alignment=&#8220;center&#8220;][vc_single_image image=&#8220;5096&#8243; img_size=&#8220;full&#8220; alignment=&#8220;center&#8220;][vc_empty_space height=&#8220;50px&#8220;][vc_column_text]<\/p>\n<h3 style=\"text-align: center;\"><strong class=\"Yjhzub\" data-complete=\"true\" data-processed=\"true\">Kegelschalld\u00e4mpfer mit Gewindest\u00fcck aus massivem Messing<\/strong><\/h3>\n<p>[\/vc_column_text][vc_single_image image=&#8220;5098&#8243; img_size=&#8220;full&#8220; alignment=&#8220;center&#8220;][vc_single_image image=&#8220;5100&#8243; img_size=&#8220;full&#8220; alignment=&#8220;center&#8220;][vc_empty_space height=&#8220;50px&#8220;][vc_column_text]<\/p>\n<h3 style=\"text-align: center;\"><strong class=\"Yjhzub\" data-complete=\"true\" data-processed=\"true\">Kurzer Schalld\u00e4mpfer mit massivem Messinggewinde<\/strong><\/h3>\n<p>[\/vc_column_text][vc_single_image image=&#8220;5102&#8243; img_size=&#8220;full&#8220; alignment=&#8220;center&#8220;][vc_single_image image=&#8220;5104&#8243; img_size=&#8220;full&#8220; alignment=&#8220;center&#8220;][vc_empty_space height=&#8220;50px&#8220;][vc_column_text]<\/p>\n<h3 style=\"text-align: center;\"><strong class=\"Yjhzub\" data-complete=\"true\" data-processed=\"true\">Regulierbare Schalld\u00e4mpfer mit massivem Messinggewinde<\/strong><\/h3>\n<p>[\/vc_column_text][vc_single_image image=&#8220;5106&#8243; img_size=&#8220;full&#8220; alignment=&#8220;center&#8220;][vc_single_image image=&#8220;5108&#8243; img_size=&#8220;full&#8220; alignment=&#8220;center&#8220;][vc_empty_space height=&#8220;80px&#8220;][\/vc_column][vc_column width=&#8220;1\/4&#8243;][\/vc_column][\/vc_row][vc_row][vc_column width=&#8220;1\/4&#8243;][\/vc_column][vc_column width=&#8220;1\/2&#8243;]<div class=\"mgt-header-block clearfix text-left text-black wpb_content_element  mgt-header-block-style-1 mgt-header-texttransform-header \"><h2 class=\"mgt-header-block-title\">EINE FRAGE STELLEN<\/h2><p class=\"mgt-header-block-subtitle\">N\u00e1\u0161 z\u00e1kazn\u00edcky servis v\u00e1s bude kontaktova\u0165.<\/p><\/div>[vc_separator color=&#8220;custom&#8220; border_width=&#8220;2&#8243; accent_color=&#8220;#06847e&#8220;][vc_empty_space][\/vc_column][vc_column width=&#8220;1\/4&#8243;][\/vc_column][\/vc_row][vc_row][vc_column width=&#8220;1\/4&#8243;][\/vc_column][vc_column width=&#8220;1\/2&#8243;]\n<div class=\"wpcf7 no-js\" id=\"wpcf7-f6295-o1\" lang=\"de-DE\" dir=\"ltr\">\n<div class=\"screen-reader-response\"><p role=\"status\" aria-live=\"polite\" aria-atomic=\"true\"><\/p> <ul><\/ul><\/div>\n<form action=\"\/de\/wp-json\/wp\/v2\/pages\/6283#wpcf7-f6295-o1\" method=\"post\" class=\"wpcf7-form init\" aria-label=\"Kontaktformular\" enctype=\"multipart\/form-data\" novalidate=\"novalidate\" data-status=\"init\">\n<div style=\"display: none;\">\n<input type=\"hidden\" name=\"_wpcf7\" value=\"6295\" \/>\n<input type=\"hidden\" name=\"_wpcf7_version\" value=\"5.9.3\" \/>\n<input type=\"hidden\" name=\"_wpcf7_locale\" value=\"de_DE\" \/>\n<input type=\"hidden\" name=\"_wpcf7_unit_tag\" value=\"wpcf7-f6295-o1\" \/>\n<input type=\"hidden\" name=\"_wpcf7_container_post\" value=\"0\" \/>\n<input type=\"hidden\" name=\"_wpcf7_posted_data_hash\" value=\"\" \/>\n<input type=\"hidden\" name=\"_wpcf7_recaptcha_response\" value=\"\" \/>\n<\/div>\n<div class=\"row\">\n\t<div class=\"col-md-6\">\n\t\t<p><span style=\"color: #000000;\">Ihr Name \/ Firmenname<\/span>\n\t\t<\/p>\n\t\t<p><span class=\"wpcf7-form-control-wrap\" data-name=\"your-name\"><input size=\"40\" class=\"wpcf7-form-control wpcf7-text wpcf7-validates-as-required\" aria-required=\"true\" aria-invalid=\"false\" value=\"\" type=\"text\" name=\"your-name\" \/><\/span>\n\t\t<\/p>\n\t\t<p><span style=\"color: #000000;\">E-Mail<\/span>\n\t\t<\/p>\n\t\t<p><span class=\"wpcf7-form-control-wrap\" data-name=\"your-email\"><input size=\"40\" class=\"wpcf7-form-control wpcf7-email wpcf7-validates-as-required wpcf7-text wpcf7-validates-as-email\" aria-required=\"true\" aria-invalid=\"false\" value=\"\" type=\"email\" name=\"your-email\" \/><\/span>\n\t\t<\/p>\n\t<\/div>\n\t<div class=\"col-md-6\">\n\t\t<p><span style=\"color: #000000;\">Telefon<\/span>\n\t\t<\/p>\n\t\t<p><span class=\"wpcf7-form-control-wrap\" data-name=\"ContactPhone\"><input size=\"40\" class=\"wpcf7-form-control wpcf7-tel wpcf7-validates-as-required wpcf7-text wpcf7-validates-as-tel\" aria-required=\"true\" aria-invalid=\"false\" placeholder=\"\" value=\"\" type=\"tel\" name=\"ContactPhone\" \/><\/span>\n\t\t<\/p>\n\t\t<p>Datei hinzuf\u00fcgen (.zip)\n\t\t<\/p>\n\t\t<p><span class=\"wpcf7-form-control-wrap\" data-name=\"File\"><input size=\"40\" class=\"wpcf7-form-control wpcf7-file\" accept=\".zip\" aria-invalid=\"false\" type=\"file\" name=\"File\" \/><\/span>\n\t\t<\/p>\n\t<\/div>\n\t<div class=\"col-md-12\">\n\t\t<p><span style=\"color: #000000;\">Bericht<\/span>\n\t\t<\/p>\n\t\t<p><span class=\"wpcf7-form-control-wrap\" data-name=\"your-description\"><textarea cols=\"40\" rows=\"10\" class=\"wpcf7-form-control wpcf7-textarea\" aria-invalid=\"false\" name=\"your-description\"><\/textarea><\/span>\n\t\t<\/p>\n\t\t<p><span style=\"color: #000000;\">Mit dem Absenden des Formulars erkl\u00e4ren Sie sich mit den <a href=\"https:\/\/www.kajometal.eu\/ochrana-osobnych-udajov\/\">Datenschutzbestimmungen<\/a> einverstanden<\/span>\n\t\t<\/p>\n\t<\/div>\n\t<div class=\"col-md-12 col-sm-12\">\n\t\t<p><input class=\"wpcf7-form-control wpcf7-submit has-spinner\" type=\"submit\" value=\"SENDEN\" \/>\n\t\t<\/p>\n\t<\/div>\n<\/div><div class=\"wpcf7-response-output\" aria-hidden=\"true\"><\/div>\n<\/form>\n<\/div>\n[vc_empty_space][\/vc_column][vc_column width=&#8220;1\/4&#8243;][\/vc_column][\/vc_row]<\/p>\n<\/section>","protected":false},"excerpt":{"rendered":"<p>[vc_row][vc_column][vc_empty_space][\/vc_column][\/vc_row][vc_row][vc_column width=&#8220;1\/4&#8243;][vc_single_image image=&#8220;5459&#8243; img_size=&#8220;full&#8220; css_animation=&#8220;top-to-bottom&#8220;][\/vc_column][vc_column width=&#8220;3\/4&#8243;][vc_column_text]Bronze-Filterelemente und Schalld\u00e4mpfer sind gleichm\u00e4\u00dfig por\u00f6s, hochbest\u00e4ndig gegen Verformungen, montagefreundlich und leicht zu reinigen.[\/vc_column_text][vc_single_image image=&#8220;5010&#8243; img_size=&#8220;full&#8220; alignment=&#8220;center&#8220; onclick=&#8220;custom_link&#8220; img_link_target=&#8220;_blank&#8220; link=&#8220;https:\/\/www.kajometal.eu\/wp-content\/uploads\/2024\/02\/TAB-B79_1.pdf&#8220;][vc_empty_space height=&#8220;50px&#8220;][\/vc_column][\/vc_row][vc_row][vc_column width=&#8220;1\/4&#8243;][\/vc_column][vc_column width=&#8220;1\/2&#8243;][vc_column_text] Filterscheiben [\/vc_column_text][vc_single_image&#8230;<\/p>\n","protected":false},"author":1,"featured_media":0,"parent":0,"menu_order":0,"comment_status":"closed","ping_status":"closed","template":"","meta":{"footnotes":""},"class_list":["post-6283","page","type-page","status-publish","hentry"],"yoast_head":"<!-- This site is optimized with the Yoast SEO plugin v22.4 - https:\/\/yoast.com\/wordpress\/plugins\/seo\/ -->\n<title>Luftfilter und Schalld\u00e4mpfer - KAJOmetal s.r.o.<\/title>\n<meta name=\"description\" content=\"Scheibenfilter, Schlauchfilter, Kegelfilter, Trommelfilter und Luftschalld\u00e4mpfer.\" \/>\n<meta name=\"robots\" content=\"index, follow, max-snippet:-1, max-image-preview:large, max-video-preview:-1\" \/>\n<link rel=\"canonical\" href=\"https:\/\/www.kajometal.eu\/de\/luftfilter-und-schalldaempfer\/\" \/>\n<meta property=\"og:locale\" content=\"de_DE\" \/>\n<meta property=\"og:type\" content=\"article\" \/>\n<meta property=\"og:title\" content=\"Luftfilter und Schalld\u00e4mpfer - KAJOmetal s.r.o.\" \/>\n<meta property=\"og:description\" content=\"Scheibenfilter, Schlauchfilter, Kegelfilter, Trommelfilter und Luftschalld\u00e4mpfer.\" \/>\n<meta property=\"og:url\" content=\"https:\/\/www.kajometal.eu\/de\/luftfilter-und-schalldaempfer\/\" \/>\n<meta property=\"og:site_name\" content=\"KAJOmetal s.r.o.\" \/>\n<meta property=\"article:modified_time\" content=\"2026-01-28T06:59:23+00:00\" \/>\n<meta name=\"twitter:card\" content=\"summary_large_image\" \/>\n<meta name=\"twitter:label1\" content=\"Gesch\u00e4tzte Lesezeit\" \/>\n\t<meta name=\"twitter:data1\" content=\"3\u00a0Minuten\" \/>\n<script type=\"application\/ld+json\" class=\"yoast-schema-graph\">{\"@context\":\"https:\/\/schema.org\",\"@graph\":[{\"@type\":\"WebPage\",\"@id\":\"https:\/\/www.kajometal.eu\/de\/luftfilter-und-schalldaempfer\/\",\"url\":\"https:\/\/www.kajometal.eu\/de\/luftfilter-und-schalldaempfer\/\",\"name\":\"Luftfilter und Schalld\u00e4mpfer - KAJOmetal s.r.o.\",\"isPartOf\":{\"@id\":\"https:\/\/www.kajometal.eu\/de\/#website\"},\"datePublished\":\"2024-02-05T08:49:07+00:00\",\"dateModified\":\"2026-01-28T06:59:23+00:00\",\"description\":\"Scheibenfilter, Schlauchfilter, Kegelfilter, Trommelfilter und Luftschalld\u00e4mpfer.\",\"breadcrumb\":{\"@id\":\"https:\/\/www.kajometal.eu\/de\/luftfilter-und-schalldaempfer\/#breadcrumb\"},\"inLanguage\":\"de\",\"potentialAction\":[{\"@type\":\"ReadAction\",\"target\":[\"https:\/\/www.kajometal.eu\/de\/luftfilter-und-schalldaempfer\/\"]}]},{\"@type\":\"BreadcrumbList\",\"@id\":\"https:\/\/www.kajometal.eu\/de\/luftfilter-und-schalldaempfer\/#breadcrumb\",\"itemListElement\":[{\"@type\":\"ListItem\",\"position\":1,\"name\":\"Domovsk\u00e1 str\u00e1nka\",\"item\":\"https:\/\/www.kajometal.eu\/de\/\"},{\"@type\":\"ListItem\",\"position\":2,\"name\":\"Luftfilter und Schalld\u00e4mpfer\"}]},{\"@type\":\"WebSite\",\"@id\":\"https:\/\/www.kajometal.eu\/de\/#website\",\"url\":\"https:\/\/www.kajometal.eu\/de\/\",\"name\":\"KAJOmetal s.r.o.\",\"description\":\"V\u00fdroba klzn\u00fdch lo\u017e\u00edsk\",\"potentialAction\":[{\"@type\":\"SearchAction\",\"target\":{\"@type\":\"EntryPoint\",\"urlTemplate\":\"https:\/\/www.kajometal.eu\/de\/?s={search_term_string}\"},\"query-input\":\"required name=search_term_string\"}],\"inLanguage\":\"de\"}]}<\/script>\n<!-- \/ Yoast SEO plugin. -->","yoast_head_json":{"title":"Luftfilter und Schalld\u00e4mpfer - KAJOmetal s.r.o.","description":"Scheibenfilter, Schlauchfilter, Kegelfilter, Trommelfilter und Luftschalld\u00e4mpfer.","robots":{"index":"index","follow":"follow","max-snippet":"max-snippet:-1","max-image-preview":"max-image-preview:large","max-video-preview":"max-video-preview:-1"},"canonical":"https:\/\/www.kajometal.eu\/de\/luftfilter-und-schalldaempfer\/","og_locale":"de_DE","og_type":"article","og_title":"Luftfilter und Schalld\u00e4mpfer - KAJOmetal s.r.o.","og_description":"Scheibenfilter, Schlauchfilter, Kegelfilter, Trommelfilter und Luftschalld\u00e4mpfer.","og_url":"https:\/\/www.kajometal.eu\/de\/luftfilter-und-schalldaempfer\/","og_site_name":"KAJOmetal s.r.o.","article_modified_time":"2026-01-28T06:59:23+00:00","twitter_card":"summary_large_image","twitter_misc":{"Gesch\u00e4tzte Lesezeit":"3\u00a0Minuten"},"schema":{"@context":"https:\/\/schema.org","@graph":[{"@type":"WebPage","@id":"https:\/\/www.kajometal.eu\/de\/luftfilter-und-schalldaempfer\/","url":"https:\/\/www.kajometal.eu\/de\/luftfilter-und-schalldaempfer\/","name":"Luftfilter und Schalld\u00e4mpfer - KAJOmetal s.r.o.","isPartOf":{"@id":"https:\/\/www.kajometal.eu\/de\/#website"},"datePublished":"2024-02-05T08:49:07+00:00","dateModified":"2026-01-28T06:59:23+00:00","description":"Scheibenfilter, Schlauchfilter, Kegelfilter, Trommelfilter und Luftschalld\u00e4mpfer.","breadcrumb":{"@id":"https:\/\/www.kajometal.eu\/de\/luftfilter-und-schalldaempfer\/#breadcrumb"},"inLanguage":"de","potentialAction":[{"@type":"ReadAction","target":["https:\/\/www.kajometal.eu\/de\/luftfilter-und-schalldaempfer\/"]}]},{"@type":"BreadcrumbList","@id":"https:\/\/www.kajometal.eu\/de\/luftfilter-und-schalldaempfer\/#breadcrumb","itemListElement":[{"@type":"ListItem","position":1,"name":"Domovsk\u00e1 str\u00e1nka","item":"https:\/\/www.kajometal.eu\/de\/"},{"@type":"ListItem","position":2,"name":"Luftfilter und Schalld\u00e4mpfer"}]},{"@type":"WebSite","@id":"https:\/\/www.kajometal.eu\/de\/#website","url":"https:\/\/www.kajometal.eu\/de\/","name":"KAJOmetal s.r.o.","description":"V\u00fdroba klzn\u00fdch lo\u017e\u00edsk","potentialAction":[{"@type":"SearchAction","target":{"@type":"EntryPoint","urlTemplate":"https:\/\/www.kajometal.eu\/de\/?s={search_term_string}"},"query-input":"required name=search_term_string"}],"inLanguage":"de"}]}},"_links":{"self":[{"href":"https:\/\/www.kajometal.eu\/de\/wp-json\/wp\/v2\/pages\/6283","targetHints":{"allow":["GET"]}}],"collection":[{"href":"https:\/\/www.kajometal.eu\/de\/wp-json\/wp\/v2\/pages"}],"about":[{"href":"https:\/\/www.kajometal.eu\/de\/wp-json\/wp\/v2\/types\/page"}],"author":[{"embeddable":true,"href":"https:\/\/www.kajometal.eu\/de\/wp-json\/wp\/v2\/users\/1"}],"replies":[{"embeddable":true,"href":"https:\/\/www.kajometal.eu\/de\/wp-json\/wp\/v2\/comments?post=6283"}],"version-history":[{"count":4,"href":"https:\/\/www.kajometal.eu\/de\/wp-json\/wp\/v2\/pages\/6283\/revisions"}],"predecessor-version":[{"id":7176,"href":"https:\/\/www.kajometal.eu\/de\/wp-json\/wp\/v2\/pages\/6283\/revisions\/7176"}],"wp:attachment":[{"href":"https:\/\/www.kajometal.eu\/de\/wp-json\/wp\/v2\/media?parent=6283"}],"curies":[{"name":"wp","href":"https:\/\/api.w.org\/{rel}","templated":true}]}}