{"id":6255,"date":"2024-02-08T08:42:52","date_gmt":"2024-02-08T07:42:52","guid":{"rendered":"https:\/\/www.kajometal.eu\/reparatur-von-lagern-und-wellen\/"},"modified":"2025-11-24T16:06:31","modified_gmt":"2025-11-24T15:06:31","slug":"reparatur-von-lagern-und-wellen","status":"publish","type":"page","link":"https:\/\/www.kajometal.eu\/de\/reparatur-von-lagern-und-wellen\/","title":{"rendered":"Reparatur von Lagern und Wellen"},"content":{"rendered":"<section class=\"wpb-content-wrapper\"><p>[vc_row][vc_column]<div class=\"mgt-header-block clearfix text-center text-white wpb_content_element  mgt-header-block-style-1 mgt-header-texttransform-header  vc_custom_1763994023440\"><h2 class=\"mgt-header-block-title\">Reparatur von Lagern und Wellen<\/h2><\/div>[\/vc_column][\/vc_row][vc_row][vc_column width=&#8220;1\/3&#8243;][vc_empty_space height=&#8220;75px&#8220;][vc_single_image image=&#8220;6135&#8243; img_size=&#8220;full&#8220; alignment=&#8220;center&#8220; style=&#8220;vc_box_shadow_3d&#8220; css_animation=&#8220;fadeIn&#8220; css=&#8220;.vc_custom_1763996788354{margin-left: 5px !important;}&#8220;][\/vc_column][vc_column width=&#8220;2\/3&#8243;][vc_column_text]KAJOmetal, s.r.o. bietet professionellen Service, Reparatur und Aufarbeitung von Gleitlagern und Wellen f\u00fcr verschiedene Arten von Industrieanlagen.<br \/>\nWir konzentrieren uns auf die Wiederherstellung funktionaler Oberfl\u00e4chen, die Beseitigung von Verschlei\u00df und die Verl\u00e4ngerung der Lebensdauer von Komponenten, die h\u00e4ufig durch hohen Druck, Reibung oder Temperatur belastet werden.<\/p>\n<p>Reparaturen werden auf der Grundlage von technischen Unterlagen oder Kundenmustern durchgef\u00fchrt.<br \/>\nWir verwenden Pr\u00e4zisionsbearbeitungs-, Schwei\u00df-, Guss- und Galvanotechniken, um die gleiche oder eine bessere Qualit\u00e4t wie bei einem neuen Produkt zu gew\u00e4hrleisten.<\/p>\n<p>Unsere Priorit\u00e4t ist eine schnelle Bearbeitung, hohe Pr\u00e4zision und Zuverl\u00e4ssigkeit jedes reparierten Teils.[\/vc_column_text][vc_empty_space height=&#8220;1px&#8220;]<div class=\"mgt-icon-box wpb_content_element wpb_animate_when_almost_visible wpb_left-to-right mgt-icon-box-right mgt-icon-fa text-black \"><div class=\"mgt-icon-box-icon hvr-icon-push\"><div class=\"mgt-font-icon\"><i class=\"fa fa-phone\"><\/i><\/div><\/div><div class=\"mgt-icon-box-content\"><h5>Kontaktieren Sie einen Techniker<\/h5>+421 903 472 589<br \/>\nkajometal@kajometal.sk<\/div><div class=\"clearfix\"><\/div><\/div>[vc_empty_space height=&#8220;50px&#8220;]<style scoped='scoped'>.mgt-promo-block-79292048663.mgt-promo-block.darken .mgt-promo-block-content {background-color: #06847e!important;}<\/style><div class=\"mgt-promo-block white-text text-size-normal darken mgt-promo-block-79292048663 wpb_content_element wpb_animate_when_almost_visible wpb_left-to-right\" data-style=\"width: 100%; height: 200px;\"><div class=\"mgt-promo-block-content va-top\"><div class=\"mgt-promo-block-content-inside vc_custom_1763994128111\">\n<h3>Ben\u00f6tigen Sie umfassende Informationen?<\/h3>\nKontaktieren Sie unser Vertriebsteam.<div class=\"mgt-button-wrapper mgt-button-wrapper-align-left mgt-button-wrapper-display-newline mgt-button-top-margin-enable\"><a class=\"btn hvr-icon-wobble-horizontal mgt-button mgt-style-solid-invert mgt-size-normal mgt-align-left mgt-display-newline mgt-text-size-small mgt-button-icon-position-right mgt-text-transform-uppercase \" href=\"https:\/\/www.kajometal.eu\/de\/kontakt\/\">KONTAKT<i class=\"fa fa-arrow-right\"><\/i><\/a><\/div><\/div><\/div><\/div>[vc_empty_space height=&#8220;100px&#8220;][\/vc_column][\/vc_row][vc_row][vc_column width=&#8220;1\/3&#8243;][vc_empty_space height=&#8220;175px&#8220;][\/vc_column][vc_column width=&#8220;2\/3&#8243;]<div class=\"mgt-header-block clearfix text-left text-black wpb_content_element  mgt-header-block-style-1 mgt-header-texttransform-header \"><h2 class=\"mgt-header-block-title\">ANFRAGE EINREICHEN<\/h2><p class=\"mgt-header-block-subtitle\">Unser Kundenservice wird sich mit Ihnen in Verbindung setzen.<\/p><\/div>[vc_separator color=&#8220;custom&#8220; border_width=&#8220;2&#8243; accent_color=&#8220;#06847e&#8220;]\n<div class=\"wpcf7 no-js\" id=\"wpcf7-f6295-o1\" lang=\"de-DE\" dir=\"ltr\">\n<div class=\"screen-reader-response\"><p role=\"status\" aria-live=\"polite\" aria-atomic=\"true\"><\/p> <ul><\/ul><\/div>\n<form action=\"\/de\/wp-json\/wp\/v2\/pages\/6255#wpcf7-f6295-o1\" method=\"post\" class=\"wpcf7-form init\" aria-label=\"Kontaktformular\" enctype=\"multipart\/form-data\" novalidate=\"novalidate\" data-status=\"init\">\n<div style=\"display: none;\">\n<input type=\"hidden\" name=\"_wpcf7\" value=\"6295\" \/>\n<input type=\"hidden\" name=\"_wpcf7_version\" value=\"5.9.3\" \/>\n<input type=\"hidden\" name=\"_wpcf7_locale\" value=\"de_DE\" \/>\n<input type=\"hidden\" name=\"_wpcf7_unit_tag\" value=\"wpcf7-f6295-o1\" \/>\n<input type=\"hidden\" name=\"_wpcf7_container_post\" value=\"0\" \/>\n<input type=\"hidden\" name=\"_wpcf7_posted_data_hash\" value=\"\" \/>\n<input type=\"hidden\" name=\"_wpcf7_recaptcha_response\" value=\"\" \/>\n<\/div>\n<div class=\"row\">\n\t<div class=\"col-md-6\">\n\t\t<p><span style=\"color: #000000;\">Ihr Name \/ Firmenname<\/span>\n\t\t<\/p>\n\t\t<p><span class=\"wpcf7-form-control-wrap\" data-name=\"your-name\"><input size=\"40\" class=\"wpcf7-form-control wpcf7-text wpcf7-validates-as-required\" aria-required=\"true\" aria-invalid=\"false\" value=\"\" type=\"text\" name=\"your-name\" \/><\/span>\n\t\t<\/p>\n\t\t<p><span style=\"color: #000000;\">E-Mail<\/span>\n\t\t<\/p>\n\t\t<p><span class=\"wpcf7-form-control-wrap\" data-name=\"your-email\"><input size=\"40\" class=\"wpcf7-form-control wpcf7-email wpcf7-validates-as-required wpcf7-text wpcf7-validates-as-email\" aria-required=\"true\" aria-invalid=\"false\" value=\"\" type=\"email\" name=\"your-email\" \/><\/span>\n\t\t<\/p>\n\t<\/div>\n\t<div class=\"col-md-6\">\n\t\t<p><span style=\"color: #000000;\">Telefon<\/span>\n\t\t<\/p>\n\t\t<p><span class=\"wpcf7-form-control-wrap\" data-name=\"ContactPhone\"><input size=\"40\" class=\"wpcf7-form-control wpcf7-tel wpcf7-validates-as-required wpcf7-text wpcf7-validates-as-tel\" aria-required=\"true\" aria-invalid=\"false\" placeholder=\"\" value=\"\" type=\"tel\" name=\"ContactPhone\" \/><\/span>\n\t\t<\/p>\n\t\t<p>Datei hinzuf\u00fcgen (.zip)\n\t\t<\/p>\n\t\t<p><span class=\"wpcf7-form-control-wrap\" data-name=\"File\"><input size=\"40\" class=\"wpcf7-form-control wpcf7-file\" accept=\".zip\" aria-invalid=\"false\" type=\"file\" name=\"File\" \/><\/span>\n\t\t<\/p>\n\t<\/div>\n\t<div class=\"col-md-12\">\n\t\t<p><span style=\"color: #000000;\">Bericht<\/span>\n\t\t<\/p>\n\t\t<p><span class=\"wpcf7-form-control-wrap\" data-name=\"your-description\"><textarea cols=\"40\" rows=\"10\" class=\"wpcf7-form-control wpcf7-textarea\" aria-invalid=\"false\" name=\"your-description\"><\/textarea><\/span>\n\t\t<\/p>\n\t\t<p><span style=\"color: #000000;\">Mit dem Absenden des Formulars erkl\u00e4ren Sie sich mit den <a href=\"https:\/\/www.kajometal.eu\/ochrana-osobnych-udajov\/\">Datenschutzbestimmungen<\/a> einverstanden<\/span>\n\t\t<\/p>\n\t<\/div>\n\t<div class=\"col-md-12 col-sm-12\">\n\t\t<p><input class=\"wpcf7-form-control wpcf7-submit has-spinner\" type=\"submit\" value=\"SENDEN\" \/>\n\t\t<\/p>\n\t<\/div>\n<\/div><div class=\"wpcf7-response-output\" aria-hidden=\"true\"><\/div>\n<\/form>\n<\/div>\n[\/vc_column][\/vc_row][vc_row][vc_column][vc_empty_space height=&#8220;50px&#8220;][\/vc_column][\/vc_row]<\/p>\n<\/section>","protected":false},"excerpt":{"rendered":"<p>[vc_row][vc_column][\/vc_column][\/vc_row][vc_row][vc_column width=&#8220;1\/3&#8243;][vc_empty_space height=&#8220;75px&#8220;][vc_single_image image=&#8220;6135&#8243; img_size=&#8220;full&#8220; alignment=&#8220;center&#8220; style=&#8220;vc_box_shadow_3d&#8220; css_animation=&#8220;fadeIn&#8220; css=&#8220;.vc_custom_1763996788354{margin-left: 5px !important;}&#8220;][\/vc_column][vc_column width=&#8220;2\/3&#8243;][vc_column_text]KAJOmetal, s.r.o. bietet professionellen Service, Reparatur und Aufarbeitung von Gleitlagern und Wellen f\u00fcr verschiedene Arten von Industrieanlagen. Wir konzentrieren&#8230;<\/p>\n","protected":false},"author":1,"featured_media":0,"parent":0,"menu_order":0,"comment_status":"closed","ping_status":"closed","template":"","meta":{"footnotes":""},"class_list":["post-6255","page","type-page","status-publish","hentry"],"yoast_head":"<!-- This site is optimized with the Yoast SEO plugin v22.4 - https:\/\/yoast.com\/wordpress\/plugins\/seo\/ -->\n<title>Reparatur von Lagern und Wellen - KAJOmetal s.r.o.<\/title>\n<meta name=\"description\" content=\"Wir bieten unseren Kunden einen fachkundigen Reparaturservice, die \u00dcberholung und Instandsetzung von Lagern und Wellen. Reparatur von Lagern und Wellen\" \/>\n<meta name=\"robots\" content=\"index, follow, max-snippet:-1, max-image-preview:large, max-video-preview:-1\" \/>\n<link rel=\"canonical\" href=\"https:\/\/www.kajometal.eu\/de\/reparatur-von-lagern-und-wellen\/\" \/>\n<meta property=\"og:locale\" content=\"de_DE\" \/>\n<meta property=\"og:type\" content=\"article\" \/>\n<meta property=\"og:title\" content=\"Reparatur von Lagern und Wellen - KAJOmetal s.r.o.\" \/>\n<meta property=\"og:description\" content=\"Wir bieten unseren Kunden einen fachkundigen Reparaturservice, die \u00dcberholung und Instandsetzung von Lagern und Wellen. Reparatur von Lagern und Wellen\" \/>\n<meta property=\"og:url\" content=\"https:\/\/www.kajometal.eu\/de\/reparatur-von-lagern-und-wellen\/\" \/>\n<meta property=\"og:site_name\" content=\"KAJOmetal s.r.o.\" \/>\n<meta property=\"article:modified_time\" content=\"2025-11-24T15:06:31+00:00\" \/>\n<meta name=\"twitter:card\" content=\"summary_large_image\" \/>\n<meta name=\"twitter:label1\" content=\"Gesch\u00e4tzte Lesezeit\" \/>\n\t<meta name=\"twitter:data1\" content=\"2\u00a0Minuten\" \/>\n<script type=\"application\/ld+json\" class=\"yoast-schema-graph\">{\"@context\":\"https:\/\/schema.org\",\"@graph\":[{\"@type\":\"WebPage\",\"@id\":\"https:\/\/www.kajometal.eu\/de\/reparatur-von-lagern-und-wellen\/\",\"url\":\"https:\/\/www.kajometal.eu\/de\/reparatur-von-lagern-und-wellen\/\",\"name\":\"Reparatur von Lagern und Wellen - KAJOmetal s.r.o.\",\"isPartOf\":{\"@id\":\"https:\/\/www.kajometal.eu\/de\/#website\"},\"datePublished\":\"2024-02-08T07:42:52+00:00\",\"dateModified\":\"2025-11-24T15:06:31+00:00\",\"description\":\"Wir bieten unseren Kunden einen fachkundigen Reparaturservice, die \u00dcberholung und Instandsetzung von Lagern und Wellen. Reparatur von Lagern und Wellen\",\"breadcrumb\":{\"@id\":\"https:\/\/www.kajometal.eu\/de\/reparatur-von-lagern-und-wellen\/#breadcrumb\"},\"inLanguage\":\"de\",\"potentialAction\":[{\"@type\":\"ReadAction\",\"target\":[\"https:\/\/www.kajometal.eu\/de\/reparatur-von-lagern-und-wellen\/\"]}]},{\"@type\":\"BreadcrumbList\",\"@id\":\"https:\/\/www.kajometal.eu\/de\/reparatur-von-lagern-und-wellen\/#breadcrumb\",\"itemListElement\":[{\"@type\":\"ListItem\",\"position\":1,\"name\":\"Domovsk\u00e1 str\u00e1nka\",\"item\":\"https:\/\/www.kajometal.eu\/de\/\"},{\"@type\":\"ListItem\",\"position\":2,\"name\":\"Reparatur von Lagern und Wellen\"}]},{\"@type\":\"WebSite\",\"@id\":\"https:\/\/www.kajometal.eu\/de\/#website\",\"url\":\"https:\/\/www.kajometal.eu\/de\/\",\"name\":\"KAJOmetal s.r.o.\",\"description\":\"V\u00fdroba klzn\u00fdch lo\u017e\u00edsk\",\"potentialAction\":[{\"@type\":\"SearchAction\",\"target\":{\"@type\":\"EntryPoint\",\"urlTemplate\":\"https:\/\/www.kajometal.eu\/de\/?s={search_term_string}\"},\"query-input\":\"required name=search_term_string\"}],\"inLanguage\":\"de\"}]}<\/script>\n<!-- \/ Yoast SEO plugin. -->","yoast_head_json":{"title":"Reparatur von Lagern und Wellen - KAJOmetal s.r.o.","description":"Wir bieten unseren Kunden einen fachkundigen Reparaturservice, die \u00dcberholung und Instandsetzung von Lagern und Wellen. Reparatur von Lagern und Wellen","robots":{"index":"index","follow":"follow","max-snippet":"max-snippet:-1","max-image-preview":"max-image-preview:large","max-video-preview":"max-video-preview:-1"},"canonical":"https:\/\/www.kajometal.eu\/de\/reparatur-von-lagern-und-wellen\/","og_locale":"de_DE","og_type":"article","og_title":"Reparatur von Lagern und Wellen - KAJOmetal s.r.o.","og_description":"Wir bieten unseren Kunden einen fachkundigen Reparaturservice, die \u00dcberholung und Instandsetzung von Lagern und Wellen. Reparatur von Lagern und Wellen","og_url":"https:\/\/www.kajometal.eu\/de\/reparatur-von-lagern-und-wellen\/","og_site_name":"KAJOmetal s.r.o.","article_modified_time":"2025-11-24T15:06:31+00:00","twitter_card":"summary_large_image","twitter_misc":{"Gesch\u00e4tzte Lesezeit":"2\u00a0Minuten"},"schema":{"@context":"https:\/\/schema.org","@graph":[{"@type":"WebPage","@id":"https:\/\/www.kajometal.eu\/de\/reparatur-von-lagern-und-wellen\/","url":"https:\/\/www.kajometal.eu\/de\/reparatur-von-lagern-und-wellen\/","name":"Reparatur von Lagern und Wellen - KAJOmetal s.r.o.","isPartOf":{"@id":"https:\/\/www.kajometal.eu\/de\/#website"},"datePublished":"2024-02-08T07:42:52+00:00","dateModified":"2025-11-24T15:06:31+00:00","description":"Wir bieten unseren Kunden einen fachkundigen Reparaturservice, die \u00dcberholung und Instandsetzung von Lagern und Wellen. Reparatur von Lagern und Wellen","breadcrumb":{"@id":"https:\/\/www.kajometal.eu\/de\/reparatur-von-lagern-und-wellen\/#breadcrumb"},"inLanguage":"de","potentialAction":[{"@type":"ReadAction","target":["https:\/\/www.kajometal.eu\/de\/reparatur-von-lagern-und-wellen\/"]}]},{"@type":"BreadcrumbList","@id":"https:\/\/www.kajometal.eu\/de\/reparatur-von-lagern-und-wellen\/#breadcrumb","itemListElement":[{"@type":"ListItem","position":1,"name":"Domovsk\u00e1 str\u00e1nka","item":"https:\/\/www.kajometal.eu\/de\/"},{"@type":"ListItem","position":2,"name":"Reparatur von Lagern und Wellen"}]},{"@type":"WebSite","@id":"https:\/\/www.kajometal.eu\/de\/#website","url":"https:\/\/www.kajometal.eu\/de\/","name":"KAJOmetal s.r.o.","description":"V\u00fdroba klzn\u00fdch lo\u017e\u00edsk","potentialAction":[{"@type":"SearchAction","target":{"@type":"EntryPoint","urlTemplate":"https:\/\/www.kajometal.eu\/de\/?s={search_term_string}"},"query-input":"required name=search_term_string"}],"inLanguage":"de"}]}},"_links":{"self":[{"href":"https:\/\/www.kajometal.eu\/de\/wp-json\/wp\/v2\/pages\/6255","targetHints":{"allow":["GET"]}}],"collection":[{"href":"https:\/\/www.kajometal.eu\/de\/wp-json\/wp\/v2\/pages"}],"about":[{"href":"https:\/\/www.kajometal.eu\/de\/wp-json\/wp\/v2\/types\/page"}],"author":[{"embeddable":true,"href":"https:\/\/www.kajometal.eu\/de\/wp-json\/wp\/v2\/users\/1"}],"replies":[{"embeddable":true,"href":"https:\/\/www.kajometal.eu\/de\/wp-json\/wp\/v2\/comments?post=6255"}],"version-history":[{"count":12,"href":"https:\/\/www.kajometal.eu\/de\/wp-json\/wp\/v2\/pages\/6255\/revisions"}],"predecessor-version":[{"id":6908,"href":"https:\/\/www.kajometal.eu\/de\/wp-json\/wp\/v2\/pages\/6255\/revisions\/6908"}],"wp:attachment":[{"href":"https:\/\/www.kajometal.eu\/de\/wp-json\/wp\/v2\/media?parent=6255"}],"curies":[{"name":"wp","href":"https:\/\/api.w.org\/{rel}","templated":true}]}}