{"id":6175,"date":"2024-01-18T12:24:49","date_gmt":"2024-01-18T11:24:49","guid":{"rendered":"https:\/\/www.kajometal.eu\/b80-stahl-lagerbuchsen\/"},"modified":"2026-03-09T13:49:05","modified_gmt":"2026-03-09T12:49:05","slug":"b80-stahl-lagerbuchsen","status":"publish","type":"page","link":"https:\/\/www.kajometal.eu\/de\/b80-stahl-lagerbuchsen\/","title":{"rendered":"B80 Stahl-Lagerbuchsen"},"content":{"rendered":"<section class=\"wpb-content-wrapper\"><p>[vc_row][vc_column]<div class=\"mgt-header-block clearfix text-center text-white wpb_content_element  mgt-header-block-style-1 mgt-header-texttransform-header  vc_custom_1763742208565\"><h2 class=\"mgt-header-block-title\">B80 Stahl-Lagerbuchsen<\/h2><\/div>[vc_empty_space][vc_column_text]<\/p>\n<h3><strong><span style=\"color: #333333;\">TECHNISCHE DATEN<\/span><\/strong><\/h3>\n<p><span style=\"color: #333333;\">&#8211; <strong>Statische Belastung:<\/strong> 250 MPa<\/span><br \/>\n<span style=\"color: #333333;\">&#8211; <strong>Dynamische Belastung:<\/strong> 150 MPa<\/span><br \/>\n<span style=\"color: #333333;\">&#8211; <strong> <b>Zul\u00e4ssige Gleitgeschwindigkeit V mit Schmierung:<\/b><\/strong> 0,6 m\/s<sup><br \/>\n<\/sup><\/span><span style=\"color: #333333;\"><strong>&#8211; <b>Max. PV mit Schmierung <\/b>: <\/strong>1,2 MPa*m\/s<strong><br \/>\n<\/strong><\/span><span style=\"color: #333333;\">&#8211; <strong>H\u00e4rte HB: <\/strong>58 &#8211; 62<strong><br \/>\n&#8211; <b>Betriebstemperatur<\/b>: <\/strong>-100\u00b0C &#8211; +250\u00b0C<strong><br \/>\n&#8211; <b>Oberfl\u00e4chenrauhigkeit der Welle<\/b>: <\/strong>0,2 &#8211; 0,8<strong><br \/>\n&#8211; <b>Oberfl\u00e4chenrauhigkeit der Bohrung<\/b>: <\/strong>0,2 &#8211; 0,8<br \/>\n<strong>&#8211; <b>Reibungskoeffizient<\/b>: <\/strong>0,05 &#8211; 0,25<br \/>\n<\/span>[\/vc_column_text][\/vc_column][\/vc_row][vc_row][vc_column][vc_tta_accordion color=&#8220;white&#8220; active_section=&#8220;1&#8243;][vc_tta_section title=&#8220;Beschreibung des Produkts&#8220; tab_id=&#8220;1707221234800-4a77ae6f-66a2&#8243;][vc_column_text]Geh\u00e4rtete Kohlenstoffstahl-Gleitlager k\u00f6nnen nach Kundenzeichnung mit Schmierbohrungen, Nuten usw. hergestellt werden.[\/vc_column_text][\/vc_tta_section][vc_tta_section title=&#8220;Struktur des Materials&#8220; tab_id=&#8220;1707221234811-46101147-bf53&#8243;][vc_column_text]Die Oberfl\u00e4che aus Kohlenstoffstahl ist bis zu einer Tiefe von 1,5 mm auf eine H\u00e4rte von mehr als 52 HRC geh\u00e4rtet und hat einen weicheren, z\u00e4hen Kern.[\/vc_column_text][\/vc_tta_section][vc_tta_section title=&#8220;Produktvorteile&#8220; tab_id=&#8220;1707221316088-b8cb3b0e-94f7&#8243;][vc_column_text]Die hohe Belastbarkeit von \u00fcber 150 N\/mm2 ist sowohl f\u00fcr rotierende als auch f\u00fcr oszillierende Bewegungen geeignet. Lange Schmierintervalle, ausgezeichnete Best\u00e4ndigkeit bei hoher Belastung und niedriger Geschwindigkeit, gute Sto\u00dffestigkeit, gute Eigenschaften f\u00fcr den Einsatz in abrasiven und schmutzigen Umgebungen.<br \/>\nDie erste Schmierung ist bei der Montage erforderlich.[\/vc_column_text][\/vc_tta_section][vc_tta_section title=&#8220;Verwendung des Produkts&#8220; tab_id=&#8220;1707221406522-09af14eb-e926&#8243;][vc_column_text]- in Bergbaumaschinen<br \/>\n&#8211; Erdbewegungsmaschinen<br \/>\n&#8211; Automobile<br \/>\n&#8211; Traktoren<br \/>\n&#8211; Zugmaschinen<br \/>\n&#8211; Landmaschinen<br \/>\n&#8211; Kunststoffmaschinen<br \/>\n&#8211; Stahl[\/vc_column_text][\/vc_tta_section][\/vc_tta_accordion][\/vc_column][\/vc_row][vc_row][vc_column]<div class=\"mgt-header-block clearfix text-center text-white wpb_content_element  mgt-header-block-style-1 mgt-header-texttransform-header  vc_custom_1769504381768\"><h2 class=\"mgt-header-block-title\">B80 Abmessungen der zylindrischen Buchse<\/h2><\/div>[vc_empty_space height=&#8220;50px&#8220;][\/vc_column][\/vc_row][vc_row][vc_column width=&#8220;1\/4&#8243;][vc_single_image image=&#8220;4956&#8243; img_size=&#8220;full&#8220; css=&#8220;.vc_custom_1708415566991{padding-top: 80px !important;}&#8220;][vc_empty_space height=&#8220;50px&#8220;][\/vc_column][vc_column width=&#8220;3\/4&#8243;][vc_single_image image=&#8220;4738&#8243; img_size=&#8220;full&#8220;][vc_empty_space height=&#8220;50px&#8220;][\/vc_column][\/vc_row][vc_row][vc_column width=&#8220;1\/2&#8243;]<div class=\"mgt-header-block clearfix text-left text-black wpb_content_element  mgt-header-block-style-1 mgt-header-texttransform-header \"><h2 class=\"mgt-header-block-title\">ANFRAGE EINREICHEN<\/h2><p class=\"mgt-header-block-subtitle\">W\u00e4hlen Sie ein Produkt im Konfigurator aus, fordern Sie ein Angebot an oder geben Sie eine Bestellung auf.<\/p><\/div>[vc_empty_space][\/vc_column][vc_column width=&#8220;1\/2&#8243;][vc_empty_space height=&#8220;50px&#8220;][vc_btn title=&#8220;Zum Produktkonfigurator&#8220; style=&#8220;custom&#8220; custom_background=&#8220;#06847e&#8220; custom_text=&#8220;#ffffff&#8220; size=&#8220;lg&#8220; align=&#8220;center&#8220; link=&#8220;url:https%3A%2F%2Fwww.kajometal-products.com%2Fb80-steel-bushes|target:_blank&#8220;][\/vc_column][\/vc_row][vc_row][vc_column][vc_separator color=&#8220;custom&#8220; border_width=&#8220;2&#8243; accent_color=&#8220;#06847e&#8220;]<div class=\"mgt-header-block clearfix text-left text-black wpb_content_element  mgt-header-block-style-1 mgt-header-texttransform-header \"><h2 class=\"mgt-header-block-title\">Abmessungstabelle<\/h2><p class=\"mgt-header-block-subtitle\">Produktabmessungen zum Herunterladen.<\/p><\/div>[\/vc_column][\/vc_row][vc_row][vc_column][vc_empty_space][vc_column_text]<p style=\"padding-left:10px;\"><a class=\"s_pdf_download_link\" href=\"https:\/\/www.kajometal.eu\/wp-content\/uploads\/2024\/01\/TAB-B80_1-KAJOmetal-new.pdf\" download><button style=\"margin-bottom:10px;background-color:;\" class=\"ppv_download_bttn\">Download File<\/button><\/a><\/p>            <div class=\"ppv_wrapper ppv_container\" style=\"position: relative;width:100%; height:600px;\">\r\n                <iframe id=\"s_pdf_frame\" src=\"\/\/docs.google.com\/gview?embedded=true&#038;url=https:\/\/www.kajometal.eu\/wp-content\/uploads\/2024\/01\/TAB-B80_1-KAJOmetal-new.pdf\" style=\"float:left; padding:10px;width:100%; height:600px;\" frameborder=\"0\"><\/iframe>\r\n                            <\/div>\r\n            \r\n            [\/vc_column_text][vc_empty_space height=&#8220;50px&#8220;][\/vc_column][\/vc_row]<\/p>\n<\/section>","protected":false},"excerpt":{"rendered":"<p>[vc_row][vc_column][vc_empty_space][vc_column_text] TECHNISCHE DATEN &#8211; Statische Belastung: 250 MPa &#8211; Dynamische Belastung: 150 MPa &#8211; Zul\u00e4ssige Gleitgeschwindigkeit V mit Schmierung: 0,6 m\/s &#8211; Max. PV mit Schmierung : 1,2 MPa*m\/s &#8211;&#8230;<\/p>\n","protected":false},"author":1,"featured_media":0,"parent":0,"menu_order":0,"comment_status":"closed","ping_status":"closed","template":"","meta":{"footnotes":""},"class_list":["post-6175","page","type-page","status-publish","hentry"],"yoast_head":"<!-- This site is optimized with the Yoast SEO plugin v22.4 - https:\/\/yoast.com\/wordpress\/plugins\/seo\/ -->\n<title>B80 Stahl-Lagerbuchsen - KAJOmetal s.r.o.<\/title>\n<meta name=\"description\" content=\"Gleitlager aus geh\u00e4rtetem Stahl B80.\" \/>\n<meta name=\"robots\" content=\"index, follow, max-snippet:-1, max-image-preview:large, max-video-preview:-1\" \/>\n<link rel=\"canonical\" href=\"https:\/\/www.kajometal.eu\/de\/b80-stahl-lagerbuchsen\/\" \/>\n<meta property=\"og:locale\" content=\"de_DE\" \/>\n<meta property=\"og:type\" content=\"article\" \/>\n<meta property=\"og:title\" content=\"B80 Stahl-Lagerbuchsen - KAJOmetal s.r.o.\" \/>\n<meta property=\"og:description\" content=\"Gleitlager aus geh\u00e4rtetem Stahl B80.\" \/>\n<meta property=\"og:url\" content=\"https:\/\/www.kajometal.eu\/de\/b80-stahl-lagerbuchsen\/\" \/>\n<meta property=\"og:site_name\" content=\"KAJOmetal s.r.o.\" \/>\n<meta property=\"article:modified_time\" content=\"2026-03-09T12:49:05+00:00\" \/>\n<meta name=\"twitter:card\" content=\"summary_large_image\" \/>\n<meta name=\"twitter:label1\" content=\"Gesch\u00e4tzte Lesezeit\" \/>\n\t<meta name=\"twitter:data1\" content=\"2\u00a0Minuten\" \/>\n<script type=\"application\/ld+json\" class=\"yoast-schema-graph\">{\"@context\":\"https:\/\/schema.org\",\"@graph\":[{\"@type\":\"WebPage\",\"@id\":\"https:\/\/www.kajometal.eu\/de\/b80-stahl-lagerbuchsen\/\",\"url\":\"https:\/\/www.kajometal.eu\/de\/b80-stahl-lagerbuchsen\/\",\"name\":\"B80 Stahl-Lagerbuchsen - KAJOmetal s.r.o.\",\"isPartOf\":{\"@id\":\"https:\/\/www.kajometal.eu\/de\/#website\"},\"datePublished\":\"2024-01-18T11:24:49+00:00\",\"dateModified\":\"2026-03-09T12:49:05+00:00\",\"description\":\"Gleitlager aus geh\u00e4rtetem Stahl B80.\",\"breadcrumb\":{\"@id\":\"https:\/\/www.kajometal.eu\/de\/b80-stahl-lagerbuchsen\/#breadcrumb\"},\"inLanguage\":\"de\",\"potentialAction\":[{\"@type\":\"ReadAction\",\"target\":[\"https:\/\/www.kajometal.eu\/de\/b80-stahl-lagerbuchsen\/\"]}]},{\"@type\":\"BreadcrumbList\",\"@id\":\"https:\/\/www.kajometal.eu\/de\/b80-stahl-lagerbuchsen\/#breadcrumb\",\"itemListElement\":[{\"@type\":\"ListItem\",\"position\":1,\"name\":\"Domovsk\u00e1 str\u00e1nka\",\"item\":\"https:\/\/www.kajometal.eu\/de\/\"},{\"@type\":\"ListItem\",\"position\":2,\"name\":\"B80 Stahl-Lagerbuchsen\"}]},{\"@type\":\"WebSite\",\"@id\":\"https:\/\/www.kajometal.eu\/de\/#website\",\"url\":\"https:\/\/www.kajometal.eu\/de\/\",\"name\":\"KAJOmetal s.r.o.\",\"description\":\"V\u00fdroba klzn\u00fdch lo\u017e\u00edsk\",\"potentialAction\":[{\"@type\":\"SearchAction\",\"target\":{\"@type\":\"EntryPoint\",\"urlTemplate\":\"https:\/\/www.kajometal.eu\/de\/?s={search_term_string}\"},\"query-input\":\"required name=search_term_string\"}],\"inLanguage\":\"de\"}]}<\/script>\n<!-- \/ Yoast SEO plugin. -->","yoast_head_json":{"title":"B80 Stahl-Lagerbuchsen - KAJOmetal s.r.o.","description":"Gleitlager aus geh\u00e4rtetem Stahl B80.","robots":{"index":"index","follow":"follow","max-snippet":"max-snippet:-1","max-image-preview":"max-image-preview:large","max-video-preview":"max-video-preview:-1"},"canonical":"https:\/\/www.kajometal.eu\/de\/b80-stahl-lagerbuchsen\/","og_locale":"de_DE","og_type":"article","og_title":"B80 Stahl-Lagerbuchsen - KAJOmetal s.r.o.","og_description":"Gleitlager aus geh\u00e4rtetem Stahl B80.","og_url":"https:\/\/www.kajometal.eu\/de\/b80-stahl-lagerbuchsen\/","og_site_name":"KAJOmetal s.r.o.","article_modified_time":"2026-03-09T12:49:05+00:00","twitter_card":"summary_large_image","twitter_misc":{"Gesch\u00e4tzte Lesezeit":"2\u00a0Minuten"},"schema":{"@context":"https:\/\/schema.org","@graph":[{"@type":"WebPage","@id":"https:\/\/www.kajometal.eu\/de\/b80-stahl-lagerbuchsen\/","url":"https:\/\/www.kajometal.eu\/de\/b80-stahl-lagerbuchsen\/","name":"B80 Stahl-Lagerbuchsen - KAJOmetal s.r.o.","isPartOf":{"@id":"https:\/\/www.kajometal.eu\/de\/#website"},"datePublished":"2024-01-18T11:24:49+00:00","dateModified":"2026-03-09T12:49:05+00:00","description":"Gleitlager aus geh\u00e4rtetem Stahl B80.","breadcrumb":{"@id":"https:\/\/www.kajometal.eu\/de\/b80-stahl-lagerbuchsen\/#breadcrumb"},"inLanguage":"de","potentialAction":[{"@type":"ReadAction","target":["https:\/\/www.kajometal.eu\/de\/b80-stahl-lagerbuchsen\/"]}]},{"@type":"BreadcrumbList","@id":"https:\/\/www.kajometal.eu\/de\/b80-stahl-lagerbuchsen\/#breadcrumb","itemListElement":[{"@type":"ListItem","position":1,"name":"Domovsk\u00e1 str\u00e1nka","item":"https:\/\/www.kajometal.eu\/de\/"},{"@type":"ListItem","position":2,"name":"B80 Stahl-Lagerbuchsen"}]},{"@type":"WebSite","@id":"https:\/\/www.kajometal.eu\/de\/#website","url":"https:\/\/www.kajometal.eu\/de\/","name":"KAJOmetal s.r.o.","description":"V\u00fdroba klzn\u00fdch lo\u017e\u00edsk","potentialAction":[{"@type":"SearchAction","target":{"@type":"EntryPoint","urlTemplate":"https:\/\/www.kajometal.eu\/de\/?s={search_term_string}"},"query-input":"required name=search_term_string"}],"inLanguage":"de"}]}},"_links":{"self":[{"href":"https:\/\/www.kajometal.eu\/de\/wp-json\/wp\/v2\/pages\/6175","targetHints":{"allow":["GET"]}}],"collection":[{"href":"https:\/\/www.kajometal.eu\/de\/wp-json\/wp\/v2\/pages"}],"about":[{"href":"https:\/\/www.kajometal.eu\/de\/wp-json\/wp\/v2\/types\/page"}],"author":[{"embeddable":true,"href":"https:\/\/www.kajometal.eu\/de\/wp-json\/wp\/v2\/users\/1"}],"replies":[{"embeddable":true,"href":"https:\/\/www.kajometal.eu\/de\/wp-json\/wp\/v2\/comments?post=6175"}],"version-history":[{"count":8,"href":"https:\/\/www.kajometal.eu\/de\/wp-json\/wp\/v2\/pages\/6175\/revisions"}],"predecessor-version":[{"id":7316,"href":"https:\/\/www.kajometal.eu\/de\/wp-json\/wp\/v2\/pages\/6175\/revisions\/7316"}],"wp:attachment":[{"href":"https:\/\/www.kajometal.eu\/de\/wp-json\/wp\/v2\/media?parent=6175"}],"curies":[{"name":"wp","href":"https:\/\/api.w.org\/{rel}","templated":true}]}}